{"id":71,"date":"2023-11-14T13:42:22","date_gmt":"2023-11-14T13:42:22","guid":{"rendered":"http:\/\/schagerl.online\/product\/solarblech-edelstahl-200x370mm-08mm-inkl-dichtring\/"},"modified":"2026-03-18T16:44:52","modified_gmt":"2026-03-18T14:44:52","slug":"solarblech-edelstahl-200x370mm-08mm","status":"publish","type":"product","link":"https:\/\/solarblech.shop\/pl\/product\/solarblech-edelstahl-200x370mm-08mm\/","title":{"rendered":"Blacha solarna ze stali nierdzewnej 200x370mm 0,8mm \u0142\u0105cznie z pier\u015bcieniem uszczelniaj\u0105cym"},"content":{"rendered":"<h5>Specyfikacja blachy s\u0142onecznej ze stali nierdzewnej<\/h5>\n<p>Wysokiej jako\u015bci blacha fotowoltaiczna ze stali nierdzewnej do bezpiecznej instalacji fotowoltaicznej na dachach eternitowych, gontowych i \u0142upkowych. (Romb i wiele innych kszta\u0142t\u00f3w i wariant\u00f3w)<\/p>\n<p>Obowi\u0105zkowa dla nich <a href=\"https:\/\/lumensolar.at\/\" rel=\"nofollow noopener\" target=\"_blank\">Monta\u017c<\/a> instalacj\u0119 fotowoltaiczn\u0105 na dachu z eternitu i gontu w celu:<\/p>\n<div>\n<ul>\n<li>Aby prawid\u0142owo spu\u015bci\u0107 wod\u0119<\/li>\n<li>Aby roz\u0142o\u017cy\u0107 ci\u0119\u017car<\/li>\n<li>Pod\u0142\u0105cz prawid\u0142owo \u015brub\u0119 wieszaka<\/li>\n<li>Szczeg\u00f3lnie wytrzyma\u0142y, poniewa\u017c ma grubo\u015b\u0107 0,8 mm<\/li>\n<li>Stal nierdzewna (V2A)<\/li>\n<li>Mo\u017cliwo\u015b\u0107 malowania proszkowego na dowolny kolor<\/li>\n<li>Produkcja wy\u0142\u0105cznie w Austrii<\/li>\n<li>dost\u0119pny od zaraz<\/li>\n<\/ul>\n<\/div>\n<p class=\"font_9 wixui-rich-text__text\"><span class=\"wixui-rich-text__text\"><span class=\"color_15 wixui-rich-text__text\">Wymiary: 200\u00d7370mm; grubo\u015b\u0107 0,8 mm; \u015arednica otworu: 15,5 mm i wysoko\u015b\u0107 80 mm od do\u0142u.<br \/>\n<\/span><\/span><\/p>\n<p class=\"font_9 wixui-rich-text__text\"><span class=\"wixui-rich-text__text\"><span class=\"color_15 wixui-rich-text__text\">Uniwersalne zastosowanie do \u015brub wieszakowych 10 mm i 12 mm.<\/span><\/span><\/p>\n<p>Z ty\u0142u blachy znajduje si\u0119 uszczelka z gumy kom\u00f3rkowej EPDM o grubo\u015bci 3 mm. \u015arednica 30-50mm Plomba jest do\u0142\u0105czona do opakowania i nale\u017cy j\u0105 przyklei\u0107 samodzielnie. W przeciwnym razie uk\u0142adanie arkuszy w stosy spowodowa\u0142oby zmia\u017cd\u017cenie uszczelek.<\/p>\n<p>The <a href=\"https:\/\/solarblech.shop\/pl\/product\/stockschraube-m10-x-250-mm-edelstahl-vorkonfektioniert\/\">\u015aruby wieszakowe<\/a> nie s\u0105 uwzgl\u0119dnione i nale\u017cy je zakupi\u0107 osobno.<\/p>\n<p>Tutaj mo\u017cesz <a href=\"https:\/\/solarblech.shop\/wp-content\/uploads\/2023\/11\/Gebrauchsanleitung-und-Risikobeurteilung.pdf\">Instrukcje u\u017cytkowania i oceny ryzyka<\/a> odzyska\u0107.<\/p>\n<p>Podobne s\u0142owa kluczowe: plan \u0142upkowy Schletter, p\u0142yta zast\u0119pcza \u0142upka, p\u0142yta zast\u0119pcza \u0142upka metalowego, p\u0142ytka monta\u017cowa, p\u0142yta tylna<\/p>","protected":false},"excerpt":{"rendered":"<p>Spezifikation von Solarblech Edelstahl Hochwertiges Solarblech Edelstahl f\u00fcr sichere Photovoltaik-Montage auf Eternit, Schindel und Schieferd\u00e4chern.\u00a0(Rhombus und viele anderen Formen und Varianten) Ein Muss f\u00fcr die Montage einer Photovoltaik Anlage auf einem Eternit und Schindel Dach um: Das Wasser richtig abzuleiten Das Gewicht zu verteilen Die Stockschraube richtig anzubinden Besonders robust, weil 0,8 mm dick Rostfreier [&hellip;]<\/p>\n","protected":false},"featured_media":2905,"template":"","meta":[],"pwb-brand":[16],"product_brand":[],"product_cat":[52],"product_tag":[],"class_list":{"0":"post-71","1":"product","2":"type-product","3":"status-publish","4":"has-post-thumbnail","6":"pwb-brand-solarblech","7":"product_cat-solarbleche","9":"first","10":"instock","11":"taxable","12":"shipping-taxable","13":"purchasable","14":"product-type-simple"},"brands":[{"id":16,"name":"Arkusz s\u0142oneczny","slug":"solarblech"}],"_links":{"self":[{"href":"https:\/\/solarblech.shop\/pl\/wp-json\/wp\/v2\/product\/71","targetHints":{"allow":["GET"]}}],"collection":[{"href":"https:\/\/solarblech.shop\/pl\/wp-json\/wp\/v2\/product"}],"about":[{"href":"https:\/\/solarblech.shop\/pl\/wp-json\/wp\/v2\/types\/product"}],"wp:featuredmedia":[{"embeddable":true,"href":"https:\/\/solarblech.shop\/pl\/wp-json\/wp\/v2\/media\/2905"}],"wp:attachment":[{"href":"https:\/\/solarblech.shop\/pl\/wp-json\/wp\/v2\/media?parent=71"}],"wp:term":[{"taxonomy":"pwb-brand","embeddable":true,"href":"https:\/\/solarblech.shop\/pl\/wp-json\/wp\/v2\/pwb-brand?post=71"},{"taxonomy":"product_brand","embeddable":true,"href":"https:\/\/solarblech.shop\/pl\/wp-json\/wp\/v2\/product_brand?post=71"},{"taxonomy":"product_cat","embeddable":true,"href":"https:\/\/solarblech.shop\/pl\/wp-json\/wp\/v2\/product_cat?post=71"},{"taxonomy":"product_tag","embeddable":true,"href":"https:\/\/solarblech.shop\/pl\/wp-json\/wp\/v2\/product_tag?post=71"}],"curies":[{"name":"wp","href":"https:\/\/api.w.org\/{rel}","templated":true}]}}