{"id":69,"date":"2023-11-14T13:42:22","date_gmt":"2023-11-14T13:42:22","guid":{"rendered":"http:\/\/schagerl.online\/product\/kabeleinfuhrung-ip65-flanschgehause-mit-tulleneinsatz\/"},"modified":"2026-04-08T08:01:02","modified_gmt":"2026-04-08T06:01:02","slug":"kabeleinfuehrung-ip65-flanschgehaeuse","status":"publish","type":"product","link":"https:\/\/solarblech.shop\/pl\/product\/kabeleinfuehrung-ip65-flanschgehaeuse\/","title":{"rendered":"Wej\u015bcie kablowe \u2013 obudowa ko\u0142nierzowa IP65 z wk\u0142adk\u0105 przelotow\u0105"},"content":{"rendered":"<h5>Specyfikacja wej\u015bcia kabla<\/h5>\n<p>Obudowa ko\u0142nierzowa z wprowadzeniem kabla zgodnie ze standardem IP65 na blasze ze stali nierdzewnej o grubo\u015bci 0,8 mm 200 \u00d7 370 mm.<\/p>\n<p>Po bokach znajduj\u0105 si\u0119 \u0142\u0105cznie 4 ma\u0142e otwory o \u015brednicy 4 mm, kt\u00f3re umo\u017cliwiaj\u0105 nity umo\u017cliwiaj\u0105ce bezpo\u015brednie przymocowanie do pokrycia dachowego.<\/p>\n<p>W zestawie:<\/p>\n<ul>\n<li><a href=\"https:\/\/solarblech.shop\/pl\/product\/solarblech-edelstahl-200x370mm-08mm\/\">Arkusz stali nierdzewnej<\/a> 200 \u00d7 370 x 0,8 mm z pasuj\u0105cymi wyci\u0119ciami na \u015bruby i tuleje.<\/li>\n<li>Obudowa ko\u0142nierzowa 90\u00b0 o stopniu ochrony IP65<\/li>\n<li>Einsatz entweder:\n<ul>\n<li>3x wk\u0142adki dyszowe do w\u0119\u017cy 20, 25 i 32 mm<\/li>\n<li>je 3 St\u00fcck T\u00fcllen Klemmbereich 4-7mm und 3 T\u00fcllen Klemmbereich 8-11mm<\/li>\n<\/ul>\n<\/li>\n<li>4 sztuki nit\u00f3w 4 x 16 mm<\/li>\n<li>\u015aruby i nakr\u0119tki ze stali nierdzewnej do mocowania ko\u0142nierza <a href=\"https:\/\/www.aundu.at\/\" rel=\"nofollow noopener\" target=\"_blank\">mieszkania<\/a> na blasze ze stali nierdzewnej (jest ju\u017c zmontowana)<\/li>\n<li>Uszczelka z gumy kom\u00f3rkowej EPDM na spodzie.<\/li>\n<\/ul>\n<p>W\u0142a\u015bciwo\u015bci: odporny na promieniowanie UV, bez silikonu, bez halogen\u00f3w, odporny na wibracje.<\/p>\n<p>&nbsp;<\/p>\n<p>&nbsp;<\/p>","protected":false},"excerpt":{"rendered":"<p>Spezifikation von Kabeleinf\u00fchrung Flanschgeh\u00e4use mit Kabeleinf\u00fchrung nach IP65 Standard auf einem 0,8 mm Edelstahl Blech 200 \u00d7 370 mm. An den Seiten sind insgesamt 4 kleine 4 mm L\u00f6cher f\u00fcr Nieten zum Befestigen auf der Dacheindeckung direkt. Im Set enthalten: Edelstahlblech 200 \u00d7 370 x 0,8 mm mit passenden Aussparungen f\u00fcr Schrauben und Durchf\u00fchrung. 90\u00b0 [&hellip;]<\/p>\n","protected":false},"featured_media":280,"template":"","meta":[],"pwb-brand":[],"product_brand":[],"product_cat":[49],"product_tag":[80],"class_list":{"0":"post-69","1":"product","2":"type-product","3":"status-publish","4":"has-post-thumbnail","6":"product_cat-kabeleinfuehrungen-und-flansche","7":"product_tag-kabeleinfuehrung","9":"first","10":"instock","11":"taxable","12":"shipping-taxable","13":"purchasable","14":"product-type-variable"},"brands":[],"_links":{"self":[{"href":"https:\/\/solarblech.shop\/pl\/wp-json\/wp\/v2\/product\/69","targetHints":{"allow":["GET"]}}],"collection":[{"href":"https:\/\/solarblech.shop\/pl\/wp-json\/wp\/v2\/product"}],"about":[{"href":"https:\/\/solarblech.shop\/pl\/wp-json\/wp\/v2\/types\/product"}],"wp:featuredmedia":[{"embeddable":true,"href":"https:\/\/solarblech.shop\/pl\/wp-json\/wp\/v2\/media\/280"}],"wp:attachment":[{"href":"https:\/\/solarblech.shop\/pl\/wp-json\/wp\/v2\/media?parent=69"}],"wp:term":[{"taxonomy":"pwb-brand","embeddable":true,"href":"https:\/\/solarblech.shop\/pl\/wp-json\/wp\/v2\/pwb-brand?post=69"},{"taxonomy":"product_brand","embeddable":true,"href":"https:\/\/solarblech.shop\/pl\/wp-json\/wp\/v2\/product_brand?post=69"},{"taxonomy":"product_cat","embeddable":true,"href":"https:\/\/solarblech.shop\/pl\/wp-json\/wp\/v2\/product_cat?post=69"},{"taxonomy":"product_tag","embeddable":true,"href":"https:\/\/solarblech.shop\/pl\/wp-json\/wp\/v2\/product_tag?post=69"}],"curies":[{"name":"wp","href":"https:\/\/api.w.org\/{rel}","templated":true}]}}