{"id":68,"date":"2023-11-14T13:42:22","date_gmt":"2023-11-14T13:42:22","guid":{"rendered":"http:\/\/schagerl.online\/product\/flanschgehause-ip65-inkl-dichtung-und-tullen-in-grose-20-25-und-32mm\/"},"modified":"2025-04-15T20:01:30","modified_gmt":"2025-04-15T18:01:30","slug":"flanschgehaeuse-ip65-inkl-dichtung","status":"publish","type":"product","link":"https:\/\/solarblech.shop\/pl\/product\/flanschgehaeuse-ip65-inkl-dichtung\/","title":{"rendered":"Obudowa ko\u0142nierzowa IP65 z uszczelk\u0105 i przelotkami w rozmiarach 20, 25 i 32 mm"},"content":{"rendered":"<h5>Obudowa ko\u0142nierzowa o stopniu ochrony IP65.<\/h5>\n<p>W zestawie:<\/p>\n<ul>\n<li>Ko\u0142nierz 90\u00b0 z zabezpieczeniem IP65<\/li>\n<li>3x wk\u0142adki dyszowe do w\u0119\u017cy 20, 25 i 32 mm<\/li>\n<li>\u015aruby i nakr\u0119tki ze stali nierdzewnej do mocowania ko\u0142nierza do blachy<\/li>\n<li>Uszczelka EPDM na spodzie.<\/li>\n<\/ul>\n<p>W\u0142a\u015bciwo\u015bci: odporny na promieniowanie UV, bez silikonu, bez halogen\u00f3w, odporny na wibracje.<\/p>\n<ul>\n<li>\u015arednica dysz: 20, 25 i 32 mm<\/li>\n<li>D\u0142ugo\u015b\u0107: 79,8 mm<\/li>\n<li>Szeroko\u015b\u0107: 80mm<\/li>\n<li>Wysoko\u015b\u0107: 57,5 mm<\/li>\n<li><a href=\"https:\/\/www.aundu.at\/\" rel=\"nofollow noopener\" target=\"_blank\">Wysoko\u015b\u0107 monta\u017cu<\/a>: 57,5 mm<\/li>\n<li>Liczba otwor\u00f3w na \u015bruby: 4<\/li>\n<li>\u015arednica otworu na \u015brub\u0119: 5,5 mm<\/li>\n<li>Materia\u0142 \u015brub: <a href=\"https:\/\/solarblech.shop\/pl\/product\/solarblech-edelstahl-200x370mm-08mm\/\">Stal nierdzewna<\/a>, V2A<\/li>\n<\/ul>","protected":false},"excerpt":{"rendered":"<p>Flanschgeh\u00e4use der Schutzarzt IP65. Im Set enthalten: 90\u00b0 Flanschgehause der Schutzarzt IP65 3x T\u00fclleneinsatz f\u00fcr 20, 25 und 32 mm Schl\u00e4uche Edelstahlschrauben und Muttern zum Befestigen des Flansch auf Blechen EPDM Dichtung an der Unterseite. Eigenschaften: UV-Best\u00e4ndig, silikonfrei, halogenfrei, Vibrationssicher. Durchmesser T\u00fcllen: 20, 25 und 32 mm L\u00e4nge: 79,8 mm Breite: 80 mm H\u00f6he: 57,5 [&hellip;]<\/p>\n","protected":false},"featured_media":829,"template":"","meta":[],"pwb-brand":[],"product_brand":[],"product_cat":[49],"product_tag":[],"class_list":{"0":"post-68","1":"product","2":"type-product","3":"status-publish","4":"has-post-thumbnail","6":"product_cat-kabeleinfuehrungen-und-flansche","8":"first","9":"instock","10":"taxable","11":"shipping-taxable","12":"purchasable","13":"product-type-simple"},"brands":[],"_links":{"self":[{"href":"https:\/\/solarblech.shop\/pl\/wp-json\/wp\/v2\/product\/68","targetHints":{"allow":["GET"]}}],"collection":[{"href":"https:\/\/solarblech.shop\/pl\/wp-json\/wp\/v2\/product"}],"about":[{"href":"https:\/\/solarblech.shop\/pl\/wp-json\/wp\/v2\/types\/product"}],"wp:featuredmedia":[{"embeddable":true,"href":"https:\/\/solarblech.shop\/pl\/wp-json\/wp\/v2\/media\/829"}],"wp:attachment":[{"href":"https:\/\/solarblech.shop\/pl\/wp-json\/wp\/v2\/media?parent=68"}],"wp:term":[{"taxonomy":"pwb-brand","embeddable":true,"href":"https:\/\/solarblech.shop\/pl\/wp-json\/wp\/v2\/pwb-brand?post=68"},{"taxonomy":"product_brand","embeddable":true,"href":"https:\/\/solarblech.shop\/pl\/wp-json\/wp\/v2\/product_brand?post=68"},{"taxonomy":"product_cat","embeddable":true,"href":"https:\/\/solarblech.shop\/pl\/wp-json\/wp\/v2\/product_cat?post=68"},{"taxonomy":"product_tag","embeddable":true,"href":"https:\/\/solarblech.shop\/pl\/wp-json\/wp\/v2\/product_tag?post=68"}],"curies":[{"name":"wp","href":"https:\/\/api.w.org\/{rel}","templated":true}]}}