{"id":66,"date":"2023-11-14T13:42:22","date_gmt":"2023-11-14T13:42:22","guid":{"rendered":"http:\/\/schagerl.online\/product\/solarblech-sondermas-200x590mm-08mm-inkl-dichtring-v2a\/"},"modified":"2026-03-03T12:25:56","modified_gmt":"2026-03-03T10:25:56","slug":"solarblech-sondermass-590-x-200-mm","status":"publish","type":"product","link":"https:\/\/solarblech.shop\/pl\/product\/solarblech-sondermass-590-x-200-mm\/","title":{"rendered":"Specjalny arkusz solarny o wymiarach 590 x 200 mm z pier\u015bcieniem uszczelniaj\u0105cym"},"content":{"rendered":"<h5>Specjalny rozmiar arkusza fotowoltaicznego 590 x 200 mm do du\u017cych paneli<\/h5>\n<p>Obowi\u0105zkowa dla nich <a href=\"http:\/\/www.esz.at\/\" rel=\"nofollow noopener\" target=\"_blank\">Monta\u017c<\/a> instalacj\u0119 fotowoltaiczn\u0105 na dachu z eternitu i gontu w celu:<\/p>\n<div>\n<div>\n<div>\n<ul>\n<li>Zapobiegaj p\u0119kaniu paneli dachowych<\/li>\n<li>Aby prawid\u0142owo spu\u015bci\u0107 wod\u0119<\/li>\n<li>Aby roz\u0142o\u017cy\u0107 ci\u0119\u017car<\/li>\n<li>Pod\u0142\u0105cz prawid\u0142owo \u015brub\u0119 wieszaka<\/li>\n<li>Szczeg\u00f3lnie wytrzyma\u0142y, poniewa\u017c ma grubo\u015b\u0107 0,8 mm<\/li>\n<li>Nierdzewny <a href=\"https:\/\/solarblech.shop\/pl\/product\/alu-solarblech-200x370mm\/\">Stal nierdzewna<\/a> (V2A)<\/li>\n<li>Mo\u017cliwo\u015b\u0107 malowania proszkowego na dowolny kolor<\/li>\n<li>Produkcja wy\u0142\u0105cznie w Austrii<\/li>\n<li>dost\u0119pny od zaraz<\/li>\n<\/ul>\n<\/div>\n<\/div>\n<\/div>\n<p>Z ty\u0142u blachy znajduje si\u0119 uszczelka z gumy kom\u00f3rkowej EPDM o grubo\u015bci 3 mm. \u015arednica 30-50mm Plomba jest do\u0142\u0105czona do opakowania i nale\u017cy j\u0105 przyklei\u0107 samodzielnie. W przeciwnym razie uk\u0142adanie arkuszy w stosy spowodowa\u0142oby zmia\u017cd\u017cenie uszczelek.<\/p>\n<p>\u015aruby wieszakowe nie s\u0105 cz\u0119\u015bci\u0105 zestawu i nale\u017cy je zakupi\u0107 osobno.<\/p>","protected":false},"excerpt":{"rendered":"<p>Solarblech Sonderma\u00df 590 x 200 mm f\u00fcr gro\u00dfe Platten Ein Muss f\u00fcr die Montage einer Photovoltaik Anlage auf einem Eternit und Schindel Dach um: Ein Brechen der Dachplatten verhindern Das Wasser richtig abzuleiten Das Gewicht zu verteilen Die Stockschraube richtig anzubinden Besonders robust, weil 0,8 mm dick Rostfreier Edelstahl (V2A) Pulverbeschichtung in allen Farben m\u00f6glich [&hellip;]<\/p>\n","protected":false},"featured_media":987,"template":"","meta":[],"pwb-brand":[16],"product_brand":[],"product_cat":[52],"product_tag":[],"class_list":{"0":"post-66","1":"product","2":"type-product","3":"status-publish","4":"has-post-thumbnail","6":"pwb-brand-solarblech","7":"product_cat-solarbleche","9":"first","10":"instock","11":"taxable","12":"shipping-taxable","13":"purchasable","14":"product-type-variable","15":"has-default-attributes"},"brands":[{"id":16,"name":"Arkusz s\u0142oneczny","slug":"solarblech"}],"_links":{"self":[{"href":"https:\/\/solarblech.shop\/pl\/wp-json\/wp\/v2\/product\/66","targetHints":{"allow":["GET"]}}],"collection":[{"href":"https:\/\/solarblech.shop\/pl\/wp-json\/wp\/v2\/product"}],"about":[{"href":"https:\/\/solarblech.shop\/pl\/wp-json\/wp\/v2\/types\/product"}],"wp:featuredmedia":[{"embeddable":true,"href":"https:\/\/solarblech.shop\/pl\/wp-json\/wp\/v2\/media\/987"}],"wp:attachment":[{"href":"https:\/\/solarblech.shop\/pl\/wp-json\/wp\/v2\/media?parent=66"}],"wp:term":[{"taxonomy":"pwb-brand","embeddable":true,"href":"https:\/\/solarblech.shop\/pl\/wp-json\/wp\/v2\/pwb-brand?post=66"},{"taxonomy":"product_brand","embeddable":true,"href":"https:\/\/solarblech.shop\/pl\/wp-json\/wp\/v2\/product_brand?post=66"},{"taxonomy":"product_cat","embeddable":true,"href":"https:\/\/solarblech.shop\/pl\/wp-json\/wp\/v2\/product_cat?post=66"},{"taxonomy":"product_tag","embeddable":true,"href":"https:\/\/solarblech.shop\/pl\/wp-json\/wp\/v2\/product_tag?post=66"}],"curies":[{"name":"wp","href":"https:\/\/api.w.org\/{rel}","templated":true}]}}