{"id":64,"date":"2023-11-14T13:42:22","date_gmt":"2023-11-14T13:42:22","guid":{"rendered":"http:\/\/schagerl.online\/product\/richtiger-umgang-mit-asbest-auva-merkblatt\/"},"modified":"2026-04-15T14:16:32","modified_gmt":"2026-04-15T12:16:32","slug":"richtiger-umgang-mit-asbest-auva-merkblatt","status":"publish","type":"product","link":"https:\/\/solarblech.shop\/pl\/product\/richtiger-umgang-mit-asbest-auva-merkblatt\/","title":{"rendered":"Prawid\u0142owe post\u0119powanie z azbestem \u2013 ulotka AUVA"},"content":{"rendered":"<p>Merkblatt der AUVA f\u00fcr Richtiger Umgang mit Asbest<\/p>\n<p>&nbsp;<\/p>\n<p>Wdychanie w\u0142\u00f3kien azbestu powoduje powa\u017cne choroby dr\u00f3g oddechowych i p\u0142uc. Problemy zdrowotne pojawiaj\u0105 si\u0119 dopiero po latach (dziesi\u0105tkach lat) i s\u0105 trudne do wyleczenia. Materia\u0142y budowlane zawieraj\u0105ce azbest, kt\u00f3re s\u0105 zakazane od 1990 roku, zagra\u017caj\u0105 zdrowiu pracownik\u00f3w budowlanych i mieszka\u0144c\u00f3w - podczas rozbi\u00f3rki nadal wymagane s\u0105 \u015brodki ochronne.<\/p>\n<p>&nbsp;<\/p>\n<p>Achtung: Regelungen gelten f\u00fcr \u00d6sterreich!<\/p>\n<p>&nbsp;<\/p>\n<p>&nbsp;<\/p>","protected":false},"excerpt":{"rendered":"<p>Merkblatt der AUVA f\u00fcr Richtiger Umgang mit Asbest &nbsp; Asbestfasern f\u00fchren nach dem Einatmen zu schweren Erkrankungen der Atemwege und Lungen. Die Gesundheitsst\u00f6rungen treten erst nach Jahr(zehnt)en auf, und sind kaum behandelbar. Die seit 1990 verbotenen asbesth\u00e4ltigen Baumaterialien gef\u00e4hrdeten die Gesundheit von Bauarbeitern und auch Hausbewohnern &#8211; beim Abbruch sind auch weiterhin Schutzma\u00dfnahmen erforderlich. &nbsp; [&hellip;]<\/p>\n","protected":false},"featured_media":325,"template":"","meta":[],"pwb-brand":[],"product_brand":[],"product_cat":[15],"product_tag":[],"class_list":{"0":"post-64","1":"product","2":"type-product","3":"status-publish","4":"has-post-thumbnail","6":"product_cat-uncategorized","8":"first","9":"instock","10":"sold-individually","11":"taxable","12":"shipping-taxable","13":"product-type-external"},"brands":[],"_links":{"self":[{"href":"https:\/\/solarblech.shop\/pl\/wp-json\/wp\/v2\/product\/64","targetHints":{"allow":["GET"]}}],"collection":[{"href":"https:\/\/solarblech.shop\/pl\/wp-json\/wp\/v2\/product"}],"about":[{"href":"https:\/\/solarblech.shop\/pl\/wp-json\/wp\/v2\/types\/product"}],"wp:featuredmedia":[{"embeddable":true,"href":"https:\/\/solarblech.shop\/pl\/wp-json\/wp\/v2\/media\/325"}],"wp:attachment":[{"href":"https:\/\/solarblech.shop\/pl\/wp-json\/wp\/v2\/media?parent=64"}],"wp:term":[{"taxonomy":"pwb-brand","embeddable":true,"href":"https:\/\/solarblech.shop\/pl\/wp-json\/wp\/v2\/pwb-brand?post=64"},{"taxonomy":"product_brand","embeddable":true,"href":"https:\/\/solarblech.shop\/pl\/wp-json\/wp\/v2\/product_brand?post=64"},{"taxonomy":"product_cat","embeddable":true,"href":"https:\/\/solarblech.shop\/pl\/wp-json\/wp\/v2\/product_cat?post=64"},{"taxonomy":"product_tag","embeddable":true,"href":"https:\/\/solarblech.shop\/pl\/wp-json\/wp\/v2\/product_tag?post=64"}],"curies":[{"name":"wp","href":"https:\/\/api.w.org\/{rel}","templated":true}]}}