{"id":61,"date":"2023-11-14T13:42:21","date_gmt":"2023-11-14T13:42:21","guid":{"rendered":"http:\/\/schagerl.online\/product\/flick-nageleisen\/"},"modified":"2026-01-16T10:49:26","modified_gmt":"2026-01-16T08:49:26","slug":"flick-nageleisen","status":"publish","type":"product","link":"https:\/\/solarblech.shop\/pl\/product\/flick-nageleisen\/","title":{"rendered":"Flick Nageleisen 500 mm"},"content":{"rendered":"<h5>Flick Nail Iron 500 mm Flick Iron Gwo\u017adzie do \u015bci\u0105gania gwo\u017adzi do \u0142upk\u00f3w dachowych<\/h5>\n<p>Optymalna d\u0142ugo\u015b\u0107 odpowiednia do wszystkich pokry\u0107 dachowych.<\/p>\n<p>D\u0142ugo\u015b\u0107 robocza: ok. 500 mm<\/p>\n<p>D\u0142ugo\u015b\u0107 ca\u0142kowita: ok. 650 mm.<\/p>\n<p>Wyprodukowano w Austrii<\/p>\n<p>Gwo\u017adziarka idealnie nadaje si\u0119 do naprawy pojedynczych p\u0142ytek eternitowych lub \u0142upkowych.<\/p>\n<p>R\u00f3wnie\u017c do cienkich i wra\u017cliwych \u0142upk\u00f3w.<\/p>\n<p>Wykonane ze szczeg\u00f3lnie wytrzyma\u0142ej, bardzo elastycznej stali specjalnej.<\/p>","protected":false},"excerpt":{"rendered":"<p>Flick Nageleisen 500 mm Flickeisen Dachdecker Schiefer-Nagelzieher N\u00e4gel Optimale L\u00e4nge f\u00fcr alle Dacheindeckungen geeignet. Arbeitsl\u00e4nge: ca. 500 mm Gesamtl\u00e4nge: ca. 650 mm. Hergestellt in \u00d6sterreich Das Nageleisen ist hervorragend zum Ausbessern einzelner Eternit- oder Schieferplatten geeignet. Auch f\u00fcr d\u00fcnnen und empfindlichen Schiefer. Aus besonders belastbarem, hochflexiblem Spezialstahl gefertigt.<\/p>","protected":false},"featured_media":292,"template":"","meta":[],"pwb-brand":[],"product_brand":[],"product_cat":[51],"product_tag":[],"class_list":{"0":"post-61","1":"product","2":"type-product","3":"status-publish","4":"has-post-thumbnail","6":"product_cat-montagehilfe-und-bohrer","8":"first","9":"instock","10":"taxable","11":"shipping-taxable","12":"purchasable","13":"product-type-simple"},"brands":[],"_links":{"self":[{"href":"https:\/\/solarblech.shop\/pl\/wp-json\/wp\/v2\/product\/61","targetHints":{"allow":["GET"]}}],"collection":[{"href":"https:\/\/solarblech.shop\/pl\/wp-json\/wp\/v2\/product"}],"about":[{"href":"https:\/\/solarblech.shop\/pl\/wp-json\/wp\/v2\/types\/product"}],"wp:featuredmedia":[{"embeddable":true,"href":"https:\/\/solarblech.shop\/pl\/wp-json\/wp\/v2\/media\/292"}],"wp:attachment":[{"href":"https:\/\/solarblech.shop\/pl\/wp-json\/wp\/v2\/media?parent=61"}],"wp:term":[{"taxonomy":"pwb-brand","embeddable":true,"href":"https:\/\/solarblech.shop\/pl\/wp-json\/wp\/v2\/pwb-brand?post=61"},{"taxonomy":"product_brand","embeddable":true,"href":"https:\/\/solarblech.shop\/pl\/wp-json\/wp\/v2\/product_brand?post=61"},{"taxonomy":"product_cat","embeddable":true,"href":"https:\/\/solarblech.shop\/pl\/wp-json\/wp\/v2\/product_cat?post=61"},{"taxonomy":"product_tag","embeddable":true,"href":"https:\/\/solarblech.shop\/pl\/wp-json\/wp\/v2\/product_tag?post=61"}],"curies":[{"name":"wp","href":"https:\/\/api.w.org\/{rel}","templated":true}]}}