{"id":60,"date":"2023-11-14T13:42:21","date_gmt":"2023-11-14T13:42:21","guid":{"rendered":"http:\/\/schagerl.online\/product\/flanschgehause-3-fach-ip65-inkl-tullen-und-dichtung\/"},"modified":"2025-10-03T09:14:21","modified_gmt":"2025-10-03T07:14:21","slug":"flanschgehaeuse-3-fach-ip65-inkl","status":"publish","type":"product","link":"https:\/\/solarblech.shop\/pl\/product\/flanschgehaeuse-3-fach-ip65-inkl\/","title":{"rendered":"Obudowa ko\u0142nierzowa 3-krotna IP65, \u0142\u0105cznie z przelotkami i uszczelk\u0105"},"content":{"rendered":"<h5>Dzielona obudowa ko\u0142nierzowa do 90\u00b0 <a href=\"https:\/\/solarblech.shop\/pl\/product\/kabeleinfuehrung-ip65-flanschgehaeuse\/\">Wej\u015bcie kablowe<\/a> kabli z wtyczkami \/IP65<\/h5>\n<p>Wszechstronna obudowa z 3-krotnym ko\u0142nierzem o stopniu ochrony IP65, w komplecie z przelotkami i uszczelk\u0105. Idealny do bezpiecznego stosowania w wymagaj\u0105cych \u015brodowiskach. Odkryj ju\u017c teraz niezawodne rozwi\u0105zanie spe\u0142niaj\u0105ce Twoje indywidualne wymagania w zakresie solidnych i chronionych obud\u00f3w komponent\u00f3w elektronicznych.<\/p>\n<p>W zestawie:<\/p>\n<ul>\n<li>3-krotna obudowa ko\u0142nierzowa<\/li>\n<li>zintegrowana uszczelka<\/li>\n<li>3 przelotki (zakres mocowania 4-7mm)<\/li>\n<li>3 przelotki (zakres mocowania 8-11mm)<\/li>\n<\/ul>\n<p>Dzi\u0119ki wysoko\u015bci monta\u017cowej wynosz\u0105cej zaledwie 38 mm t\u0119 obudow\u0119 ko\u0142nierzow\u0105 mo\u017cna zamontowa\u0107 na wi\u0119kszo\u015bci dach\u00f3w <a href=\"http:\/\/www.esz.at\/\" rel=\"nofollow noopener\" target=\"_blank\">u\u017cywa\u0107.<\/a><\/p>\n<p>Aby pokry\u0107 zakres mocowania 4\u201311 mm, w zestawie znajduje si\u0119 \u0142\u0105cznie 6 przelotek. Oznacza to, \u017ce kable solarne od 4 mm\u00b2 (5,25 mm) do kabli uziemiaj\u0105cych o przekroju 16 mm\u00b2 (9,9 mm) mo\u017cna bez problemu mocno zacisn\u0105\u0107.<\/p>\n<ul>\n<li style=\"list-style-type: none;\">\n<ul>\n<li>D\u0142ugo\u015b\u0107: 100 mm<\/li>\n<li>Szeroko\u015b\u0107: 53mm<\/li>\n<li>Wysoko\u015b\u0107: 38mm<\/li>\n<li>Wysoko\u015b\u0107 monta\u017cu: 38 mm<\/li>\n<\/ul>\n<\/li>\n<\/ul>","protected":false},"excerpt":{"rendered":"<p>Teilbares Flanschgeh\u00e4use zur 90\u00b0 Kabeleinf\u00fchrung von Leitungen mit Steckern \/ IP65 Vielseitiges 3-fach Flanschgeh\u00e4use mit IP65 Schutzklasse, komplett inklusive T\u00fcllen und Dichtung. Perfekt f\u00fcr den sicheren Einsatz in anspruchsvollen Umgebungen. Entdecken Sie jetzt eine zuverl\u00e4ssige L\u00f6sung f\u00fcr Ihre individuellen Anforderungen an robuste und gesch\u00fctzte Geh\u00e4use f\u00fcr elektronische Komponenten. Im Set dabei: 3-fach Flanschgeh\u00e4use integrierte Dichtung [&hellip;]<\/p>\n","protected":false},"featured_media":318,"template":"","meta":[],"pwb-brand":[],"product_brand":[],"product_cat":[49],"product_tag":[],"class_list":{"0":"post-60","1":"product","2":"type-product","3":"status-publish","4":"has-post-thumbnail","6":"product_cat-kabeleinfuehrungen-und-flansche","8":"first","9":"instock","10":"taxable","11":"shipping-taxable","12":"purchasable","13":"product-type-simple"},"brands":[],"_links":{"self":[{"href":"https:\/\/solarblech.shop\/pl\/wp-json\/wp\/v2\/product\/60","targetHints":{"allow":["GET"]}}],"collection":[{"href":"https:\/\/solarblech.shop\/pl\/wp-json\/wp\/v2\/product"}],"about":[{"href":"https:\/\/solarblech.shop\/pl\/wp-json\/wp\/v2\/types\/product"}],"wp:featuredmedia":[{"embeddable":true,"href":"https:\/\/solarblech.shop\/pl\/wp-json\/wp\/v2\/media\/318"}],"wp:attachment":[{"href":"https:\/\/solarblech.shop\/pl\/wp-json\/wp\/v2\/media?parent=60"}],"wp:term":[{"taxonomy":"pwb-brand","embeddable":true,"href":"https:\/\/solarblech.shop\/pl\/wp-json\/wp\/v2\/pwb-brand?post=60"},{"taxonomy":"product_brand","embeddable":true,"href":"https:\/\/solarblech.shop\/pl\/wp-json\/wp\/v2\/product_brand?post=60"},{"taxonomy":"product_cat","embeddable":true,"href":"https:\/\/solarblech.shop\/pl\/wp-json\/wp\/v2\/product_cat?post=60"},{"taxonomy":"product_tag","embeddable":true,"href":"https:\/\/solarblech.shop\/pl\/wp-json\/wp\/v2\/product_tag?post=60"}],"curies":[{"name":"wp","href":"https:\/\/api.w.org\/{rel}","templated":true}]}}