{"id":55,"date":"2023-11-14T13:42:21","date_gmt":"2023-11-14T13:42:21","guid":{"rendered":"http:\/\/schagerl.online\/product\/stockschraube-m12-edelstahl-vorkonfektioniert\/"},"modified":"2026-04-04T18:27:19","modified_gmt":"2026-04-04T16:27:19","slug":"stockschrauben-m12-edelstahl","status":"publish","type":"product","link":"https:\/\/solarblech.shop\/pl\/product\/stockschrauben-m12-edelstahl\/","title":{"rendered":"\u015aruby wieszakowe M12, wst\u0119pnie zmontowana stal nierdzewna"},"content":{"rendered":"<h5>\u015aruby wieszakowe M12<\/h5>\n<div><\/div>\n<div>Z zewn\u0119trznym sze\u015bciok\u0105tem, stal nierdzewna<\/div>\n<p>W zestawie 3 x nakr\u0119tka M12 i uszczelka EPDM.<\/p>\n<p>Wyprodukowane w Niemczech<\/p>\n<div>\n<p>Dla <a href=\"https:\/\/www.aundu.at\/\" rel=\"nofollow noopener\" target=\"_blank\">Monta\u017c<\/a> W przypadku \u015bruby wieszakowej zalecam nast\u0119puj\u0105c\u0105 procedur\u0119:<\/p>\n<ul>\n<li>Wkr\u0119t wieszakowy M12, nawiercenie wst\u0119pne w drewnie \u00d8 8,5 mm<\/li>\n<\/ul>\n<p>\u015aruba wieszakowa musi by\u0107 zawsze montowana prostopadle do po\u0142aci dachu.<\/p>\n<ul>\n<li style=\"list-style-type: none;\">\n<ul>\n<li>\u015arednica nominalna: 12mm<\/li>\n<li>Wersja: Wst\u0119pnie zmontowana, 1 x uszczelka EPDM, 3 x nakr\u0119tka zabezpieczaj\u0105ca,\u00a0<a href=\"https:\/\/solarblech.shop\/pl\/product\/solarblech-edelstahl-200x370mm-08mm\/\">Stal nierdzewna<\/a> A2<\/li>\n<\/ul>\n<\/li>\n<\/ul>\n<\/div>","protected":false},"excerpt":{"rendered":"<p>Stockschrauben M12 Mit Au\u00dfensechskant, Edelstahl Im Set 3 \u00d7 Mutter M12 und Dichtung EPDM. Hergestellt in Deutschland F\u00fcr die Montage der Stockschraube empfehle ich folgende Vorgehensweise: Stockschraube M12, Vorbohren in Holz \u00d8 8.5 mm Die Montage der Stockschraube ist immer in senkrechter Ausrichtung zur Dachneigung vorzunehmen. Nenndurchmesser: 12 mm Ausf\u00fchrung: Vorkonfektioniert,\u00a01 x EPDM-Dichtung, 3 x [&hellip;]<\/p>\n","protected":false},"featured_media":870,"template":"","meta":[],"pwb-brand":[],"product_brand":[],"product_cat":[50],"product_tag":[],"class_list":{"0":"post-55","1":"product","2":"type-product","3":"status-publish","4":"has-post-thumbnail","6":"product_cat-stockschrauben-und-adapterbleche","8":"first","9":"instock","10":"taxable","11":"shipping-taxable","12":"purchasable","13":"product-type-variable"},"brands":[],"_links":{"self":[{"href":"https:\/\/solarblech.shop\/pl\/wp-json\/wp\/v2\/product\/55","targetHints":{"allow":["GET"]}}],"collection":[{"href":"https:\/\/solarblech.shop\/pl\/wp-json\/wp\/v2\/product"}],"about":[{"href":"https:\/\/solarblech.shop\/pl\/wp-json\/wp\/v2\/types\/product"}],"wp:featuredmedia":[{"embeddable":true,"href":"https:\/\/solarblech.shop\/pl\/wp-json\/wp\/v2\/media\/870"}],"wp:attachment":[{"href":"https:\/\/solarblech.shop\/pl\/wp-json\/wp\/v2\/media?parent=55"}],"wp:term":[{"taxonomy":"pwb-brand","embeddable":true,"href":"https:\/\/solarblech.shop\/pl\/wp-json\/wp\/v2\/pwb-brand?post=55"},{"taxonomy":"product_brand","embeddable":true,"href":"https:\/\/solarblech.shop\/pl\/wp-json\/wp\/v2\/product_brand?post=55"},{"taxonomy":"product_cat","embeddable":true,"href":"https:\/\/solarblech.shop\/pl\/wp-json\/wp\/v2\/product_cat?post=55"},{"taxonomy":"product_tag","embeddable":true,"href":"https:\/\/solarblech.shop\/pl\/wp-json\/wp\/v2\/product_tag?post=55"}],"curies":[{"name":"wp","href":"https:\/\/api.w.org\/{rel}","templated":true}]}}