{"id":51,"date":"2023-11-14T13:42:21","date_gmt":"2023-11-14T13:42:21","guid":{"rendered":"http:\/\/schagerl.online\/product\/alu-solarblech-200x370mm-1mm-inkl-dichtring\/"},"modified":"2026-03-06T09:51:41","modified_gmt":"2026-03-06T07:51:41","slug":"alu-solarblech-200x370mm","status":"publish","type":"product","link":"https:\/\/solarblech.shop\/pl\/product\/alu-solarblech-200x370mm\/","title":{"rendered":"Aluminiowa blacha solarna 200x370mm 1mm z uszczelk\u0105"},"content":{"rendered":"<h5>Specyfikacja arkusza fotowoltaicznego ALU<\/h5>\n<p>Ze wzgl\u0119du na du\u017ce zapotrzebowanie na ta\u0144sze rozwi\u0105zanie, obecnie mog\u0119 zaoferowa\u0107 r\u00f3wnie\u017c dodatkowe panele fotowoltaiczne wykonane z aluminium \u201eAlMg3\u201d o grubo\u015bci 1 mm. Je\u015bli szukasz wysokiej jako\u015bci rozwi\u0105zania wykonanego ze stali nierdzewnej to polecam to <a href=\"https:\/\/solarblech.shop\/pl\/product\/solarblech-edelstahl-200x370mm-08mm\/\">Arkusz s\u0142oneczny<\/a> Stal nierdzewna 200\u00d7370 mm.<\/p>\n<p>ALU blacha solarna lub blacha uszczelniaj\u0105ca do dach\u00f3w eternitowych, gontowych i \u0142upkowych. (Romb i wiele innych kszta\u0142t\u00f3w i wariant\u00f3w)<\/p>\n<p>Obowi\u0105zkowa dla nich <a href=\"https:\/\/trendex.at\/\" rel=\"nofollow noopener\" target=\"_blank\">Monta\u017c<\/a> instalacj\u0119 fotowoltaiczn\u0105 na dachu z eternitu i gontu w celu:<\/p>\n<div>\n<ul>\n<li>Aby prawid\u0142owo spu\u015bci\u0107 wod\u0119<\/li>\n<li>Aby roz\u0142o\u017cy\u0107 ci\u0119\u017car<\/li>\n<li>Pod\u0142\u0105cz prawid\u0142owo \u015brub\u0119 wieszaka<\/li>\n<li>Mo\u017cliwo\u015b\u0107 malowania proszkowego na dowolny kolor<\/li>\n<li>Produkcja wy\u0142\u0105cznie w Austrii<\/li>\n<li>dost\u0119pny od zaraz<\/li>\n<li>nie gratowany<\/li>\n<\/ul>\n<\/div>\n<p>Z ty\u0142u blachy znajduje si\u0119 uszczelka z gumy kom\u00f3rkowej EPDM o grubo\u015bci 3 mm. \u015arednica 30-50mm Plomba jest do\u0142\u0105czona do opakowania i nale\u017cy j\u0105 przyklei\u0107 samodzielnie. W przeciwnym razie uk\u0142adanie arkuszy w stosy spowodowa\u0142oby zmia\u017cd\u017cenie uszczelek.<\/p>\n<p>\u015aruby wieszakowe nie s\u0105 cz\u0119\u015bci\u0105 zestawu i nale\u017cy je zakupi\u0107 osobno.<\/p>\n<p>Podobne s\u0142owa kluczowe: plan \u0142upkowy Schletter, p\u0142yta zast\u0119pcza \u0142upka, p\u0142yta zast\u0119pcza \u0142upka metalowego, p\u0142ytka monta\u017cowa, p\u0142yta tylna<\/p>","protected":false},"excerpt":{"rendered":"<p>Spezifikation von ALU Solarblech Aufgrund der gro\u00dfen Nachfrage nach einer g\u00fcnstigeren L\u00f6sung kann ich ab sofort auch zus\u00e4tzliche Solarbleche aus Aluminium &#8222;AlMg3&#8220; 1 mm dick anbieten. Wer eine hochwertige L\u00f6sung aus Edelstahl sucht, empfehle ich die Solarblech 200&#215;370 mm Edelstahl. ALU Solarblech bzw. Dichtungsblech f\u00fcr Eternit, Schindel bis hin zu Schiefer D\u00e4cher. (Rhombus und viele [&hellip;]<\/p>\n","protected":false},"featured_media":2904,"template":"","meta":[],"pwb-brand":[16],"product_brand":[],"product_cat":[52],"product_tag":[],"class_list":{"0":"post-51","1":"product","2":"type-product","3":"status-publish","4":"has-post-thumbnail","6":"pwb-brand-solarblech","7":"product_cat-solarbleche","9":"first","10":"instock","11":"taxable","12":"shipping-taxable","13":"purchasable","14":"product-type-simple"},"brands":[{"id":16,"name":"Arkusz s\u0142oneczny","slug":"solarblech"}],"_links":{"self":[{"href":"https:\/\/solarblech.shop\/pl\/wp-json\/wp\/v2\/product\/51","targetHints":{"allow":["GET"]}}],"collection":[{"href":"https:\/\/solarblech.shop\/pl\/wp-json\/wp\/v2\/product"}],"about":[{"href":"https:\/\/solarblech.shop\/pl\/wp-json\/wp\/v2\/types\/product"}],"wp:featuredmedia":[{"embeddable":true,"href":"https:\/\/solarblech.shop\/pl\/wp-json\/wp\/v2\/media\/2904"}],"wp:attachment":[{"href":"https:\/\/solarblech.shop\/pl\/wp-json\/wp\/v2\/media?parent=51"}],"wp:term":[{"taxonomy":"pwb-brand","embeddable":true,"href":"https:\/\/solarblech.shop\/pl\/wp-json\/wp\/v2\/pwb-brand?post=51"},{"taxonomy":"product_brand","embeddable":true,"href":"https:\/\/solarblech.shop\/pl\/wp-json\/wp\/v2\/product_brand?post=51"},{"taxonomy":"product_cat","embeddable":true,"href":"https:\/\/solarblech.shop\/pl\/wp-json\/wp\/v2\/product_cat?post=51"},{"taxonomy":"product_tag","embeddable":true,"href":"https:\/\/solarblech.shop\/pl\/wp-json\/wp\/v2\/product_tag?post=51"}],"curies":[{"name":"wp","href":"https:\/\/api.w.org\/{rel}","templated":true}]}}