{"id":1551,"date":"2024-02-04T13:12:35","date_gmt":"2024-02-04T13:12:35","guid":{"rendered":"https:\/\/solarblech.shop\/?post_type=product&#038;p=1551"},"modified":"2026-03-18T16:06:58","modified_gmt":"2026-03-18T14:06:58","slug":"pulverbeschichtung-alu-solarblech-200x370mm-1mm-inkl-dichtring","status":"publish","type":"product","link":"https:\/\/solarblech.shop\/pl\/product\/pulverbeschichtung-alu-solarblech-200x370mm-1mm-inkl-dichtring\/","title":{"rendered":"MALOWANIE PROSZKOWE ALUMINIOWA blacha solarna 200x370mm 1mm wraz z pier\u015bcieniem uszczelniaj\u0105cym"},"content":{"rendered":"<p><strong>ACHTUNG!<\/strong><\/p>\n<ul>\n<li><strong>Bitte unbedingt die gew\u00fcnschte RAL Classic Nummer (4 Ziffern) in das Notizfeld im Warenkorb hinzuf\u00fcgen<\/strong><\/li>\n<\/ul>\n<p><strong>Wichte Hinweise!<\/strong><\/p>\n<ul>\n<li>Bei individuell beschichteten Solarblechen ist leider keine R\u00fccknahme m\u00f6glich.<\/li>\n<li>Die Beschichtung wird extra durchgef\u00fchrt f\u00fcr Sie, Lieferzeit 2 Wochen.<\/li>\n<li>Bei Pulverbeschichtungen gibt es eine Mindestbestellmenge von <strong>25 St\u00fcck. <\/strong>(Mindermengenzuschlag seitens der Beschichtungsfirma)<strong><br \/>\n<\/strong><\/li>\n<\/ul>\n<h5>Spezifikation von Pulverbeschichteten ALU Solarblechen<\/h5>\n<p>Der angegebene Preis ist ein Aluminium Solarblech Standard inklusive Pulverbeschichtung.<\/p>\n<p>Malowanie proszkowe mo\u017cna wykona\u0107 we wszystkich kolorach RAL Classic (kod 4-cyfrowy) w kolorze matowym. Prosz\u0119 zwr\u00f3ci\u0107 uwag\u0119 na \u017c\u0105dany kolor RAL.<\/p>\n<p>Malowanie proszkowe odbywa si\u0119 obustronnie.<\/p>\n<p>&nbsp;<\/p>\n<p>ALU blacha solarna lub blacha uszczelniaj\u0105ca do dach\u00f3w eternitowych, gontowych i \u0142upkowych. (Romb i wiele innych kszta\u0142t\u00f3w i wariant\u00f3w)<\/p>\n<p>Obowi\u0105zkowa dla nich <a href=\"https:\/\/trendex.at\/\" rel=\"nofollow noopener\" target=\"_blank\">Monta\u017c<\/a> instalacj\u0119 fotowoltaiczn\u0105 na dachu z eternitu i gontu w celu:<\/p>\n<div>\n<ul>\n<li>Aby prawid\u0142owo spu\u015bci\u0107 wod\u0119<\/li>\n<li>Aby roz\u0142o\u017cy\u0107 ci\u0119\u017car<\/li>\n<li>Pod\u0142\u0105cz prawid\u0142owo \u015brub\u0119 wieszaka<\/li>\n<li>Mo\u017cliwo\u015b\u0107 malowania proszkowego na dowolny kolor<\/li>\n<li>Produkcja wy\u0142\u0105cznie w Austrii<\/li>\n<li>dost\u0119pny od zaraz<\/li>\n<li>nie gratowany<\/li>\n<\/ul>\n<\/div>\n<p>Z ty\u0142u blachy znajduje si\u0119 uszczelka z gumy kom\u00f3rkowej EPDM o grubo\u015bci 3 mm. \u015arednica 30-50mm Plomba jest do\u0142\u0105czona do opakowania i nale\u017cy j\u0105 przyklei\u0107 samodzielnie. W przeciwnym razie uk\u0142adanie arkuszy w stosy spowodowa\u0142oby zmia\u017cd\u017cenie uszczelek.<\/p>\n<p>\u015aruby wieszakowe nie s\u0105 cz\u0119\u015bci\u0105 zestawu i nale\u017cy je zakupi\u0107 osobno.<\/p>","protected":false},"excerpt":{"rendered":"<p>ACHTUNG! Bitte unbedingt die gew\u00fcnschte RAL Classic Nummer (4 Ziffern) in das Notizfeld im Warenkorb hinzuf\u00fcgen Wichte Hinweise! Bei individuell beschichteten Solarblechen ist leider keine R\u00fccknahme m\u00f6glich. Die Beschichtung wird extra durchgef\u00fchrt f\u00fcr Sie, Lieferzeit 2 Wochen. Bei Pulverbeschichtungen gibt es eine Mindestbestellmenge von 25 St\u00fcck. (Mindermengenzuschlag seitens der Beschichtungsfirma) Spezifikation von Pulverbeschichteten ALU Solarblechen [&hellip;]<\/p>\n","protected":false},"featured_media":3084,"template":"","meta":[],"pwb-brand":[16],"product_brand":[],"product_cat":[52],"product_tag":[],"class_list":{"0":"post-1551","1":"product","2":"type-product","3":"status-publish","4":"has-post-thumbnail","6":"pwb-brand-solarblech","7":"product_cat-solarbleche","9":"first","10":"instock","11":"taxable","12":"shipping-taxable","13":"purchasable","14":"product-type-simple"},"brands":[{"id":16,"name":"Arkusz s\u0142oneczny","slug":"solarblech"}],"_links":{"self":[{"href":"https:\/\/solarblech.shop\/pl\/wp-json\/wp\/v2\/product\/1551","targetHints":{"allow":["GET"]}}],"collection":[{"href":"https:\/\/solarblech.shop\/pl\/wp-json\/wp\/v2\/product"}],"about":[{"href":"https:\/\/solarblech.shop\/pl\/wp-json\/wp\/v2\/types\/product"}],"wp:featuredmedia":[{"embeddable":true,"href":"https:\/\/solarblech.shop\/pl\/wp-json\/wp\/v2\/media\/3084"}],"wp:attachment":[{"href":"https:\/\/solarblech.shop\/pl\/wp-json\/wp\/v2\/media?parent=1551"}],"wp:term":[{"taxonomy":"pwb-brand","embeddable":true,"href":"https:\/\/solarblech.shop\/pl\/wp-json\/wp\/v2\/pwb-brand?post=1551"},{"taxonomy":"product_brand","embeddable":true,"href":"https:\/\/solarblech.shop\/pl\/wp-json\/wp\/v2\/product_brand?post=1551"},{"taxonomy":"product_cat","embeddable":true,"href":"https:\/\/solarblech.shop\/pl\/wp-json\/wp\/v2\/product_cat?post=1551"},{"taxonomy":"product_tag","embeddable":true,"href":"https:\/\/solarblech.shop\/pl\/wp-json\/wp\/v2\/product_tag?post=1551"}],"curies":[{"name":"wp","href":"https:\/\/api.w.org\/{rel}","templated":true}]}}