{"id":405,"date":"2023-11-23T12:57:58","date_gmt":"2023-11-23T12:57:58","guid":{"rendered":"http:\/\/schagerl.online\/shipping__delivery\/"},"modified":"2025-04-12T14:50:32","modified_gmt":"2025-04-12T12:50:32","slug":"versand-lieferung","status":"publish","type":"page","link":"https:\/\/solarblech.shop\/pl\/versand-lieferung\/","title":{"rendered":"wysy\u0142ka"},"content":{"rendered":"<div data-elementor-type=\"wp-page\" data-elementor-id=\"405\" class=\"elementor elementor-405\">\n\t\t\t\t<div class=\"elementor-element elementor-element-2a1d78f4 e-flex e-con-boxed e-con e-parent\" data-id=\"2a1d78f4\" data-element_type=\"container\" data-e-type=\"container\">\n\t\t\t\t\t<div class=\"e-con-inner\">\n\t\t\t\t<div class=\"elementor-element elementor-element-13b560d5 elementor-widget elementor-widget-text-editor\" data-id=\"13b560d5\" data-element_type=\"widget\" data-e-type=\"widget\" data-widget_type=\"text-editor.default\">\n\t\t\t\t<div class=\"elementor-widget-container\">\n\t\t\t\t\t\t\t\t\t<h2 style=\"text-align: center;\">Ceny, koszty wysy\u0142ki i informacje o dostawie<\/h2><p style=\"text-align: center;\">Wir versenden t\u00e4glich Montag bis Freitag an \u00d6sterreichischen Werktagen. Bestellungen die <strong>bis 10:30 Uhr<\/strong> eingehen werden in der Regel noch am selben Tag versandt, andere Bestellungen am Folgetag.<\/p><p style=\"text-align: center;\">Wysy\u0142amy do ka\u017cdego kraju europejskiego, w tym do Szwajcarii i Liechtensteinu. Inne kraje na zapytanie.<\/p><p style=\"text-align: center;\">Opr\u00f3cz podanych cen produkt\u00f3w, w przypadku dostaw doliczamy koszty wysy\u0142ki zale\u017cne od wagi. O kosztach wysy\u0142ki poinformujemy Ci\u0119 w trakcie sk\u0142adania zam\u00f3wienia.<\/p><p>Wir bieten kostenlosen Versand nach DE und AT ab 250,00\u20ac netto Warenwert.<\/p><p style=\"text-align: center;\">Mo\u017cesz samodzielnie okre\u015bli\u0107 koszty wysy\u0142ki, umieszczaj\u0105c wybrane produkty w koszyku i podaj\u0105c sw\u00f3j adres.<\/p><p style=\"text-align: center;\">\u00a0<\/p>\t\t\t\t\t\t\t\t<\/div>\n\t\t\t\t<\/div>\n\t\t\t\t\t<\/div>\n\t\t\t\t<\/div>\n\t\t\t\t<\/div>","protected":false},"excerpt":{"rendered":"<p>Preise, Versandkosten und Lieferinformationen Wir versenden t\u00e4glich Montag bis Freitag an \u00d6sterreichischen Werktagen. Bestellungen die bis 10:30 Uhr eingehen werden in der Regel noch am selben Tag versandt, andere Bestellungen am Folgetag. Wir versenden in jedes europ\u00e4ische Land, inkl. Schweiz und Liechtenstein. Andere L\u00e4nder auf Anfrage. Zus\u00e4tzlich zu den angegebenen Produktpreisen erheben wir gewichtsabh\u00e4ngige Versandkosten [&hellip;]<\/p>\n","protected":false},"author":1,"featured_media":0,"parent":0,"menu_order":0,"comment_status":"closed","ping_status":"closed","template":"","meta":{"footnotes":""},"class_list":["post-405","page","type-page","status-publish","hentry"],"_links":{"self":[{"href":"https:\/\/solarblech.shop\/pl\/wp-json\/wp\/v2\/pages\/405","targetHints":{"allow":["GET"]}}],"collection":[{"href":"https:\/\/solarblech.shop\/pl\/wp-json\/wp\/v2\/pages"}],"about":[{"href":"https:\/\/solarblech.shop\/pl\/wp-json\/wp\/v2\/types\/page"}],"author":[{"embeddable":true,"href":"https:\/\/solarblech.shop\/pl\/wp-json\/wp\/v2\/users\/1"}],"replies":[{"embeddable":true,"href":"https:\/\/solarblech.shop\/pl\/wp-json\/wp\/v2\/comments?post=405"}],"version-history":[{"count":10,"href":"https:\/\/solarblech.shop\/pl\/wp-json\/wp\/v2\/pages\/405\/revisions"}],"predecessor-version":[{"id":2607,"href":"https:\/\/solarblech.shop\/pl\/wp-json\/wp\/v2\/pages\/405\/revisions\/2607"}],"wp:attachment":[{"href":"https:\/\/solarblech.shop\/pl\/wp-json\/wp\/v2\/media?parent=405"}],"curies":[{"name":"wp","href":"https:\/\/api.w.org\/{rel}","templated":true}]}}