{"id":140,"date":"2023-11-15T16:42:16","date_gmt":"2023-11-15T16:42:16","guid":{"rendered":"http:\/\/schagerl.online\/?page_id=140"},"modified":"2024-01-08T10:55:36","modified_gmt":"2024-01-08T10:55:36","slug":"montageanleitung","status":"publish","type":"page","link":"https:\/\/solarblech.shop\/pl\/montageanleitung\/","title":{"rendered":"instrukcje sk\u0142adania"},"content":{"rendered":"<div data-elementor-type=\"wp-page\" data-elementor-id=\"140\" class=\"elementor elementor-140\">\n\t\t\t\t<div class=\"elementor-element elementor-element-e0da0f1 e-flex e-con-boxed e-con e-parent\" data-id=\"e0da0f1\" data-element_type=\"container\" data-e-type=\"container\">\n\t\t\t\t\t<div class=\"e-con-inner\">\n\t\t<div class=\"elementor-element elementor-element-1324b8f e-con-full e-flex e-con e-child\" data-id=\"1324b8f\" data-element_type=\"container\" data-e-type=\"container\">\n\t\t\t\t<div class=\"elementor-element elementor-element-64a4b52 elementor-widget elementor-widget-video\" data-id=\"64a4b52\" data-element_type=\"widget\" data-e-type=\"widget\" data-settings=\"{&quot;youtube_url&quot;:&quot;https:\\\/\\\/youtu.be\\\/8JjslaCkk4o?si=7MgklePrW2g4tTYk&quot;,&quot;autoplay&quot;:&quot;yes&quot;,&quot;play_on_mobile&quot;:&quot;yes&quot;,&quot;mute&quot;:&quot;yes&quot;,&quot;loop&quot;:&quot;yes&quot;,&quot;video_type&quot;:&quot;youtube&quot;,&quot;controls&quot;:&quot;yes&quot;}\" data-widget_type=\"video.default\">\n\t\t\t\t<div class=\"elementor-widget-container\">\n\t\t\t\t\t\t\t<div class=\"elementor-wrapper elementor-open-inline\">\n\t\t\t<div class=\"elementor-video\"><\/div>\t\t<\/div>\n\t\t\t\t\t\t<\/div>\n\t\t\t\t<\/div>\n\t\t\t\t<div class=\"elementor-element elementor-element-d3d8a14 elementor-hidden-mobile elementor-widget elementor-widget-video\" data-id=\"d3d8a14\" data-element_type=\"widget\" data-e-type=\"widget\" data-settings=\"{&quot;youtube_url&quot;:&quot;https:\\\/\\\/youtu.be\\\/OmYZIBy_sDg?si=-c_qsnXPBBLhDI0O&quot;,&quot;video_type&quot;:&quot;youtube&quot;,&quot;controls&quot;:&quot;yes&quot;}\" data-widget_type=\"video.default\">\n\t\t\t\t<div class=\"elementor-widget-container\">\n\t\t\t\t\t\t\t<div class=\"elementor-wrapper elementor-open-inline\">\n\t\t\t<div class=\"elementor-video\"><\/div>\t\t<\/div>\n\t\t\t\t\t\t<\/div>\n\t\t\t\t<\/div>\n\t\t\t\t<div class=\"elementor-element elementor-element-f0c2cc8 elementor-hidden-mobile elementor-widget elementor-widget-video\" data-id=\"f0c2cc8\" data-element_type=\"widget\" data-e-type=\"widget\" data-settings=\"{&quot;youtube_url&quot;:&quot;https:\\\/\\\/youtu.be\\\/gZE60V7B09U?si=nLfhLZJYIRUQQVHq&quot;,&quot;video_type&quot;:&quot;youtube&quot;,&quot;controls&quot;:&quot;yes&quot;}\" data-widget_type=\"video.default\">\n\t\t\t\t<div class=\"elementor-widget-container\">\n\t\t\t\t\t\t\t<div class=\"elementor-wrapper elementor-open-inline\">\n\t\t\t<div class=\"elementor-video\"><\/div>\t\t<\/div>\n\t\t\t\t\t\t<\/div>\n\t\t\t\t<\/div>\n\t\t\t\t<div class=\"elementor-element elementor-element-1a6cac7 elementor-hidden-mobile elementor-widget elementor-widget-image\" data-id=\"1a6cac7\" data-element_type=\"widget\" data-e-type=\"widget\" data-widget_type=\"image.default\">\n\t\t\t\t<div class=\"elementor-widget-container\">\n\t\t\t\t\t\t\t\t\t\t\t\t\t\t\t<img fetchpriority=\"high\" decoding=\"async\" width=\"640\" height=\"288\" src=\"https:\/\/solarblech.shop\/wp-content\/uploads\/2023\/11\/1670514203802.webp\" class=\"attachment-large size-large wp-image-142\" alt=\"\" srcset=\"https:\/\/solarblech.shop\/wp-content\/uploads\/2023\/11\/1670514203802.webp 640w, https:\/\/solarblech.shop\/wp-content\/uploads\/2023\/11\/1670514203802-300x135.webp 300w, https:\/\/solarblech.shop\/wp-content\/uploads\/2023\/11\/1670514203802-600x270.webp 600w\" sizes=\"(max-width: 640px) 100vw, 640px\" \/>\t\t\t\t\t\t\t\t\t\t\t\t\t\t\t<\/div>\n\t\t\t\t<\/div>\n\t\t\t\t<div class=\"elementor-element elementor-element-c868384 elementor-hidden-mobile elementor-widget elementor-widget-image\" data-id=\"c868384\" data-element_type=\"widget\" data-e-type=\"widget\" data-widget_type=\"image.default\">\n\t\t\t\t<div class=\"elementor-widget-container\">\n\t\t\t\t\t\t\t\t\t\t\t\t\t\t\t<img decoding=\"async\" width=\"575\" height=\"1024\" src=\"https:\/\/solarblech.shop\/wp-content\/uploads\/2023\/11\/1655545895456-575x1024.webp\" class=\"attachment-large size-large wp-image-143\" alt=\"\" srcset=\"https:\/\/solarblech.shop\/wp-content\/uploads\/2023\/11\/1655545895456-575x1024.webp 575w, https:\/\/solarblech.shop\/wp-content\/uploads\/2023\/11\/1655545895456-300x534.webp 300w, https:\/\/solarblech.shop\/wp-content\/uploads\/2023\/11\/1655545895456-600x1068.webp 600w, https:\/\/solarblech.shop\/wp-content\/uploads\/2023\/11\/1655545895456-169x300.webp 169w, https:\/\/solarblech.shop\/wp-content\/uploads\/2023\/11\/1655545895456.webp 640w\" sizes=\"(max-width: 575px) 100vw, 575px\" \/>\t\t\t\t\t\t\t\t\t\t\t\t\t\t\t<\/div>\n\t\t\t\t<\/div>\n\t\t\t\t<\/div>\n\t\t<div class=\"elementor-element elementor-element-c3a1462 e-flex e-con-boxed e-con e-child\" data-id=\"c3a1462\" data-element_type=\"container\" data-e-type=\"container\" data-settings=\"{&quot;background_background&quot;:&quot;classic&quot;}\">\n\t\t\t\t\t<div class=\"e-con-inner\">\n\t\t\t\t<div class=\"elementor-element elementor-element-8401a91 elementor-widget elementor-widget-heading\" data-id=\"8401a91\" data-element_type=\"widget\" data-e-type=\"widget\" data-widget_type=\"heading.default\">\n\t\t\t\t<div class=\"elementor-widget-container\">\n\t\t\t\t\t<h2 class=\"elementor-heading-title elementor-size-default\">instrukcje sk\u0142adania<\/h2>\t\t\t\t<\/div>\n\t\t\t\t<\/div>\n\t\t\t\t<div class=\"elementor-element elementor-element-61f5f64 elementor-widget elementor-widget-text-editor\" data-id=\"61f5f64\" data-element_type=\"widget\" data-e-type=\"widget\" data-widget_type=\"text-editor.default\">\n\t\t\t\t<div class=\"elementor-widget-container\">\n\t\t\t\t\t\t\t\t\t<ul class=\"color_15 font_8 wixui-rich-text__text\"><li class=\"wixui-rich-text__text\"><p class=\"font_8 wixui-rich-text__text\"><span class=\"wixui-rich-text__text\"><span class=\"color_15 wixui-rich-text__text\">Pierwszym krokiem jest oczyszczenie dachu z mchu i brudu. Najlepiej u\u017cywa\u0107 zwyk\u0142ej miot\u0142y ulicznej.<\/span><\/span><\/p><\/li><\/ul><ul class=\"color_15 font_8 wixui-rich-text__text\"><li class=\"wixui-rich-text__text\"><p class=\"font_8 wixui-rich-text__text\"><span class=\"wixui-rich-text__text\">Nast\u0119pnie nale\u017cy zaznaczy\u0107 punkty otwor\u00f3w w dachu. W zale\u017cno\u015bci od tego, czy wida\u0107 krokwie od wewn\u0105trz, czy nie, mo\u017ce to by\u0107 najbardziej nudna cz\u0119\u015b\u0107. Najlepiej oznaczy\u0107 je znakiem\u00a0<span style=\"text-decoration: underline;\"><a class=\"wixui-rich-text__text\" href=\"https:\/\/amzn.to\/3B8SgVR\" target=\"_blank\" rel=\"noreferrer noopener nofollow\">Linia kredowa, z kred\u0105<\/a><\/span>\u00a0i jeden\u00a0<span style=\"text-decoration: underline;\"><a class=\"wixui-rich-text__text\" href=\"https:\/\/amzn.to\/3cjW1xe\" target=\"_blank\" rel=\"noreferrer noopener nofollow\">profesjonalny marker kredowy<\/a>.<\/span> Jako wskaz\u00f3wk\u0119 mog\u0119 poleci\u0107 otwarcie kalenicy. Mam jeden do tego\u00a0<a class=\"wixui-rich-text__text\" href=\"https:\/\/www.youtube.com\/watch?v=OmYZIBy_sDg\" target=\"_blank\" rel=\"noreferrer noopener nofollow\">Film z YouTube&#039;a<\/a> obr\u00f3\u0107, mo\u017ce ci to pomo\u017ce.<\/span><\/p><\/li><\/ul><ul class=\"color_15 font_8 wixui-rich-text__text\"><li class=\"wixui-rich-text__text\"><p class=\"font_8 wixui-rich-text__text\"><span class=\"wixui-rich-text__text\">Punkty wiercenia nale\u017cy wykona\u0107 bezpo\u015brednio nad poprzeczn\u0105 \u0142at\u0105 dachow\u0105. Gdzie biegn\u0105 \u0142aty dachowe<\/span>\u00a0Mo\u017cna je rozpozna\u0107 po punktach gwo\u017adzi na p\u0142ytach Eternit.<\/p><\/li><\/ul>\t\t\t\t\t\t\t\t<\/div>\n\t\t\t\t<\/div>\n\t\t<div class=\"elementor-element elementor-element-ac0c941 e-flex e-con-boxed e-con e-child\" data-id=\"ac0c941\" data-element_type=\"container\" data-e-type=\"container\" data-settings=\"{&quot;background_background&quot;:&quot;classic&quot;}\">\n\t\t\t\t\t<div class=\"e-con-inner\">\n\t\t\t\t<div class=\"elementor-element elementor-element-d44a383 elementor-widget elementor-widget-text-editor\" data-id=\"d44a383\" data-element_type=\"widget\" data-e-type=\"widget\" data-widget_type=\"text-editor.default\">\n\t\t\t\t<div class=\"elementor-widget-container\">\n\t\t\t\t\t\t\t\t\t<p>Grafika: \u00a9 baulinks.de 2014<\/p>\t\t\t\t\t\t\t\t<\/div>\n\t\t\t\t<\/div>\n\t\t\t\t\t<\/div>\n\t\t\t\t<\/div>\n\t\t\t\t<div class=\"elementor-element elementor-element-b942358 elementor-widget elementor-widget-text-editor\" data-id=\"b942358\" data-element_type=\"widget\" data-e-type=\"widget\" data-widget_type=\"text-editor.default\">\n\t\t\t\t<div class=\"elementor-widget-container\">\n\t\t\t\t\t\t\t\t\t<ul class=\"font_8 wixui-rich-text__text\"><li class=\"wixui-rich-text__text\"><p class=\"font_8 wixui-rich-text__text\"><span class=\"wixui-rich-text__text\">Po zaznaczeniu mo\u017cna rozpocz\u0105\u0107 wiercenie. Same panele Eternit s\u0105 wyposa\u017cone w\u00a0<\/span><span class=\"wixui-rich-text__text\">du\u017ce wiert\u0142o<\/span><span class=\"wixui-rich-text__text\"> przewierci\u0107 tak, aby \u015bruba wieszakowa nie dotyka\u0142a bok\u00f3w paneli dachowych. Zaleca si\u0119 wywierci\u0107 wiert\u0142o o 5 mm wi\u0119ksze ni\u017c \u015brednica \u015bruby wieszaka. Uszczelka z EPDM (kauczuku kom\u00f3rkowego) powinna koniecznie przylega\u0107 do p\u0142yty Eternit. Nast\u0119pnie w drewnianej krokwi wykonuje si\u0119 wst\u0119pne nawiercenie mniejszym wiert\u0142em, w zale\u017cno\u015bci od \u015brednicy wkr\u0119tu wieszakowego.<\/span><\/p><\/li><\/ul><ul class=\"font_8 wixui-rich-text__text\"><li class=\"wixui-rich-text__text\"><p class=\"font_8 wixui-rich-text__text\"><span class=\"wixui-rich-text__text\">Uszczelk\u0119 z gumy kom\u00f3rkowej EPDM o grubo\u015bci 50 mm Klient musi przyklei\u0107 od ty\u0142u blachy. Niestety nie ma mo\u017cliwo\u015bci ich fabrycznego sklejenia, gdy\u017c w transporcie paneli fotowoltaicznych dochodzi do zgniecenia uszczelki.<\/span><\/p><\/li><\/ul><ul class=\"font_8 wixui-rich-text__text\"><li class=\"wixui-rich-text__text\"><p class=\"font_8 wixui-rich-text__text\"><span class=\"wixui-rich-text__text\">Nast\u0119pnie mo\u017cna w\u0142o\u017cy\u0107 panele s\u0142oneczne od do\u0142u. Sp\u00f3jrz jeszcze raz na zdj\u0119cie powy\u017cej. Czasami blachy nie da si\u0119 ca\u0142kowicie wsun\u0105\u0107. Plamy po paznokciach na g\u00f3rnych p\u0142ytkach rzadko przeszkadzaj\u0105. Panel s\u0142oneczny nale\u017cy zatem w ten spos\u00f3b\u00a0<a class=\"wixui-rich-text__text\" href=\"https:\/\/youtu.be\/8JjslaCkk4o?si=7MgklePrW2g4tTYk\" target=\"_blank\" rel=\"noreferrer noopener nofollow\"><span style=\"text-decoration: underline;\">Wideo<\/span><\/a>\u00a0pokazany z jednym\u00a0<span style=\"text-decoration: underline;\"><a class=\"wixui-rich-text__text\" href=\"https:\/\/amzn.to\/3T2GdiU\" target=\"_blank\" rel=\"noreferrer noopener nofollow\">Szlifierka k\u0105towa<\/a><\/span> skr\u00f3cony.<\/span><\/p><\/li><\/ul><ul class=\"font_8 wixui-rich-text__text\"><li class=\"wixui-rich-text__text\"><p class=\"font_8 wixui-rich-text__text\"><span class=\"wixui-rich-text__text\">Nale\u017cy pami\u0119ta\u0107, \u017ce mo\u017ce si\u0119 zdarzy\u0107, \u017ce nie ka\u017cdy arkusz b\u0119dzie ca\u0142kowicie le\u017ca\u0142 na dachu. Mo\u017ce znajdowa\u0107 si\u0119 kilka milimetr\u00f3w od dachu. To nie ma znaczenia. Wa\u017cne jest, aby pier\u015bcie\u0144 uszczelniaj\u0105cy by\u0142 na swoim miejscu. Je\u017celi odleg\u0142o\u015b\u0107 jest zbyt du\u017ca, nale\u017cy kr\u00f3tko docisn\u0105\u0107 blach\u0119 r\u0119k\u0105.<\/span><\/p><\/li><li class=\"wixui-rich-text__text\"><p class=\"font_8 wixui-rich-text__text\"><span class=\"wixui-rich-text__text\">Ostatnim krokiem jest wkr\u0119cenie \u015bruby wieszakowej i dokr\u0119cenie nakr\u0119tki z gumow\u0105 uszczelk\u0105. \u015aruba wieszakowa jest dostarczana z\u00a0<a class=\"wixui-rich-text__text\" href=\"https:\/\/amzn.to\/3PwersY\" target=\"_blank\" rel=\"noreferrer noopener nofollow\"><span style=\"text-decoration: underline;\">zapadkowy<\/span><\/a>\u00a0Lub\u00a0<span style=\"text-decoration: underline;\"><a class=\"wixui-rich-text__text\" href=\"https:\/\/amzn.to\/3o3e9xZ\" target=\"_blank\" rel=\"noreferrer noopener nofollow\">mocne wiert\u0142o<\/a>\u00a0<\/span>wkr\u0119cony. Gumowej uszczelki nie nale\u017cy dokr\u0119ca\u0107 zbyt mocno. Wed\u0142ug producenta uszczelk\u0119 EPDM (kauczuk kom\u00f3rkowy) nale\u017cy wcisn\u0105\u0107 w ok. 1\/3.<\/span><\/p><\/li><\/ul>\t\t\t\t\t\t\t\t<\/div>\n\t\t\t\t<\/div>\n\t\t\t\t<div class=\"elementor-element elementor-element-5b58226 elementor-widget elementor-widget-text-editor\" data-id=\"5b58226\" data-element_type=\"widget\" data-e-type=\"widget\" data-widget_type=\"text-editor.default\">\n\t\t\t\t<div class=\"elementor-widget-container\">\n\t\t\t\t\t\t\t\t\t<p class=\"font_8 wixui-rich-text__text\"><span class=\"wixui-rich-text__text\">Uwaga: nie ponosz\u0119 \u017cadnej odpowiedzialno\u015bci za aktualno\u015b\u0107, dok\u0142adno\u015b\u0107 i kompletno\u015b\u0107 informacji.<\/span><\/p><p class=\"font_8 wixui-rich-text__text\"><span class=\"wixui-rich-text__text\"><span class=\"color_15 wixui-rich-text__text\">*Jako wsp\u00f3\u0142pracownik Amazon zarabiam na kwalifikuj\u0105cych si\u0119 sprzeda\u017cach. Dzi\u0119ki<\/span><\/span><\/p>\t\t\t\t\t\t\t\t<\/div>\n\t\t\t\t<\/div>\n\t\t\t\t\t<\/div>\n\t\t\t\t<\/div>\n\t\t\t\t\t<\/div>\n\t\t\t\t<\/div>\n\t\t\t\t<\/div>","protected":false},"excerpt":{"rendered":"<p>Montageanleitung Als Erstes geh\u00f6rt das Dach von Moos und Verunreinigungen gereinigt. Am Besten wird dazu ein herk\u00f6mmlicher Stra\u00dfenbesen verwendet. Anschlie\u00dfend m\u00fcssen die Punkte der Bohrungen am Dach angezeichnet werden. Je nachdem, ob man die Dachsparren von innen sieht oder nicht, ist das mitunter der langwierigste Part. Angezeichnet wird am besten mit einer\u00a0Schlagschnur, mit Kreide\u00a0und einem\u00a0professionellen [&hellip;]<\/p>\n","protected":false},"author":1,"featured_media":0,"parent":0,"menu_order":2,"comment_status":"closed","ping_status":"closed","template":"elementor_header_footer","meta":{"footnotes":""},"class_list":["post-140","page","type-page","status-publish","hentry"],"_links":{"self":[{"href":"https:\/\/solarblech.shop\/pl\/wp-json\/wp\/v2\/pages\/140","targetHints":{"allow":["GET"]}}],"collection":[{"href":"https:\/\/solarblech.shop\/pl\/wp-json\/wp\/v2\/pages"}],"about":[{"href":"https:\/\/solarblech.shop\/pl\/wp-json\/wp\/v2\/types\/page"}],"author":[{"embeddable":true,"href":"https:\/\/solarblech.shop\/pl\/wp-json\/wp\/v2\/users\/1"}],"replies":[{"embeddable":true,"href":"https:\/\/solarblech.shop\/pl\/wp-json\/wp\/v2\/comments?post=140"}],"version-history":[{"count":6,"href":"https:\/\/solarblech.shop\/pl\/wp-json\/wp\/v2\/pages\/140\/revisions"}],"predecessor-version":[{"id":1465,"href":"https:\/\/solarblech.shop\/pl\/wp-json\/wp\/v2\/pages\/140\/revisions\/1465"}],"wp:attachment":[{"href":"https:\/\/solarblech.shop\/pl\/wp-json\/wp\/v2\/media?parent=140"}],"curies":[{"name":"wp","href":"https:\/\/api.w.org\/{rel}","templated":true}]}}