{"id":71,"date":"2023-11-14T13:42:22","date_gmt":"2023-11-14T13:42:22","guid":{"rendered":"http:\/\/schagerl.online\/product\/solarblech-edelstahl-200x370mm-08mm-inkl-dichtring\/"},"modified":"2026-03-18T16:44:52","modified_gmt":"2026-03-18T14:44:52","slug":"solarblech-edelstahl-200x370mm-08mm","status":"publish","type":"product","link":"https:\/\/solarblech.shop\/lt\/product\/solarblech-edelstahl-200x370mm-08mm\/","title":{"rendered":"Saul\u0117s ner\u016bdijan\u010dio plieno lak\u0161tas 200x370mm 0,8mm, \u012fskaitant sandarinimo \u017eied\u0105"},"content":{"rendered":"<h5>Saul\u0117s lak\u0161to ner\u016bdijan\u010dio plieno specifikacija<\/h5>\n<p>Auk\u0161tos kokyb\u0117s ner\u016bdijan\u010dio plieno saul\u0117s kolektori\u0173 lak\u0161tas, skirtas saugiam fotovoltiniam montavimui ant Eternit, skiedr\u0173 ir \u0161iferio stog\u0173. (Rombas ir daugelis kit\u0173 form\u0173 bei variant\u0173)<\/p>\n<p>Jiems b\u016btina <a href=\"https:\/\/lumensolar.at\/\" rel=\"nofollow noopener\" target=\"_blank\">Surinkimas<\/a> fotovoltin\u0117 sistema ant Eternito ir skiedr\u0173 stogo:<\/p>\n<div>\n<ul>\n<li>Norint tinkamai i\u0161leisti vanden\u012f<\/li>\n<li>Svoriui paskirstyti<\/li>\n<li>Teisingai prijunkite pakabos var\u017et\u0105<\/li>\n<li>Ypa\u010d tvirtas, nes yra 0,8 mm storio<\/li>\n<li>Ner\u016bdijantis plienas (V2A)<\/li>\n<li>Galimas vis\u0173 spalv\u0173 miltelinis da\u017eymas<\/li>\n<li>Gamyba i\u0161skirtinai Austrijoje<\/li>\n<li>galima i\u0161 karto<\/li>\n<\/ul>\n<\/div>\n<p class=\"font_9 wixui-rich-text__text\"><span class=\"wixui-rich-text__text\"><span class=\"color_15 wixui-rich-text__text\">Matmenys: 200 \u00d7 370mm; 0,8 mm storio; Skyl\u0117s skersmuo: 15,5 mm ir 80 mm auk\u0161tyje nuo apa\u010dios.<br \/>\n<\/span><\/span><\/p>\n<p class=\"font_9 wixui-rich-text__text\"><span class=\"wixui-rich-text__text\"><span class=\"color_15 wixui-rich-text__text\">Universaliai tinka 10 mm ir 12 mm pakabos var\u017etams.<\/span><\/span><\/p>\n<p>Lapo gale yra 3 mm EPDM akytosios gumos sandariklis. Skersmuo 30-50mm Antspaudas yra \u012ftrauktas ir turi b\u016bti priklijuotas ant sav\u0119s. Prie\u0161ingu atveju, sud\u0117jus lak\u0161tus, sandarikliai sutrai\u0161kyt\u0173.<\/p>\n<p>The <a href=\"https:\/\/solarblech.shop\/lt\/product\/stockschraube-m10-x-250-mm-edelstahl-vorkonfektioniert\/\">Pakabos var\u017etai<\/a> n\u0117ra \u012ftrauktos ir turi b\u016bti perkamos atskirai.<\/p>\n<p>\u010cia galite <a href=\"https:\/\/solarblech.shop\/wp-content\/uploads\/2023\/11\/Gebrauchsanleitung-und-Risikobeurteilung.pdf\">Naudojimo instrukcijos ir rizikos \u012fvertinimas<\/a> atgauti.<\/p>\n<p>Pana\u0161\u016bs raktiniai \u017eod\u017eiai: Schletter \u0161iferio planas, \u0161iferio keitimo plok\u0161t\u0117, metalinio \u0161iferio keitimo plok\u0161t\u0117, montavimo lak\u0161to plytel\u0117, atramin\u0117 plok\u0161t\u0117<\/p>","protected":false},"excerpt":{"rendered":"<p>Spezifikation von Solarblech Edelstahl Hochwertiges Solarblech Edelstahl f\u00fcr sichere Photovoltaik-Montage auf Eternit, Schindel und Schieferd\u00e4chern.\u00a0(Rhombus und viele anderen Formen und Varianten) Ein Muss f\u00fcr die Montage einer Photovoltaik Anlage auf einem Eternit und Schindel Dach um: Das Wasser richtig abzuleiten Das Gewicht zu verteilen Die Stockschraube richtig anzubinden Besonders robust, weil 0,8 mm dick Rostfreier [&hellip;]<\/p>\n","protected":false},"featured_media":2905,"template":"","meta":[],"pwb-brand":[16],"product_brand":[],"product_cat":[52],"product_tag":[],"class_list":{"0":"post-71","1":"product","2":"type-product","3":"status-publish","4":"has-post-thumbnail","6":"pwb-brand-solarblech","7":"product_cat-solarbleche","9":"first","10":"instock","11":"taxable","12":"shipping-taxable","13":"purchasable","14":"product-type-simple"},"brands":[{"id":16,"name":"Saul\u0117s lak\u0161tas","slug":"solarblech"}],"_links":{"self":[{"href":"https:\/\/solarblech.shop\/lt\/wp-json\/wp\/v2\/product\/71","targetHints":{"allow":["GET"]}}],"collection":[{"href":"https:\/\/solarblech.shop\/lt\/wp-json\/wp\/v2\/product"}],"about":[{"href":"https:\/\/solarblech.shop\/lt\/wp-json\/wp\/v2\/types\/product"}],"wp:featuredmedia":[{"embeddable":true,"href":"https:\/\/solarblech.shop\/lt\/wp-json\/wp\/v2\/media\/2905"}],"wp:attachment":[{"href":"https:\/\/solarblech.shop\/lt\/wp-json\/wp\/v2\/media?parent=71"}],"wp:term":[{"taxonomy":"pwb-brand","embeddable":true,"href":"https:\/\/solarblech.shop\/lt\/wp-json\/wp\/v2\/pwb-brand?post=71"},{"taxonomy":"product_brand","embeddable":true,"href":"https:\/\/solarblech.shop\/lt\/wp-json\/wp\/v2\/product_brand?post=71"},{"taxonomy":"product_cat","embeddable":true,"href":"https:\/\/solarblech.shop\/lt\/wp-json\/wp\/v2\/product_cat?post=71"},{"taxonomy":"product_tag","embeddable":true,"href":"https:\/\/solarblech.shop\/lt\/wp-json\/wp\/v2\/product_tag?post=71"}],"curies":[{"name":"wp","href":"https:\/\/api.w.org\/{rel}","templated":true}]}}