{"id":69,"date":"2023-11-14T13:42:22","date_gmt":"2023-11-14T13:42:22","guid":{"rendered":"http:\/\/schagerl.online\/product\/kabeleinfuhrung-ip65-flanschgehause-mit-tulleneinsatz\/"},"modified":"2026-04-03T06:48:46","modified_gmt":"2026-04-03T04:48:46","slug":"kabeleinfuehrung-ip65-flanschgehaeuse","status":"publish","type":"product","link":"https:\/\/solarblech.shop\/lt\/product\/kabeleinfuehrung-ip65-flanschgehaeuse\/","title":{"rendered":"Kabelio \u012fvadas \u2013 IP65 flan\u0161o korpusas su \u012fd\u0117klu"},"content":{"rendered":"<h5>Kabelio \u012fvesties specifikacija<\/h5>\n<p>Flan\u0161inis korpusas su kabelio \u012fvadu pagal IP65 standart\u0105 ant 0,8 mm ner\u016bdijan\u010dio plieno lak\u0161to 200 \u00d7 370 mm.<\/p>\n<p>I\u0161 viso \u0161onuose yra 4 nedidel\u0117s 4 mm skylut\u0117s, skirtos knied\u0117ms tvirtinti tiesiai prie stogo dangos.<\/p>\n<p>\u012e komplekt\u0105 \u012feina:<\/p>\n<ul>\n<li><a href=\"https:\/\/solarblech.shop\/lt\/product\/solarblech-edelstahl-200x370mm-08mm\/\">Ner\u016bdijan\u010dio plieno lak\u0161tas<\/a> 200 \u00d7 370 x 0,8 mm su atitinkamomis \u012fdubomis var\u017etams ir \u012fvor\u0117ms.<\/li>\n<li>90\u00b0 flan\u0161inis korpusas su IP65 apsauga<\/li>\n<li>Einsatz entweder:\n<ul>\n<li>3x purk\u0161tuk\u0173 \u012fd\u0117klai 20, 25 ir 32 mm \u017earnoms<\/li>\n<li>je 3 St\u00fcck T\u00fcllen Klemmbereich 4-7mm und 3 T\u00fcllen Klemmbereich 8-11mm<\/li>\n<\/ul>\n<\/li>\n<li>4 vnt knied\u0117s 4 x 16 mm<\/li>\n<li>Ner\u016bdijan\u010dio plieno var\u017etai ir ver\u017el\u0117s flan\u0161ui pritvirtinti <a href=\"https:\/\/www.aundu.at\/\" rel=\"nofollow noopener\" target=\"_blank\">b\u016bst\u0105<\/a> ant ner\u016bdijan\u010dio plieno lak\u0161to (jau surinktas)<\/li>\n<li>EPDM akytosios gumos sandariklis apa\u010dioje.<\/li>\n<\/ul>\n<p>Savyb\u0117s: atsparus UV spinduliams, be silikono, be halogen\u0173, atsparus vibracijai.<\/p>\n<p>&nbsp;<\/p>\n<p>&nbsp;<\/p>","protected":false},"excerpt":{"rendered":"<p>Spezifikation von Kabeleinf\u00fchrung Flanschgeh\u00e4use mit Kabeleinf\u00fchrung nach IP65 Standard auf einem 0,8 mm Edelstahl Blech 200 \u00d7 370 mm. An den Seiten sind insgesamt 4 kleine 4 mm L\u00f6cher f\u00fcr Nieten zum Befestigen auf der Dacheindeckung direkt. Im Set enthalten: Edelstahlblech 200 \u00d7 370 x 0,8 mm mit passenden Aussparungen f\u00fcr Schrauben und Durchf\u00fchrung. 90\u00b0 [&hellip;]<\/p>\n","protected":false},"featured_media":280,"template":"","meta":[],"pwb-brand":[],"product_brand":[],"product_cat":[49],"product_tag":[80],"class_list":{"0":"post-69","1":"product","2":"type-product","3":"status-publish","4":"has-post-thumbnail","6":"product_cat-kabeleinfuehrungen-und-flansche","7":"product_tag-kabeleinfuehrung","9":"first","10":"instock","11":"taxable","12":"shipping-taxable","13":"purchasable","14":"product-type-variable"},"brands":[],"_links":{"self":[{"href":"https:\/\/solarblech.shop\/lt\/wp-json\/wp\/v2\/product\/69","targetHints":{"allow":["GET"]}}],"collection":[{"href":"https:\/\/solarblech.shop\/lt\/wp-json\/wp\/v2\/product"}],"about":[{"href":"https:\/\/solarblech.shop\/lt\/wp-json\/wp\/v2\/types\/product"}],"wp:featuredmedia":[{"embeddable":true,"href":"https:\/\/solarblech.shop\/lt\/wp-json\/wp\/v2\/media\/280"}],"wp:attachment":[{"href":"https:\/\/solarblech.shop\/lt\/wp-json\/wp\/v2\/media?parent=69"}],"wp:term":[{"taxonomy":"pwb-brand","embeddable":true,"href":"https:\/\/solarblech.shop\/lt\/wp-json\/wp\/v2\/pwb-brand?post=69"},{"taxonomy":"product_brand","embeddable":true,"href":"https:\/\/solarblech.shop\/lt\/wp-json\/wp\/v2\/product_brand?post=69"},{"taxonomy":"product_cat","embeddable":true,"href":"https:\/\/solarblech.shop\/lt\/wp-json\/wp\/v2\/product_cat?post=69"},{"taxonomy":"product_tag","embeddable":true,"href":"https:\/\/solarblech.shop\/lt\/wp-json\/wp\/v2\/product_tag?post=69"}],"curies":[{"name":"wp","href":"https:\/\/api.w.org\/{rel}","templated":true}]}}