{"id":66,"date":"2023-11-14T13:42:22","date_gmt":"2023-11-14T13:42:22","guid":{"rendered":"http:\/\/schagerl.online\/product\/solarblech-sondermas-200x590mm-08mm-inkl-dichtring-v2a\/"},"modified":"2026-03-03T12:25:56","modified_gmt":"2026-03-03T10:25:56","slug":"solarblech-sondermass-590-x-200-mm","status":"publish","type":"product","link":"https:\/\/solarblech.shop\/lt\/product\/solarblech-sondermass-590-x-200-mm\/","title":{"rendered":"Saul\u0117s lak\u0161to specialus dydis 590 x 200 mm su sandarinimo \u017eiedu"},"content":{"rendered":"<h5>Saul\u0117s lak\u0161to specialus dydis 590 x 200 mm didel\u0117ms plok\u0161t\u0117ms<\/h5>\n<p>Jiems b\u016btina <a href=\"http:\/\/www.esz.at\/\" rel=\"nofollow noopener\" target=\"_blank\">Surinkimas<\/a> fotovoltin\u0117 sistema ant Eternito ir skiedr\u0173 stogo:<\/p>\n<div>\n<div>\n<div>\n<ul>\n<li>Saugokite, kad stogo plok\u0161t\u0117s nesul\u016b\u017et\u0173<\/li>\n<li>Norint tinkamai i\u0161leisti vanden\u012f<\/li>\n<li>Svoriui paskirstyti<\/li>\n<li>Teisingai prijunkite pakabos var\u017et\u0105<\/li>\n<li>Ypa\u010d tvirtas, nes yra 0,8 mm storio<\/li>\n<li>Ner\u016bdijantis <a href=\"https:\/\/solarblech.shop\/lt\/product\/alu-solarblech-200x370mm\/\">Ner\u016bdijantis plienas<\/a> (V2A)<\/li>\n<li>Galimas vis\u0173 spalv\u0173 miltelinis da\u017eymas<\/li>\n<li>Gamyba i\u0161skirtinai Austrijoje<\/li>\n<li>galima i\u0161 karto<\/li>\n<\/ul>\n<\/div>\n<\/div>\n<\/div>\n<p>Lapo gale yra 3 mm EPDM akytosios gumos sandariklis. Skersmuo 30-50mm Antspaudas yra \u012ftrauktas ir turi b\u016bti priklijuotas ant sav\u0119s. Prie\u0161ingu atveju, sud\u0117jus lak\u0161tus, sandarikliai sutrai\u0161kyt\u0173.<\/p>\n<p>Pakabos var\u017etai \u012f komplektacij\u0105 ne\u012feina, juos reikia \u012fsigyti atskirai.<\/p>","protected":false},"excerpt":{"rendered":"<p>Solarblech Sonderma\u00df 590 x 200 mm f\u00fcr gro\u00dfe Platten Ein Muss f\u00fcr die Montage einer Photovoltaik Anlage auf einem Eternit und Schindel Dach um: Ein Brechen der Dachplatten verhindern Das Wasser richtig abzuleiten Das Gewicht zu verteilen Die Stockschraube richtig anzubinden Besonders robust, weil 0,8 mm dick Rostfreier Edelstahl (V2A) Pulverbeschichtung in allen Farben m\u00f6glich [&hellip;]<\/p>\n","protected":false},"featured_media":987,"template":"","meta":[],"pwb-brand":[16],"product_brand":[],"product_cat":[52],"product_tag":[],"class_list":{"0":"post-66","1":"product","2":"type-product","3":"status-publish","4":"has-post-thumbnail","6":"pwb-brand-solarblech","7":"product_cat-solarbleche","9":"first","10":"instock","11":"taxable","12":"shipping-taxable","13":"purchasable","14":"product-type-variable","15":"has-default-attributes"},"brands":[{"id":16,"name":"Saul\u0117s lak\u0161tas","slug":"solarblech"}],"_links":{"self":[{"href":"https:\/\/solarblech.shop\/lt\/wp-json\/wp\/v2\/product\/66","targetHints":{"allow":["GET"]}}],"collection":[{"href":"https:\/\/solarblech.shop\/lt\/wp-json\/wp\/v2\/product"}],"about":[{"href":"https:\/\/solarblech.shop\/lt\/wp-json\/wp\/v2\/types\/product"}],"wp:featuredmedia":[{"embeddable":true,"href":"https:\/\/solarblech.shop\/lt\/wp-json\/wp\/v2\/media\/987"}],"wp:attachment":[{"href":"https:\/\/solarblech.shop\/lt\/wp-json\/wp\/v2\/media?parent=66"}],"wp:term":[{"taxonomy":"pwb-brand","embeddable":true,"href":"https:\/\/solarblech.shop\/lt\/wp-json\/wp\/v2\/pwb-brand?post=66"},{"taxonomy":"product_brand","embeddable":true,"href":"https:\/\/solarblech.shop\/lt\/wp-json\/wp\/v2\/product_brand?post=66"},{"taxonomy":"product_cat","embeddable":true,"href":"https:\/\/solarblech.shop\/lt\/wp-json\/wp\/v2\/product_cat?post=66"},{"taxonomy":"product_tag","embeddable":true,"href":"https:\/\/solarblech.shop\/lt\/wp-json\/wp\/v2\/product_tag?post=66"}],"curies":[{"name":"wp","href":"https:\/\/api.w.org\/{rel}","templated":true}]}}