{"id":64,"date":"2023-11-14T13:42:22","date_gmt":"2023-11-14T13:42:22","guid":{"rendered":"http:\/\/schagerl.online\/product\/richtiger-umgang-mit-asbest-auva-merkblatt\/"},"modified":"2026-01-25T11:02:36","modified_gmt":"2026-01-25T09:02:36","slug":"richtiger-umgang-mit-asbest-auva-merkblatt","status":"publish","type":"product","link":"https:\/\/solarblech.shop\/lt\/product\/richtiger-umgang-mit-asbest-auva-merkblatt\/","title":{"rendered":"Teisingas asbesto tvarkymas \u2013 AUVA lapelis"},"content":{"rendered":"<p>Nemokamas AUVA lankstinukas, kaip teisingai elgtis su asbestu<\/p>\n<p>&nbsp;<\/p>\n<p>\u012ekvepiamos asbesto skaidulos sukelia rimtas kv\u0117pavimo tak\u0173 ir plau\u010di\u0173 ligas. Sveikatos problemos atsiranda tik po met\u0173 (de\u0161imtme\u010di\u0173) ir sunkiai gydomos. Nuo 1990 met\u0173 u\u017edraustos asbesto turin\u010dios statybin\u0117s med\u017eiagos kelia pavoj\u0173 statybinink\u0173 ir gyventoj\u0173 sveikatai \u2013 griovimo metu vis dar reikalingos apsaugos priemon\u0117s.<\/p>\n<p>&nbsp;<\/p>\n<p>D\u0117mesio: taisykl\u0117s skirtos Austrijai!<\/p>\n<p>&nbsp;<\/p>\n<p>\u0160\u012f informacin\u012f lap\u0105 taip pat galite gauti arba u\u017esisakyti internetu naudodami \u0161i\u0105 nuorod\u0105.<\/p>\n<p><a href=\"https:\/\/solarblech.shop\/wp-content\/uploads\/2024\/07\/1704373613-m-plus-267-richtiger-umgang-mit-asbest-auva-pdf.pdf\" target=\"_blank\" rel=\"noopener\">ATSISI\u0172STI \u2013 M plus 267 Teisingas asbesto tvarkymas vadovams (Austrija)<\/a><\/p>\n<p><a href=\"https:\/\/solarblech.shop\/wp-content\/uploads\/2024\/07\/merkblatt-richtiger-umgang-mit-asbest.pdf\">ATSISI\u0172STI \u2013 M 367 Teisingas asbesto tvarkymas (Austrija)<\/a><\/p>\n<p>&nbsp;<\/p>","protected":false},"excerpt":{"rendered":"<p>Gratis Merkblatt der AUVA f\u00fcr Richtiger Umgang mit Asbest &nbsp; Asbestfasern f\u00fchren nach dem Einatmen zu schweren Erkrankungen der Atemwege und Lungen. Die Gesundheitsst\u00f6rungen treten erst nach Jahr(zehnt)en auf, und sind kaum behandelbar. Die seit 1990 verbotenen asbesth\u00e4ltigen Baumaterialien gef\u00e4hrdeten die Gesundheit von Bauarbeitern und auch Hausbewohnern &#8211; beim Abbruch sind auch weiterhin Schutzma\u00dfnahmen erforderlich. [&hellip;]<\/p>\n","protected":false},"featured_media":325,"template":"","meta":[],"pwb-brand":[],"product_brand":[],"product_cat":[15],"product_tag":[],"class_list":{"0":"post-64","1":"product","2":"type-product","3":"status-publish","4":"has-post-thumbnail","6":"product_cat-uncategorized","8":"first","9":"instock","10":"sold-individually","11":"taxable","12":"shipping-taxable","13":"purchasable","14":"product-type-simple"},"brands":[],"_links":{"self":[{"href":"https:\/\/solarblech.shop\/lt\/wp-json\/wp\/v2\/product\/64","targetHints":{"allow":["GET"]}}],"collection":[{"href":"https:\/\/solarblech.shop\/lt\/wp-json\/wp\/v2\/product"}],"about":[{"href":"https:\/\/solarblech.shop\/lt\/wp-json\/wp\/v2\/types\/product"}],"wp:featuredmedia":[{"embeddable":true,"href":"https:\/\/solarblech.shop\/lt\/wp-json\/wp\/v2\/media\/325"}],"wp:attachment":[{"href":"https:\/\/solarblech.shop\/lt\/wp-json\/wp\/v2\/media?parent=64"}],"wp:term":[{"taxonomy":"pwb-brand","embeddable":true,"href":"https:\/\/solarblech.shop\/lt\/wp-json\/wp\/v2\/pwb-brand?post=64"},{"taxonomy":"product_brand","embeddable":true,"href":"https:\/\/solarblech.shop\/lt\/wp-json\/wp\/v2\/product_brand?post=64"},{"taxonomy":"product_cat","embeddable":true,"href":"https:\/\/solarblech.shop\/lt\/wp-json\/wp\/v2\/product_cat?post=64"},{"taxonomy":"product_tag","embeddable":true,"href":"https:\/\/solarblech.shop\/lt\/wp-json\/wp\/v2\/product_tag?post=64"}],"curies":[{"name":"wp","href":"https:\/\/api.w.org\/{rel}","templated":true}]}}