{"id":60,"date":"2023-11-14T13:42:21","date_gmt":"2023-11-14T13:42:21","guid":{"rendered":"http:\/\/schagerl.online\/product\/flanschgehause-3-fach-ip65-inkl-tullen-und-dichtung\/"},"modified":"2025-10-03T09:14:21","modified_gmt":"2025-10-03T07:14:21","slug":"flanschgehaeuse-3-fach-ip65-inkl","status":"publish","type":"product","link":"https:\/\/solarblech.shop\/lt\/product\/flanschgehaeuse-3-fach-ip65-inkl\/","title":{"rendered":"Flan\u0161o korpusas 3 kartus IP65, \u012fskaitant tarpiklius ir sandarikl\u012f"},"content":{"rendered":"<h5>Dalijamas flan\u0161o korpusas iki 90\u00b0 <a href=\"https:\/\/solarblech.shop\/lt\/product\/kabeleinfuehrung-ip65-flanschgehaeuse\/\">Kabelio \u012fvadas<\/a> kabeli\u0173 su ki\u0161tukais \/ IP65<\/h5>\n<p>Universalus 3 kart\u0173 flan\u0161o korpusas su IP65 apsaugos klase, su \u012fvor\u0117mis ir sandarikliu. Puikiai tinka saugiam naudojimui sud\u0117tingoje aplinkoje. Atraskite dabar patikim\u0105 sprendim\u0105, atitinkant\u012f j\u016bs\u0173 individualius reikalavimus d\u0117l tvirt\u0173 ir apsaugot\u0173 elektronini\u0173 komponent\u0173 korpus\u0173.<\/p>\n<p>\u012e komplekt\u0105 \u012feina:<\/p>\n<ul>\n<li>3 kart\u0173 flan\u0161o korpusas<\/li>\n<li>integruotas sandariklis<\/li>\n<li>3 tarpikliai (u\u017espaudimo diapazonas 4-7 mm)<\/li>\n<li>3 tarpikliai (u\u017espaudimo diapazonas 8-11 mm)<\/li>\n<\/ul>\n<p>\u0160is flan\u0161inis korpusas, kurio montavimo auk\u0161tis yra tik 38 mm, gali b\u016bti montuojamas daugelyje stog\u0173 <a href=\"http:\/\/www.esz.at\/\" rel=\"nofollow noopener\" target=\"_blank\">naudoti.<\/a><\/p>\n<p>Norint padengti 4-11 mm u\u017ever\u017eimo diapazon\u0105, i\u0161 viso \u012f komplekt\u0105 \u012feina 6 tarpikliai. Tai rei\u0161kia, kad 4 mm\u00b2 saul\u0117s kabelius (5,25 mm) iki 16 mm\u00b2 \u012f\u017eeminimo kabelius (9,9 mm) galima tvirtai suspausti be joki\u0173 problem\u0173.<\/p>\n<ul>\n<li style=\"list-style-type: none;\">\n<ul>\n<li>Ilgis: 100mm<\/li>\n<li>Plotis: 53 mm<\/li>\n<li>Auk\u0161tis: 38 mm<\/li>\n<li>Montavimo auk\u0161tis: 38 mm<\/li>\n<\/ul>\n<\/li>\n<\/ul>","protected":false},"excerpt":{"rendered":"<p>Teilbares Flanschgeh\u00e4use zur 90\u00b0 Kabeleinf\u00fchrung von Leitungen mit Steckern \/ IP65 Vielseitiges 3-fach Flanschgeh\u00e4use mit IP65 Schutzklasse, komplett inklusive T\u00fcllen und Dichtung. Perfekt f\u00fcr den sicheren Einsatz in anspruchsvollen Umgebungen. Entdecken Sie jetzt eine zuverl\u00e4ssige L\u00f6sung f\u00fcr Ihre individuellen Anforderungen an robuste und gesch\u00fctzte Geh\u00e4use f\u00fcr elektronische Komponenten. Im Set dabei: 3-fach Flanschgeh\u00e4use integrierte Dichtung [&hellip;]<\/p>\n","protected":false},"featured_media":318,"template":"","meta":[],"pwb-brand":[],"product_brand":[],"product_cat":[49],"product_tag":[],"class_list":{"0":"post-60","1":"product","2":"type-product","3":"status-publish","4":"has-post-thumbnail","6":"product_cat-kabeleinfuehrungen-und-flansche","8":"first","9":"instock","10":"taxable","11":"shipping-taxable","12":"purchasable","13":"product-type-simple"},"brands":[],"_links":{"self":[{"href":"https:\/\/solarblech.shop\/lt\/wp-json\/wp\/v2\/product\/60","targetHints":{"allow":["GET"]}}],"collection":[{"href":"https:\/\/solarblech.shop\/lt\/wp-json\/wp\/v2\/product"}],"about":[{"href":"https:\/\/solarblech.shop\/lt\/wp-json\/wp\/v2\/types\/product"}],"wp:featuredmedia":[{"embeddable":true,"href":"https:\/\/solarblech.shop\/lt\/wp-json\/wp\/v2\/media\/318"}],"wp:attachment":[{"href":"https:\/\/solarblech.shop\/lt\/wp-json\/wp\/v2\/media?parent=60"}],"wp:term":[{"taxonomy":"pwb-brand","embeddable":true,"href":"https:\/\/solarblech.shop\/lt\/wp-json\/wp\/v2\/pwb-brand?post=60"},{"taxonomy":"product_brand","embeddable":true,"href":"https:\/\/solarblech.shop\/lt\/wp-json\/wp\/v2\/product_brand?post=60"},{"taxonomy":"product_cat","embeddable":true,"href":"https:\/\/solarblech.shop\/lt\/wp-json\/wp\/v2\/product_cat?post=60"},{"taxonomy":"product_tag","embeddable":true,"href":"https:\/\/solarblech.shop\/lt\/wp-json\/wp\/v2\/product_tag?post=60"}],"curies":[{"name":"wp","href":"https:\/\/api.w.org\/{rel}","templated":true}]}}