{"id":55,"date":"2023-11-14T13:42:21","date_gmt":"2023-11-14T13:42:21","guid":{"rendered":"http:\/\/schagerl.online\/product\/stockschraube-m12-edelstahl-vorkonfektioniert\/"},"modified":"2026-04-04T18:27:19","modified_gmt":"2026-04-04T16:27:19","slug":"stockschrauben-m12-edelstahl","status":"publish","type":"product","link":"https:\/\/solarblech.shop\/lt\/product\/stockschrauben-m12-edelstahl\/","title":{"rendered":"Pakabos var\u017etai M12, i\u0161 anksto sumontuotas ner\u016bdijantis plienas"},"content":{"rendered":"<h5>Pakabos var\u017etai M12<\/h5>\n<div><\/div>\n<div>Su i\u0161oriniu \u0161e\u0161iakampiu, ner\u016bdijan\u010dio plieno<\/div>\n<p>Rinkinyje 3 \u00d7 M12 ver\u017el\u0117 ir EPDM sandariklis.<\/p>\n<p>Pagaminta Vokietijoje<\/p>\n<div>\n<p>U\u017e <a href=\"https:\/\/www.aundu.at\/\" rel=\"nofollow noopener\" target=\"_blank\">Surinkimas<\/a> A\u0161 rekomenduoju \u0161i\u0105 pakabos var\u017eto proced\u016br\u0105:<\/p>\n<ul>\n<li>Pakabos var\u017etas M12, i\u0161 anksto gr\u0119\u017eiamas medienoje \u00d8 8,5 mm<\/li>\n<\/ul>\n<p>Pakabos var\u017etas visada turi b\u016bti montuojamas statmenai stogo nuolyd\u017eiui.<\/p>\n<ul>\n<li style=\"list-style-type: none;\">\n<ul>\n<li>Nominalus skersmuo: 12 mm<\/li>\n<li>Versija: i\u0161 anksto surinkta, 1 x EPDM sandariklis, 3 x fiksavimo ver\u017el\u0117,\u00a0<a href=\"https:\/\/solarblech.shop\/lt\/product\/solarblech-edelstahl-200x370mm-08mm\/\">Ner\u016bdijantis plienas<\/a> A2<\/li>\n<\/ul>\n<\/li>\n<\/ul>\n<\/div>","protected":false},"excerpt":{"rendered":"<p>Stockschrauben M12 Mit Au\u00dfensechskant, Edelstahl Im Set 3 \u00d7 Mutter M12 und Dichtung EPDM. Hergestellt in Deutschland F\u00fcr die Montage der Stockschraube empfehle ich folgende Vorgehensweise: Stockschraube M12, Vorbohren in Holz \u00d8 8.5 mm Die Montage der Stockschraube ist immer in senkrechter Ausrichtung zur Dachneigung vorzunehmen. Nenndurchmesser: 12 mm Ausf\u00fchrung: Vorkonfektioniert,\u00a01 x EPDM-Dichtung, 3 x [&hellip;]<\/p>\n","protected":false},"featured_media":870,"template":"","meta":[],"pwb-brand":[],"product_brand":[],"product_cat":[50],"product_tag":[],"class_list":{"0":"post-55","1":"product","2":"type-product","3":"status-publish","4":"has-post-thumbnail","6":"product_cat-stockschrauben-und-adapterbleche","8":"first","9":"instock","10":"taxable","11":"shipping-taxable","12":"purchasable","13":"product-type-variable"},"brands":[],"_links":{"self":[{"href":"https:\/\/solarblech.shop\/lt\/wp-json\/wp\/v2\/product\/55","targetHints":{"allow":["GET"]}}],"collection":[{"href":"https:\/\/solarblech.shop\/lt\/wp-json\/wp\/v2\/product"}],"about":[{"href":"https:\/\/solarblech.shop\/lt\/wp-json\/wp\/v2\/types\/product"}],"wp:featuredmedia":[{"embeddable":true,"href":"https:\/\/solarblech.shop\/lt\/wp-json\/wp\/v2\/media\/870"}],"wp:attachment":[{"href":"https:\/\/solarblech.shop\/lt\/wp-json\/wp\/v2\/media?parent=55"}],"wp:term":[{"taxonomy":"pwb-brand","embeddable":true,"href":"https:\/\/solarblech.shop\/lt\/wp-json\/wp\/v2\/pwb-brand?post=55"},{"taxonomy":"product_brand","embeddable":true,"href":"https:\/\/solarblech.shop\/lt\/wp-json\/wp\/v2\/product_brand?post=55"},{"taxonomy":"product_cat","embeddable":true,"href":"https:\/\/solarblech.shop\/lt\/wp-json\/wp\/v2\/product_cat?post=55"},{"taxonomy":"product_tag","embeddable":true,"href":"https:\/\/solarblech.shop\/lt\/wp-json\/wp\/v2\/product_tag?post=55"}],"curies":[{"name":"wp","href":"https:\/\/api.w.org\/{rel}","templated":true}]}}