{"id":1551,"date":"2024-02-04T13:12:35","date_gmt":"2024-02-04T13:12:35","guid":{"rendered":"https:\/\/solarblech.shop\/?post_type=product&#038;p=1551"},"modified":"2026-03-18T16:06:58","modified_gmt":"2026-03-18T14:06:58","slug":"pulverbeschichtung-alu-solarblech-200x370mm-1mm-inkl-dichtring","status":"publish","type":"product","link":"https:\/\/solarblech.shop\/lt\/product\/pulverbeschichtung-alu-solarblech-200x370mm-1mm-inkl-dichtring\/","title":{"rendered":"MIELINIAI DANGA ALUMINIUMAI 200x370mm 1mm su sandarinimo \u017eiedu"},"content":{"rendered":"<p><strong>ACHTUNG!<\/strong><\/p>\n<ul>\n<li><strong>Bitte unbedingt die gew\u00fcnschte RAL Classic Nummer (4 Ziffern) in das Notizfeld im Warenkorb hinzuf\u00fcgen<\/strong><\/li>\n<\/ul>\n<p><strong>Wichte Hinweise!<\/strong><\/p>\n<ul>\n<li>Bei individuell beschichteten Solarblechen ist leider keine R\u00fccknahme m\u00f6glich.<\/li>\n<li>Die Beschichtung wird extra durchgef\u00fchrt f\u00fcr Sie, Lieferzeit 2 Wochen.<\/li>\n<li>Bei Pulverbeschichtungen gibt es eine Mindestbestellmenge von <strong>25 St\u00fcck. <\/strong>(Mindermengenzuschlag seitens der Beschichtungsfirma)<strong><br \/>\n<\/strong><\/li>\n<\/ul>\n<h5>Spezifikation von Pulverbeschichteten ALU Solarblechen<\/h5>\n<p>Der angegebene Preis ist ein Aluminium Solarblech Standard inklusive Pulverbeschichtung.<\/p>\n<p>Miltelinis da\u017eymas gali b\u016bti atliekamas visomis RAL Classic spalvomis (4 skaitmen\u0173 kodas) matiniu. Atkreipkite d\u0117mes\u012f \u012f norim\u0105 RAL spalv\u0105.<\/p>\n<p>Miltelinis da\u017eymas atliekamas i\u0161 abiej\u0173 pusi\u0173.<\/p>\n<p>&nbsp;<\/p>\n<p>ALU saul\u0117s lak\u0161tas arba sandarinimo lak\u0161tas Eternit, skiedr\u0173 ir \u0161iferio stogams. (Rombas ir daugelis kit\u0173 form\u0173 bei variant\u0173)<\/p>\n<p>Jiems b\u016btina <a href=\"https:\/\/trendex.at\/\" rel=\"nofollow noopener\" target=\"_blank\">Surinkimas<\/a> fotovoltin\u0117 sistema ant Eternito ir skiedr\u0173 stogo:<\/p>\n<div>\n<ul>\n<li>Norint tinkamai i\u0161leisti vanden\u012f<\/li>\n<li>Svoriui paskirstyti<\/li>\n<li>Teisingai prijunkite pakabos var\u017et\u0105<\/li>\n<li>Galimas vis\u0173 spalv\u0173 miltelinis da\u017eymas<\/li>\n<li>Gamyba i\u0161skirtinai Austrijoje<\/li>\n<li>galima i\u0161 karto<\/li>\n<li>n\u0117ra nu\u0161lifuotas<\/li>\n<\/ul>\n<\/div>\n<p>Lapo gale yra 3 mm EPDM akytosios gumos sandariklis. Skersmuo 30-50mm Antspaudas yra \u012ftrauktas ir turi b\u016bti priklijuotas ant sav\u0119s. Prie\u0161ingu atveju, sud\u0117jus lak\u0161tus, sandarikliai sutrai\u0161kyt\u0173.<\/p>\n<p>Pakabos var\u017etai \u012f komplektacij\u0105 ne\u012feina, juos reikia \u012fsigyti atskirai.<\/p>","protected":false},"excerpt":{"rendered":"<p>ACHTUNG! Bitte unbedingt die gew\u00fcnschte RAL Classic Nummer (4 Ziffern) in das Notizfeld im Warenkorb hinzuf\u00fcgen Wichte Hinweise! Bei individuell beschichteten Solarblechen ist leider keine R\u00fccknahme m\u00f6glich. Die Beschichtung wird extra durchgef\u00fchrt f\u00fcr Sie, Lieferzeit 2 Wochen. Bei Pulverbeschichtungen gibt es eine Mindestbestellmenge von 25 St\u00fcck. (Mindermengenzuschlag seitens der Beschichtungsfirma) Spezifikation von Pulverbeschichteten ALU Solarblechen [&hellip;]<\/p>\n","protected":false},"featured_media":3084,"template":"","meta":[],"pwb-brand":[16],"product_brand":[],"product_cat":[52],"product_tag":[],"class_list":{"0":"post-1551","1":"product","2":"type-product","3":"status-publish","4":"has-post-thumbnail","6":"pwb-brand-solarblech","7":"product_cat-solarbleche","9":"first","10":"instock","11":"taxable","12":"shipping-taxable","13":"purchasable","14":"product-type-simple"},"brands":[{"id":16,"name":"Saul\u0117s lak\u0161tas","slug":"solarblech"}],"_links":{"self":[{"href":"https:\/\/solarblech.shop\/lt\/wp-json\/wp\/v2\/product\/1551","targetHints":{"allow":["GET"]}}],"collection":[{"href":"https:\/\/solarblech.shop\/lt\/wp-json\/wp\/v2\/product"}],"about":[{"href":"https:\/\/solarblech.shop\/lt\/wp-json\/wp\/v2\/types\/product"}],"wp:featuredmedia":[{"embeddable":true,"href":"https:\/\/solarblech.shop\/lt\/wp-json\/wp\/v2\/media\/3084"}],"wp:attachment":[{"href":"https:\/\/solarblech.shop\/lt\/wp-json\/wp\/v2\/media?parent=1551"}],"wp:term":[{"taxonomy":"pwb-brand","embeddable":true,"href":"https:\/\/solarblech.shop\/lt\/wp-json\/wp\/v2\/pwb-brand?post=1551"},{"taxonomy":"product_brand","embeddable":true,"href":"https:\/\/solarblech.shop\/lt\/wp-json\/wp\/v2\/product_brand?post=1551"},{"taxonomy":"product_cat","embeddable":true,"href":"https:\/\/solarblech.shop\/lt\/wp-json\/wp\/v2\/product_cat?post=1551"},{"taxonomy":"product_tag","embeddable":true,"href":"https:\/\/solarblech.shop\/lt\/wp-json\/wp\/v2\/product_tag?post=1551"}],"curies":[{"name":"wp","href":"https:\/\/api.w.org\/{rel}","templated":true}]}}