{"id":16,"date":"2023-11-14T12:32:24","date_gmt":"2023-11-14T12:32:24","guid":{"rendered":"http:\/\/schagerl.online\/?page_id=16"},"modified":"2025-12-28T13:51:18","modified_gmt":"2025-12-28T11:51:18","slug":"ruecktrittsrecht","status":"publish","type":"page","link":"https:\/\/solarblech.shop\/lt\/ruecktrittsrecht\/","title":{"rendered":"Teis\u0117 atsisakyti sutarties"},"content":{"rendered":"<div data-elementor-type=\"wp-page\" data-elementor-id=\"16\" class=\"elementor elementor-16\">\n\t\t\t\t<div class=\"elementor-element elementor-element-4eb7038a e-flex e-con-boxed e-con e-parent\" data-id=\"4eb7038a\" data-element_type=\"container\" data-e-type=\"container\">\n\t\t\t\t\t<div class=\"e-con-inner\">\n\t\t\t\t<div class=\"elementor-element elementor-element-1628c0e elementor-widget elementor-widget-heading\" data-id=\"1628c0e\" data-element_type=\"widget\" data-e-type=\"widget\" data-widget_type=\"heading.default\">\n\t\t\t\t<div class=\"elementor-widget-container\">\n\t\t\t\t\t<h2 class=\"elementor-heading-title elementor-size-default\">Teis\u0117 atsisakyti sutarties<\/h2>\t\t\t\t<\/div>\n\t\t\t\t<\/div>\n\t\t\t\t<div class=\"elementor-element elementor-element-2089735 elementor-widget elementor-widget-shortcode\" data-id=\"2089735\" data-element_type=\"widget\" data-e-type=\"widget\" data-widget_type=\"shortcode.default\">\n\t\t\t\t<div class=\"elementor-widget-container\">\n\t\t\t\t\t\t\t<div class=\"elementor-shortcode\">        <style>\n            .wb-container { max-width: 500px; border: 1px solid #ddd; padding: 20px; background: #f9f9f9; margin-bottom: 30px; }\n            .wb-btn-trigger { background-color: #e30613; color: #fff; width: 100%; padding: 15px; border: none; font-weight: bold; cursor: pointer; text-transform: uppercase; }\n            .wb-form-area { display: none; margin-top: 20px; }\n            .wb-label { display: block; font-weight: bold; margin-bottom: 5px; }\n            .wb-input { width: 100%; padding: 10px; margin-bottom: 15px; border: 1px solid #ccc; box-sizing: border-box; }\n            .wb-submit { background-color: #007baf; color: #fff; width: 100%; padding: 15px; border: none; font-weight: bold; cursor: pointer; }\n        <\/style>\n\n        <div class=\"wb-container\">\n            <button type=\"button\" class=\"wb-btn-trigger\" onclick=\"this.style.display='none'; document.getElementById('wb-form').style.display='block';\">\n                Vertrag widerrufen\n            <\/button>\n\n            <div id=\"wb-form\" class=\"wb-form-area\">\n                <form method=\"post\" action=\"\" data-trp-original-action=\"\">\n                    <label class=\"wb-label\">Name des Verbrauchers *<\/label>\n                    <input type=\"text\" name=\"kd_name\" required class=\"wb-input\">\n\n                    <label class=\"wb-label\">Bestell- oder Rechnungsnummer *<\/label>\n                    <input type=\"text\" name=\"kd_order_id\" required class=\"wb-input\">\n\n                    <label class=\"wb-label\">Ihre E-Mail-Adresse f\u00fcr die Best\u00e4tigung *<\/label>\n                    <input type=\"email\" name=\"kd_email\" required class=\"wb-input\">\n\n                    <button type=\"submit\" name=\"widerruf_submit_btn\" class=\"wb-submit\">\n                        WIDERRUF BEST\u00c4TIGEN\n                    <\/button>\n                <input type=\"hidden\" name=\"trp-form-language\" value=\"lt\"\/><\/form>\n            <\/div>\n        <\/div>\n        <\/div>\n\t\t\t\t\t\t<\/div>\n\t\t\t\t<\/div>\n\t\t\t\t<div class=\"elementor-element elementor-element-46264b85 elementor-widget elementor-widget-text-editor\" data-id=\"46264b85\" data-element_type=\"widget\" data-e-type=\"widget\" data-widget_type=\"text-editor.default\">\n\t\t\t\t<div class=\"elementor-widget-container\">\n\t\t\t\t\t\t\t\t\t<div class=\"\" data-mesh-id=\"comp-leuigleminlineContent\" data-testid=\"inline-content\"><p>Savo klientams si\u016blome savanori\u0161k\u0105 sutarties atsisakymo teis\u0119. Pagal Austrijos nuotolini\u0173 ir i\u0161vykimo sandori\u0173 \u012fstatym\u0105 (FAGG), j\u016bs, kaip vartotojas, turite teis\u0119 atsisakyti pirkimo sutarties per 14 dien\u0173 nuo preki\u0173 gavimo, nenurodydami prie\u017eas\u010di\u0173.<\/p><div data-mesh-id=\"comp-leuigleminlineContent-gridContainer\" data-testid=\"mesh-container-content\">\u00a0<\/div><div style=\"text-align: center;\" data-mesh-id=\"comp-leuigleminlineContent-gridContainer\" data-testid=\"mesh-container-content\">Atkreipiame d\u0117mes\u012f, kad atsiimti galime tik pardavimui paruo\u0161tas prekes, t.y. nenaudotas, nesugadintas ir nepriekai\u0161tingos b\u016bkl\u0117s prekes. \u012esitikinkite, kad su prek\u0117mis elkit\u0117s atsargiai ir tinkamai jas supakuokite, kad i\u0161vengtum\u0117te \u017ealos transportavimo metu.<\/div><div data-mesh-id=\"comp-leuigleminlineContent-gridContainer\" data-testid=\"mesh-container-content\">\u00a0<\/div><div style=\"text-align: center;\" data-mesh-id=\"comp-leuigleminlineContent-gridContainer\" data-testid=\"mesh-container-content\">Nor\u0117dami pasinaudoti savo teise atsisakyti sutarties, turite informuoti mane (Bernhard\u0105 Schagerl\u012f) apie savo sprendim\u0105 atsisakyti sutarties. Galite atsi\u0173sti man neoficial\u0173 el.\u00a0<\/div><div data-mesh-id=\"comp-leuigleminlineContent-gridContainer\" data-testid=\"mesh-container-content\">\u00a0<\/div><div style=\"text-align: center;\" data-mesh-id=\"comp-leuigleminlineContent-gridContainer\" data-testid=\"mesh-container-content\">Prek\u0117s turi b\u016bti gr\u0105\u017eintos per 14 dien\u0173 nuo anuliavimo parei\u0161kimo. Klientas padengia preki\u0173 gr\u0105\u017einimo i\u0161laidas, nebent mes ai\u0161kiai sutikome padengti \u0161ias i\u0161laidas.<\/div><div data-mesh-id=\"comp-leuigleminlineContent-gridContainer\" data-testid=\"mesh-container-content\">\u00a0<\/div><div style=\"text-align: center;\" data-mesh-id=\"comp-leuigleminlineContent-gridContainer\" data-testid=\"mesh-container-content\">Sumok\u0117t\u0105 sum\u0105 gr\u0105\u017einsime per 14 dien\u0173 nuo gr\u0105\u017einamos prek\u0117s gavimo.<\/div><div data-mesh-id=\"comp-leuigleminlineContent-gridContainer\" data-testid=\"mesh-container-content\">\u00a0<\/div><div style=\"text-align: center;\" data-mesh-id=\"comp-leuigleminlineContent-gridContainer\" data-testid=\"mesh-container-content\">Ta\u010diau mes pasiliekame teis\u0119 atsisakyti arba suma\u017einti gr\u0105\u017einam\u0105j\u0105 i\u0161mok\u0105, jei prek\u0117s yra sugadintos ar susid\u0117v\u0117jusios.<\/div><div data-mesh-id=\"comp-leuigleminlineContent-gridContainer\" data-testid=\"mesh-container-content\">\u00a0<\/div><div style=\"text-align: center;\" data-mesh-id=\"comp-leuigleminlineContent-gridContainer\" data-testid=\"mesh-container-content\">Atkreipkite d\u0117mes\u012f, kad tam tikroms prek\u0117ms, pvz., gr\u0105\u017einimui netinkamoms d\u0117l savo pob\u016bd\u017eio, arba specialiai pagamintoms prek\u0117ms, tokioms kaip special\u016bs matmenys ar dangos, sutarties atsisakymo teis\u0117 gali b\u016bti netaikoma.<\/div><\/div>\t\t\t\t\t\t\t\t<\/div>\n\t\t\t\t<\/div>\n\t\t\t\t\t<\/div>\n\t\t\t\t<\/div>\n\t\t\t\t<\/div>","protected":false},"excerpt":{"rendered":"<p>R\u00fccktrittsrecht Wir bieten unseren Kunden ein freiwilliges R\u00fccktrittsrecht an. Gem\u00e4\u00df dem \u00f6sterreichischen Fern- und Ausw\u00e4rtsgesch\u00e4fte-Gesetz (FAGG) haben Sie als Verbraucher das Recht, innerhalb von 14 Tagen nach Erhalt der Ware ohne Angabe von Gr\u00fcnden vom Kaufvertrag zur\u00fcckzutreten. \u00a0Bitte beachten Sie, dass wir nur verkaufsbereite Ware zur\u00fccknehmen k\u00f6nnen, d.h. Ware, die unbenutzt, unbesch\u00e4digt und in einwandfreiem [&hellip;]<\/p>\n","protected":false},"author":1,"featured_media":0,"parent":0,"menu_order":0,"comment_status":"closed","ping_status":"closed","template":"","meta":{"footnotes":""},"class_list":["post-16","page","type-page","status-publish","hentry"],"_links":{"self":[{"href":"https:\/\/solarblech.shop\/lt\/wp-json\/wp\/v2\/pages\/16","targetHints":{"allow":["GET"]}}],"collection":[{"href":"https:\/\/solarblech.shop\/lt\/wp-json\/wp\/v2\/pages"}],"about":[{"href":"https:\/\/solarblech.shop\/lt\/wp-json\/wp\/v2\/types\/page"}],"author":[{"embeddable":true,"href":"https:\/\/solarblech.shop\/lt\/wp-json\/wp\/v2\/users\/1"}],"replies":[{"embeddable":true,"href":"https:\/\/solarblech.shop\/lt\/wp-json\/wp\/v2\/comments?post=16"}],"version-history":[{"count":6,"href":"https:\/\/solarblech.shop\/lt\/wp-json\/wp\/v2\/pages\/16\/revisions"}],"predecessor-version":[{"id":3074,"href":"https:\/\/solarblech.shop\/lt\/wp-json\/wp\/v2\/pages\/16\/revisions\/3074"}],"wp:attachment":[{"href":"https:\/\/solarblech.shop\/lt\/wp-json\/wp\/v2\/media?parent=16"}],"curies":[{"name":"wp","href":"https:\/\/api.w.org\/{rel}","templated":true}]}}