{"id":71,"date":"2023-11-14T13:42:22","date_gmt":"2023-11-14T13:42:22","guid":{"rendered":"http:\/\/schagerl.online\/product\/solarblech-edelstahl-200x370mm-08mm-inkl-dichtring\/"},"modified":"2026-03-18T16:44:52","modified_gmt":"2026-03-18T14:44:52","slug":"solarblech-edelstahl-200x370mm-08mm","status":"publish","type":"product","link":"https:\/\/solarblech.shop\/hu\/product\/solarblech-edelstahl-200x370mm-08mm\/","title":{"rendered":"Solar lemez rozsdamentes ac\u00e9l 200x370mm 0,8mm t\u00f6m\u00edt\u0151gy\u0171r\u0171vel egy\u00fctt"},"content":{"rendered":"<h5>A szol\u00e1r rozsdamentes ac\u00e9llemez specifik\u00e1ci\u00f3ja<\/h5>\n<p>Kiv\u00e1l\u00f3 min\u0151s\u00e9g\u0171 rozsdamentes ac\u00e9l szol\u00e1rlemez a biztons\u00e1gos fotovoltaikus telep\u00edt\u00e9shez Eternit-, zsindely- \u00e9s palatet\u0151kre. (Rombusz \u00e9s sok m\u00e1s forma \u00e9s v\u00e1ltozat)<\/p>\n<p>Nekik k\u00f6telez\u0151 <a href=\"https:\/\/lumensolar.at\/\" rel=\"nofollow noopener\" target=\"_blank\">Szerel\u00e9s<\/a> fotovoltaikus rendszer Eternit \u00e9s zsindelytet\u0151n, hogy:<\/p>\n<div>\n<ul>\n<li>A v\u00edz megfelel\u0151 leereszt\u00e9s\u00e9hez<\/li>\n<li>A s\u00faly eloszt\u00e1s\u00e1ra<\/li>\n<li>Csatlakoztassa megfelel\u0151en az akaszt\u00f3csavart<\/li>\n<li>K\u00fcl\u00f6n\u00f6sen robusztus, mert 0,8 mm vastag<\/li>\n<li>Rozsdamentes ac\u00e9l (V2A)<\/li>\n<li>Porfest\u00e9s minden sz\u00ednben lehets\u00e9ges<\/li>\n<li>Gy\u00e1rt\u00e1s kiz\u00e1r\u00f3lag Ausztri\u00e1ban<\/li>\n<li>azonnal el\u00e9rhet\u0151<\/li>\n<\/ul>\n<\/div>\n<p class=\"font_9 wixui-rich-text__text\"><span class=\"wixui-rich-text__text\"><span class=\"color_15 wixui-rich-text__text\">M\u00e9retek: 200 \u00d7 370 mm; 0,8 mm vastag; Furat\u00e1tm\u00e9r\u0151: 15,5 mm, alulr\u00f3l 80 mm magass\u00e1gban.<br \/>\n<\/span><\/span><\/p>\n<p class=\"font_9 wixui-rich-text__text\"><span class=\"wixui-rich-text__text\"><span class=\"color_15 wixui-rich-text__text\">Univerz\u00e1lisan haszn\u00e1lhat\u00f3 10 mm-es \u00e9s 12 mm-es f\u00fcggeszt\u0151csavarokhoz.<\/span><\/span><\/p>\n<p>A lap h\u00e1toldal\u00e1n 3 mm-es EPDM cell\u00e1s gumi t\u00f6m\u00edt\u00e9s tal\u00e1lhat\u00f3. \u00c1tm\u00e9r\u0151je 30-50 mm A pecs\u00e9tet a csomag tartalmazza, \u00e9s r\u00e1 kell ragasztani. A lapok egym\u00e1sra halmoz\u00e1sa k\u00fcl\u00f6nben \u00f6sszet\u00f6rn\u00e9 a t\u00f6m\u00edt\u00e9seket.<\/p>\n<p>A <a href=\"https:\/\/solarblech.shop\/hu\/product\/stockschraube-m10-x-250-mm-edelstahl-vorkonfektioniert\/\">Akaszt\u00f3 csavarok<\/a> nem tartalmazz\u00e1k, k\u00fcl\u00f6n kell megv\u00e1s\u00e1rolni.<\/p>\n<p>Itt megteheti <a href=\"https:\/\/solarblech.shop\/wp-content\/uploads\/2023\/11\/Gebrauchsanleitung-und-Risikobeurteilung.pdf\">Haszn\u00e1lati utas\u00edt\u00e1s \u00e9s kock\u00e1zat\u00e9rt\u00e9kel\u00e9s<\/a> visszakeresni.<\/p>\n<p>Hasonl\u00f3 kulcsszavak: Schletter pala terv, palacsere f\u00f6d\u00e9m, f\u00e9mpala cseref\u00f6d\u00e9m, szerel\u0151lap csempe, h\u00e1tlap<\/p>","protected":false},"excerpt":{"rendered":"<p>Spezifikation von Solarblech Edelstahl Hochwertiges Solarblech Edelstahl f\u00fcr sichere Photovoltaik-Montage auf Eternit, Schindel und Schieferd\u00e4chern.\u00a0(Rhombus und viele anderen Formen und Varianten) Ein Muss f\u00fcr die Montage einer Photovoltaik Anlage auf einem Eternit und Schindel Dach um: Das Wasser richtig abzuleiten Das Gewicht zu verteilen Die Stockschraube richtig anzubinden Besonders robust, weil 0,8 mm dick Rostfreier [&hellip;]<\/p>\n","protected":false},"featured_media":2905,"template":"","meta":[],"pwb-brand":[16],"product_brand":[],"product_cat":[52],"product_tag":[],"class_list":{"0":"post-71","1":"product","2":"type-product","3":"status-publish","4":"has-post-thumbnail","6":"pwb-brand-solarblech","7":"product_cat-solarbleche","9":"first","10":"instock","11":"taxable","12":"shipping-taxable","13":"purchasable","14":"product-type-simple"},"brands":[{"id":16,"name":"Napelemes lap","slug":"solarblech"}],"_links":{"self":[{"href":"https:\/\/solarblech.shop\/hu\/wp-json\/wp\/v2\/product\/71","targetHints":{"allow":["GET"]}}],"collection":[{"href":"https:\/\/solarblech.shop\/hu\/wp-json\/wp\/v2\/product"}],"about":[{"href":"https:\/\/solarblech.shop\/hu\/wp-json\/wp\/v2\/types\/product"}],"wp:featuredmedia":[{"embeddable":true,"href":"https:\/\/solarblech.shop\/hu\/wp-json\/wp\/v2\/media\/2905"}],"wp:attachment":[{"href":"https:\/\/solarblech.shop\/hu\/wp-json\/wp\/v2\/media?parent=71"}],"wp:term":[{"taxonomy":"pwb-brand","embeddable":true,"href":"https:\/\/solarblech.shop\/hu\/wp-json\/wp\/v2\/pwb-brand?post=71"},{"taxonomy":"product_brand","embeddable":true,"href":"https:\/\/solarblech.shop\/hu\/wp-json\/wp\/v2\/product_brand?post=71"},{"taxonomy":"product_cat","embeddable":true,"href":"https:\/\/solarblech.shop\/hu\/wp-json\/wp\/v2\/product_cat?post=71"},{"taxonomy":"product_tag","embeddable":true,"href":"https:\/\/solarblech.shop\/hu\/wp-json\/wp\/v2\/product_tag?post=71"}],"curies":[{"name":"wp","href":"https:\/\/api.w.org\/{rel}","templated":true}]}}