{"id":69,"date":"2023-11-14T13:42:22","date_gmt":"2023-11-14T13:42:22","guid":{"rendered":"http:\/\/schagerl.online\/product\/kabeleinfuhrung-ip65-flanschgehause-mit-tulleneinsatz\/"},"modified":"2026-04-08T08:01:02","modified_gmt":"2026-04-08T06:01:02","slug":"kabeleinfuehrung-ip65-flanschgehaeuse","status":"publish","type":"product","link":"https:\/\/solarblech.shop\/hu\/product\/kabeleinfuehrung-ip65-flanschgehaeuse\/","title":{"rendered":"K\u00e1belbevezet\u00e9s \u2013 IP65 karim\u00e1s h\u00e1z t\u00f6m\u00edt\u0151bet\u00e9ttel"},"content":{"rendered":"<h5>K\u00e1belbemenet specifik\u00e1ci\u00f3<\/h5>\n<p>Karimah\u00e1z IP65 szabv\u00e1ny szerinti k\u00e1belbevezet\u00e9ssel 0,8 mm-es rozsdamentes ac\u00e9llemezen, 200 \u00d7 370 mm.<\/p>\n<p>Az oldalakon \u00f6sszesen 4 db kis 4 mm-es lyuk tal\u00e1lhat\u00f3 a szegecsek sz\u00e1m\u00e1ra, amelyek k\u00f6zvetlen\u00fcl a tet\u0151burkolathoz r\u00f6gz\u00edthet\u0151k.<\/p>\n<p>A k\u00e9szletben tal\u00e1lhat\u00f3:<\/p>\n<ul>\n<li><a href=\"https:\/\/solarblech.shop\/hu\/product\/solarblech-edelstahl-200x370mm-08mm\/\">Rozsdamentes ac\u00e9llemez<\/a> 200 \u00d7 370 x 0,8 mm, hozz\u00e1ill\u0151 m\u00e9lyed\u00e9sekkel a csavarokhoz \u00e9s a perselyekhez.<\/li>\n<li>90\u00b0-os karim\u00e1s h\u00e1z IP65 v\u00e9delemmel<\/li>\n<li>Einsatz entweder:\n<ul>\n<li>3x f\u00fav\u00f3ka bet\u00e9t 20, 25 \u00e9s 32 mm-es t\u00f6ml\u0151kh\u00f6z<\/li>\n<li>je 3 St\u00fcck T\u00fcllen Klemmbereich 4-7mm und 3 T\u00fcllen Klemmbereich 8-11mm<\/li>\n<\/ul>\n<\/li>\n<li>4 db szegecs 4 x 16 mm<\/li>\n<li>Rozsdamentes ac\u00e9l csavarok \u00e9s any\u00e1k a karima r\u00f6gz\u00edt\u00e9s\u00e9hez <a href=\"https:\/\/www.aundu.at\/\" rel=\"nofollow noopener\" target=\"_blank\">h\u00e1z<\/a> a rozsdamentes ac\u00e9llemezen (m\u00e1r \u00f6ssze van szerelve)<\/li>\n<li>EPDM cell\u00e1s gumi t\u00f6m\u00edt\u00e9s az alj\u00e1n.<\/li>\n<\/ul>\n<p>Tulajdons\u00e1gok: UV-\u00e1ll\u00f3, szilikonmentes, halog\u00e9nmentes, rezg\u00e9s\u00e1ll\u00f3.<\/p>\n<p>&nbsp;<\/p>\n<p>&nbsp;<\/p>","protected":false},"excerpt":{"rendered":"<p>Spezifikation von Kabeleinf\u00fchrung Flanschgeh\u00e4use mit Kabeleinf\u00fchrung nach IP65 Standard auf einem 0,8 mm Edelstahl Blech 200 \u00d7 370 mm. An den Seiten sind insgesamt 4 kleine 4 mm L\u00f6cher f\u00fcr Nieten zum Befestigen auf der Dacheindeckung direkt. Im Set enthalten: Edelstahlblech 200 \u00d7 370 x 0,8 mm mit passenden Aussparungen f\u00fcr Schrauben und Durchf\u00fchrung. 90\u00b0 [&hellip;]<\/p>\n","protected":false},"featured_media":280,"template":"","meta":[],"pwb-brand":[],"product_brand":[],"product_cat":[49],"product_tag":[80],"class_list":{"0":"post-69","1":"product","2":"type-product","3":"status-publish","4":"has-post-thumbnail","6":"product_cat-kabeleinfuehrungen-und-flansche","7":"product_tag-kabeleinfuehrung","9":"first","10":"instock","11":"taxable","12":"shipping-taxable","13":"purchasable","14":"product-type-variable"},"brands":[],"_links":{"self":[{"href":"https:\/\/solarblech.shop\/hu\/wp-json\/wp\/v2\/product\/69","targetHints":{"allow":["GET"]}}],"collection":[{"href":"https:\/\/solarblech.shop\/hu\/wp-json\/wp\/v2\/product"}],"about":[{"href":"https:\/\/solarblech.shop\/hu\/wp-json\/wp\/v2\/types\/product"}],"wp:featuredmedia":[{"embeddable":true,"href":"https:\/\/solarblech.shop\/hu\/wp-json\/wp\/v2\/media\/280"}],"wp:attachment":[{"href":"https:\/\/solarblech.shop\/hu\/wp-json\/wp\/v2\/media?parent=69"}],"wp:term":[{"taxonomy":"pwb-brand","embeddable":true,"href":"https:\/\/solarblech.shop\/hu\/wp-json\/wp\/v2\/pwb-brand?post=69"},{"taxonomy":"product_brand","embeddable":true,"href":"https:\/\/solarblech.shop\/hu\/wp-json\/wp\/v2\/product_brand?post=69"},{"taxonomy":"product_cat","embeddable":true,"href":"https:\/\/solarblech.shop\/hu\/wp-json\/wp\/v2\/product_cat?post=69"},{"taxonomy":"product_tag","embeddable":true,"href":"https:\/\/solarblech.shop\/hu\/wp-json\/wp\/v2\/product_tag?post=69"}],"curies":[{"name":"wp","href":"https:\/\/api.w.org\/{rel}","templated":true}]}}