{"id":68,"date":"2023-11-14T13:42:22","date_gmt":"2023-11-14T13:42:22","guid":{"rendered":"http:\/\/schagerl.online\/product\/flanschgehause-ip65-inkl-dichtung-und-tullen-in-grose-20-25-und-32mm\/"},"modified":"2025-04-15T20:01:30","modified_gmt":"2025-04-15T18:01:30","slug":"flanschgehaeuse-ip65-inkl-dichtung","status":"publish","type":"product","link":"https:\/\/solarblech.shop\/hu\/product\/flanschgehaeuse-ip65-inkl-dichtung\/","title":{"rendered":"Karimah\u00e1z IP65, bele\u00e9rtve a t\u00f6m\u00edt\u00e9st \u00e9s a t\u00f6m\u00edt\u00e9seket 20, 25 \u00e9s 32 mm-es m\u00e9retben"},"content":{"rendered":"<h5>IP65 v\u00e9d\u0151karima h\u00e1z.<\/h5>\n<p>A k\u00e9szletben tal\u00e1lhat\u00f3:<\/p>\n<ul>\n<li>90\u00b0-os karima, amely a v\u00e9d\u0151csapot tartalmazza IP65<\/li>\n<li>3x f\u00fav\u00f3ka bet\u00e9t 20, 25 \u00e9s 32 mm-es t\u00f6ml\u0151kh\u00f6z<\/li>\n<li>Rozsdamentes ac\u00e9l csavarok \u00e9s any\u00e1k a karima lapokhoz val\u00f3 r\u00f6gz\u00edt\u00e9s\u00e9hez<\/li>\n<li>EPDM t\u00f6m\u00edt\u00e9s alul.<\/li>\n<\/ul>\n<p>Tulajdons\u00e1gok: UV-\u00e1ll\u00f3, szilikonmentes, halog\u00e9nmentes, rezg\u00e9s\u00e1ll\u00f3.<\/p>\n<ul>\n<li>A f\u00fav\u00f3k\u00e1k \u00e1tm\u00e9r\u0151je: 20, 25 \u00e9s 32 mm<\/li>\n<li>Hossz: 79,8mm<\/li>\n<li>Sz\u00e9less\u00e9g: 80mm<\/li>\n<li>Magass\u00e1g: 57,5 mm<\/li>\n<li><a href=\"https:\/\/www.aundu.at\/\" rel=\"nofollow noopener\" target=\"_blank\">Be\u00e9p\u00edt\u00e9si magass\u00e1g<\/a>: 57,5 mm<\/li>\n<li>Csavarlyukak sz\u00e1ma: 4<\/li>\n<li>Csavarlyuk \u00e1tm\u00e9r\u0151je: 5,5 mm<\/li>\n<li>Anyaga csavarok: <a href=\"https:\/\/solarblech.shop\/hu\/product\/solarblech-edelstahl-200x370mm-08mm\/\">rozsdamentes ac\u00e9l<\/a>, V2A<\/li>\n<\/ul>","protected":false},"excerpt":{"rendered":"<p>Flanschgeh\u00e4use der Schutzarzt IP65. Im Set enthalten: 90\u00b0 Flanschgehause der Schutzarzt IP65 3x T\u00fclleneinsatz f\u00fcr 20, 25 und 32 mm Schl\u00e4uche Edelstahlschrauben und Muttern zum Befestigen des Flansch auf Blechen EPDM Dichtung an der Unterseite. Eigenschaften: UV-Best\u00e4ndig, silikonfrei, halogenfrei, Vibrationssicher. Durchmesser T\u00fcllen: 20, 25 und 32 mm L\u00e4nge: 79,8 mm Breite: 80 mm H\u00f6he: 57,5 [&hellip;]<\/p>\n","protected":false},"featured_media":829,"template":"","meta":[],"pwb-brand":[],"product_brand":[],"product_cat":[49],"product_tag":[],"class_list":{"0":"post-68","1":"product","2":"type-product","3":"status-publish","4":"has-post-thumbnail","6":"product_cat-kabeleinfuehrungen-und-flansche","8":"first","9":"instock","10":"taxable","11":"shipping-taxable","12":"purchasable","13":"product-type-simple"},"brands":[],"_links":{"self":[{"href":"https:\/\/solarblech.shop\/hu\/wp-json\/wp\/v2\/product\/68","targetHints":{"allow":["GET"]}}],"collection":[{"href":"https:\/\/solarblech.shop\/hu\/wp-json\/wp\/v2\/product"}],"about":[{"href":"https:\/\/solarblech.shop\/hu\/wp-json\/wp\/v2\/types\/product"}],"wp:featuredmedia":[{"embeddable":true,"href":"https:\/\/solarblech.shop\/hu\/wp-json\/wp\/v2\/media\/829"}],"wp:attachment":[{"href":"https:\/\/solarblech.shop\/hu\/wp-json\/wp\/v2\/media?parent=68"}],"wp:term":[{"taxonomy":"pwb-brand","embeddable":true,"href":"https:\/\/solarblech.shop\/hu\/wp-json\/wp\/v2\/pwb-brand?post=68"},{"taxonomy":"product_brand","embeddable":true,"href":"https:\/\/solarblech.shop\/hu\/wp-json\/wp\/v2\/product_brand?post=68"},{"taxonomy":"product_cat","embeddable":true,"href":"https:\/\/solarblech.shop\/hu\/wp-json\/wp\/v2\/product_cat?post=68"},{"taxonomy":"product_tag","embeddable":true,"href":"https:\/\/solarblech.shop\/hu\/wp-json\/wp\/v2\/product_tag?post=68"}],"curies":[{"name":"wp","href":"https:\/\/api.w.org\/{rel}","templated":true}]}}