{"id":66,"date":"2023-11-14T13:42:22","date_gmt":"2023-11-14T13:42:22","guid":{"rendered":"http:\/\/schagerl.online\/product\/solarblech-sondermas-200x590mm-08mm-inkl-dichtring-v2a\/"},"modified":"2026-03-03T12:25:56","modified_gmt":"2026-03-03T10:25:56","slug":"solarblech-sondermass-590-x-200-mm","status":"publish","type":"product","link":"https:\/\/solarblech.shop\/hu\/product\/solarblech-sondermass-590-x-200-mm\/","title":{"rendered":"Napelemes lemez speci\u00e1lis m\u00e9ret\u0171 590 x 200 mm t\u00f6m\u00edt\u0151gy\u0171r\u0171vel egy\u00fctt"},"content":{"rendered":"<h5>Napelemes lemez speci\u00e1lis m\u00e9ret\u0171 590 x 200 mm nagy panelekhez<\/h5>\n<p>Nekik k\u00f6telez\u0151 <a href=\"http:\/\/www.esz.at\/\" rel=\"nofollow noopener\" target=\"_blank\">Szerel\u00e9s<\/a> fotovoltaikus rendszer Eternit \u00e9s zsindelytet\u0151n, hogy:<\/p>\n<div>\n<div>\n<div>\n<ul>\n<li>Ker\u00fclje el a tet\u0151panelek elt\u00f6r\u00e9s\u00e9t<\/li>\n<li>A v\u00edz megfelel\u0151 leereszt\u00e9s\u00e9hez<\/li>\n<li>A s\u00faly eloszt\u00e1s\u00e1ra<\/li>\n<li>Csatlakoztassa megfelel\u0151en az akaszt\u00f3csavart<\/li>\n<li>K\u00fcl\u00f6n\u00f6sen robusztus, mert 0,8 mm vastag<\/li>\n<li>Rozsdamentes <a href=\"https:\/\/solarblech.shop\/hu\/product\/alu-solarblech-200x370mm\/\">rozsdamentes ac\u00e9l<\/a> (V2A)<\/li>\n<li>Porfest\u00e9s minden sz\u00ednben lehets\u00e9ges<\/li>\n<li>Gy\u00e1rt\u00e1s kiz\u00e1r\u00f3lag Ausztri\u00e1ban<\/li>\n<li>azonnal el\u00e9rhet\u0151<\/li>\n<\/ul>\n<\/div>\n<\/div>\n<\/div>\n<p>A lap h\u00e1toldal\u00e1n 3 mm-es EPDM cell\u00e1s gumi t\u00f6m\u00edt\u00e9s tal\u00e1lhat\u00f3. \u00c1tm\u00e9r\u0151je 30-50 mm A pecs\u00e9tet a csomag tartalmazza, \u00e9s r\u00e1 kell ragasztani. A lapok egym\u00e1sra halmoz\u00e1sa k\u00fcl\u00f6nben \u00f6sszet\u00f6rn\u00e9 a t\u00f6m\u00edt\u00e9seket.<\/p>\n<p>Az akaszt\u00f3csavarokat nem tartalmazza a csomag, k\u00fcl\u00f6n kell megv\u00e1s\u00e1rolni.<\/p>","protected":false},"excerpt":{"rendered":"<p>Solarblech Sonderma\u00df 590 x 200 mm f\u00fcr gro\u00dfe Platten Ein Muss f\u00fcr die Montage einer Photovoltaik Anlage auf einem Eternit und Schindel Dach um: Ein Brechen der Dachplatten verhindern Das Wasser richtig abzuleiten Das Gewicht zu verteilen Die Stockschraube richtig anzubinden Besonders robust, weil 0,8 mm dick Rostfreier Edelstahl (V2A) Pulverbeschichtung in allen Farben m\u00f6glich [&hellip;]<\/p>\n","protected":false},"featured_media":987,"template":"","meta":[],"pwb-brand":[16],"product_brand":[],"product_cat":[52],"product_tag":[],"class_list":{"0":"post-66","1":"product","2":"type-product","3":"status-publish","4":"has-post-thumbnail","6":"pwb-brand-solarblech","7":"product_cat-solarbleche","9":"first","10":"instock","11":"taxable","12":"shipping-taxable","13":"purchasable","14":"product-type-variable","15":"has-default-attributes"},"brands":[{"id":16,"name":"Napelemes lap","slug":"solarblech"}],"_links":{"self":[{"href":"https:\/\/solarblech.shop\/hu\/wp-json\/wp\/v2\/product\/66","targetHints":{"allow":["GET"]}}],"collection":[{"href":"https:\/\/solarblech.shop\/hu\/wp-json\/wp\/v2\/product"}],"about":[{"href":"https:\/\/solarblech.shop\/hu\/wp-json\/wp\/v2\/types\/product"}],"wp:featuredmedia":[{"embeddable":true,"href":"https:\/\/solarblech.shop\/hu\/wp-json\/wp\/v2\/media\/987"}],"wp:attachment":[{"href":"https:\/\/solarblech.shop\/hu\/wp-json\/wp\/v2\/media?parent=66"}],"wp:term":[{"taxonomy":"pwb-brand","embeddable":true,"href":"https:\/\/solarblech.shop\/hu\/wp-json\/wp\/v2\/pwb-brand?post=66"},{"taxonomy":"product_brand","embeddable":true,"href":"https:\/\/solarblech.shop\/hu\/wp-json\/wp\/v2\/product_brand?post=66"},{"taxonomy":"product_cat","embeddable":true,"href":"https:\/\/solarblech.shop\/hu\/wp-json\/wp\/v2\/product_cat?post=66"},{"taxonomy":"product_tag","embeddable":true,"href":"https:\/\/solarblech.shop\/hu\/wp-json\/wp\/v2\/product_tag?post=66"}],"curies":[{"name":"wp","href":"https:\/\/api.w.org\/{rel}","templated":true}]}}