{"id":63,"date":"2023-11-14T13:42:22","date_gmt":"2023-11-14T13:42:22","guid":{"rendered":"http:\/\/schagerl.online\/product\/adapterplatte-fur-stockschraube-m10\/"},"modified":"2026-04-05T19:50:55","modified_gmt":"2026-04-05T17:50:55","slug":"adapterplatte-fur-stockschraube","status":"publish","type":"product","link":"https:\/\/solarblech.shop\/hu\/product\/adapterplatte-fur-stockschraube\/","title":{"rendered":"Adapterlemez akaszt\u00f3csavarhoz"},"content":{"rendered":"<h5>Adapterlap 10 mm \u00e1tm\u00e9r\u0151j\u0171 akaszt\u00f3csavarokhoz<\/h5>\n<p>Adapterlemezek az akaszt\u00f3csavarnak a profilhoz val\u00f3 csatlakoztat\u00e1s\u00e1hoz.<\/p>\n<p><strong>M10:<\/strong> Adapterlapok, 1 kerek furat 11 mm + 1 hossz\u00fa furat 11 mm<\/p>\n<p>Hossz (mm): 80,0<br \/>\nAnyaga: A2<br \/>\nSz\u00e9less\u00e9g (mm): 30,0<br \/>\nMagass\u00e1g: 5,0<\/p>\n<p>Rozsdamentes ac\u00e9l V2<\/p>\n<p><strong>M12:<\/strong> Adapterlemezek, 1 kerek furat 13 mm + 1 hossz\u00fa lyuk 11 mm<\/p>\n<p>Hossz (mm): 110<br \/>\nAnyaga: A2<br \/>\nSz\u00e9less\u00e9g (mm): 40,0<br \/>\nMagass\u00e1g: 5,0<\/p>\n<p>Rozsdamentes ac\u00e9l V2<\/p>","protected":false},"excerpt":{"rendered":"<p>Adapterplatte f\u00fcr Stockschrauben mit 10 mm Durchmesser Adapterbleche zur Anbindung der Stockschraube an das Profil. M10: Adapterbleche, 1 Rundloch 11 mm + 1 Langloch 11 mm L\u00e4nge (mm): 80,0 Werkstoff: A2 Breite (mm): 30,0 H\u00f6he: 5,0 Edelstahl V2 M12: Adapterbleche, 1 Rundloch 13 mm + 1 Langloch 11 mm L\u00e4nge (mm): 110 Werkstoff: A2 Breite [&hellip;]<\/p>\n","protected":false},"featured_media":291,"template":"","meta":[],"pwb-brand":[],"product_brand":[],"product_cat":[50],"product_tag":[],"class_list":{"0":"post-63","1":"product","2":"type-product","3":"status-publish","4":"has-post-thumbnail","6":"product_cat-stockschrauben-und-adapterbleche","8":"first","9":"instock","10":"taxable","11":"shipping-taxable","12":"purchasable","13":"product-type-variable","14":"has-default-attributes"},"brands":[],"_links":{"self":[{"href":"https:\/\/solarblech.shop\/hu\/wp-json\/wp\/v2\/product\/63","targetHints":{"allow":["GET"]}}],"collection":[{"href":"https:\/\/solarblech.shop\/hu\/wp-json\/wp\/v2\/product"}],"about":[{"href":"https:\/\/solarblech.shop\/hu\/wp-json\/wp\/v2\/types\/product"}],"wp:featuredmedia":[{"embeddable":true,"href":"https:\/\/solarblech.shop\/hu\/wp-json\/wp\/v2\/media\/291"}],"wp:attachment":[{"href":"https:\/\/solarblech.shop\/hu\/wp-json\/wp\/v2\/media?parent=63"}],"wp:term":[{"taxonomy":"pwb-brand","embeddable":true,"href":"https:\/\/solarblech.shop\/hu\/wp-json\/wp\/v2\/pwb-brand?post=63"},{"taxonomy":"product_brand","embeddable":true,"href":"https:\/\/solarblech.shop\/hu\/wp-json\/wp\/v2\/product_brand?post=63"},{"taxonomy":"product_cat","embeddable":true,"href":"https:\/\/solarblech.shop\/hu\/wp-json\/wp\/v2\/product_cat?post=63"},{"taxonomy":"product_tag","embeddable":true,"href":"https:\/\/solarblech.shop\/hu\/wp-json\/wp\/v2\/product_tag?post=63"}],"curies":[{"name":"wp","href":"https:\/\/api.w.org\/{rel}","templated":true}]}}