{"id":61,"date":"2023-11-14T13:42:21","date_gmt":"2023-11-14T13:42:21","guid":{"rendered":"http:\/\/schagerl.online\/product\/flick-nageleisen\/"},"modified":"2026-01-16T10:49:26","modified_gmt":"2026-01-16T08:49:26","slug":"flick-nageleisen","status":"publish","type":"product","link":"https:\/\/solarblech.shop\/hu\/product\/flick-nageleisen\/","title":{"rendered":"Flick Nageleisen 500 mm"},"content":{"rendered":"<h5>Flick Nail Iron 500 mm Flick Iron Tet\u0151fed\u0151 Pala Sz\u00f6gleh\u00faz\u00f3 Sz\u00f6gek<\/h5>\n<p>Optim\u00e1lis hossz\u00fas\u00e1g minden tet\u0151fed\u00e9shez.<\/p>\n<p>Munkahossz: kb 500 mm<\/p>\n<p>Teljes hossz: kb 650 mm.<\/p>\n<p>Ausztri\u00e1ban k\u00e9sz\u00fclt<\/p>\n<p>A sz\u00f6gvas ide\u00e1lis egyedi Eternit vagy pala burkol\u00f3lapok jav\u00edt\u00e1s\u00e1hoz.<\/p>\n<p>V\u00e9kony \u00e9s \u00e9rz\u00e9keny pal\u00e1hoz is.<\/p>\n<p>K\u00fcl\u00f6n\u00f6sen tart\u00f3s, rendk\u00edv\u00fcl rugalmas speci\u00e1lis ac\u00e9lb\u00f3l k\u00e9sz\u00fclt.<\/p>","protected":false},"excerpt":{"rendered":"<p>Flick Nageleisen 500 mm Flickeisen Dachdecker Schiefer-Nagelzieher N\u00e4gel Optimale L\u00e4nge f\u00fcr alle Dacheindeckungen geeignet. Arbeitsl\u00e4nge: ca. 500 mm Gesamtl\u00e4nge: ca. 650 mm. Hergestellt in \u00d6sterreich Das Nageleisen ist hervorragend zum Ausbessern einzelner Eternit- oder Schieferplatten geeignet. Auch f\u00fcr d\u00fcnnen und empfindlichen Schiefer. Aus besonders belastbarem, hochflexiblem Spezialstahl gefertigt.<\/p>","protected":false},"featured_media":292,"template":"","meta":[],"pwb-brand":[],"product_brand":[],"product_cat":[51],"product_tag":[],"class_list":{"0":"post-61","1":"product","2":"type-product","3":"status-publish","4":"has-post-thumbnail","6":"product_cat-montagehilfe-und-bohrer","8":"first","9":"instock","10":"taxable","11":"shipping-taxable","12":"purchasable","13":"product-type-simple"},"brands":[],"_links":{"self":[{"href":"https:\/\/solarblech.shop\/hu\/wp-json\/wp\/v2\/product\/61","targetHints":{"allow":["GET"]}}],"collection":[{"href":"https:\/\/solarblech.shop\/hu\/wp-json\/wp\/v2\/product"}],"about":[{"href":"https:\/\/solarblech.shop\/hu\/wp-json\/wp\/v2\/types\/product"}],"wp:featuredmedia":[{"embeddable":true,"href":"https:\/\/solarblech.shop\/hu\/wp-json\/wp\/v2\/media\/292"}],"wp:attachment":[{"href":"https:\/\/solarblech.shop\/hu\/wp-json\/wp\/v2\/media?parent=61"}],"wp:term":[{"taxonomy":"pwb-brand","embeddable":true,"href":"https:\/\/solarblech.shop\/hu\/wp-json\/wp\/v2\/pwb-brand?post=61"},{"taxonomy":"product_brand","embeddable":true,"href":"https:\/\/solarblech.shop\/hu\/wp-json\/wp\/v2\/product_brand?post=61"},{"taxonomy":"product_cat","embeddable":true,"href":"https:\/\/solarblech.shop\/hu\/wp-json\/wp\/v2\/product_cat?post=61"},{"taxonomy":"product_tag","embeddable":true,"href":"https:\/\/solarblech.shop\/hu\/wp-json\/wp\/v2\/product_tag?post=61"}],"curies":[{"name":"wp","href":"https:\/\/api.w.org\/{rel}","templated":true}]}}