{"id":60,"date":"2023-11-14T13:42:21","date_gmt":"2023-11-14T13:42:21","guid":{"rendered":"http:\/\/schagerl.online\/product\/flanschgehause-3-fach-ip65-inkl-tullen-und-dichtung\/"},"modified":"2025-10-03T09:14:21","modified_gmt":"2025-10-03T07:14:21","slug":"flanschgehaeuse-3-fach-ip65-inkl","status":"publish","type":"product","link":"https:\/\/solarblech.shop\/hu\/product\/flanschgehaeuse-3-fach-ip65-inkl\/","title":{"rendered":"Peremh\u00e1z 3-szoros IP65, bele\u00e9rtve a t\u00f6m\u00edt\u00e9st \u00e9s a t\u00f6m\u00edt\u00e9st"},"content":{"rendered":"<h5>90\u00b0-ban oszthat\u00f3 karim\u00e1s h\u00e1z <a href=\"https:\/\/solarblech.shop\/hu\/product\/kabeleinfuehrung-ip65-flanschgehaeuse\/\">K\u00e1belbemenet<\/a> dug\u00f3s k\u00e1belek \/ IP65<\/h5>\n<p>Sokoldal\u00fa, 3-szoros karim\u00e1s h\u00e1z IP65-\u00f6s v\u00e9detts\u00e9ggel, t\u00f6m\u00edt\u00e9ssel \u00e9s t\u00f6m\u00edt\u00e9ssel. T\u00f6k\u00e9letes biztons\u00e1gos haszn\u00e1latra ig\u00e9nyes k\u00f6rnyezetben. Fedezzen fel most egy megb\u00edzhat\u00f3 megold\u00e1st egy\u00e9ni ig\u00e9nyeinek kiel\u00e9g\u00edt\u00e9s\u00e9re az elektronikus alkatr\u00e9szek robusztus \u00e9s v\u00e9dett h\u00e1zaival kapcsolatban.<\/p>\n<p>A k\u00e9szletben tal\u00e1lhat\u00f3:<\/p>\n<ul>\n<li>3-szoros karim\u00e1s h\u00e1z<\/li>\n<li>integr\u00e1lt t\u00f6m\u00edt\u00e9s<\/li>\n<li>3 t\u00f6m\u00edt\u0151gy\u0171r\u0171 (befog\u00e1si tartom\u00e1ny 4-7 mm)<\/li>\n<li>3 t\u00f6m\u00edt\u0151gy\u0171r\u0171 (fog\u00e1si tartom\u00e1ny 8-11 mm)<\/li>\n<\/ul>\n<p>A mind\u00f6ssze 38 mm-es be\u00e9p\u00edt\u00e9si magass\u00e1gnak k\u00f6sz\u00f6nhet\u0151en ez a karim\u00e1s h\u00e1z a legt\u00f6bb tet\u0151re felszerelhet\u0151 <a href=\"http:\/\/www.esz.at\/\" rel=\"nofollow noopener\" target=\"_blank\">haszn\u00e1lat.<\/a><\/p>\n<p>A 4-11 mm-es befog\u00e1si tartom\u00e1ny lefed\u00e9s\u00e9hez \u00f6sszesen 6 db t\u00f6m\u00edt\u0151gy\u0171r\u0171t tartalmaz a k\u00e9szlet. Ez azt jelenti, hogy a 4 mm\u00b2-es szol\u00e1rk\u00e1belek (5,25 mm) eg\u00e9szen a 16 mm\u00b2-es f\u00f6ldk\u00e1belekig (9,9 mm) gond n\u00e9lk\u00fcl szorosan r\u00f6gz\u00edthet\u0151k.<\/p>\n<ul>\n<li style=\"list-style-type: none;\">\n<ul>\n<li>Hossz: 100mm<\/li>\n<li>Sz\u00e9less\u00e9g: 53mm<\/li>\n<li>Magass\u00e1g: 38mm<\/li>\n<li>Be\u00e9p\u00edt\u00e9si magass\u00e1g: 38 mm<\/li>\n<\/ul>\n<\/li>\n<\/ul>","protected":false},"excerpt":{"rendered":"<p>Teilbares Flanschgeh\u00e4use zur 90\u00b0 Kabeleinf\u00fchrung von Leitungen mit Steckern \/ IP65 Vielseitiges 3-fach Flanschgeh\u00e4use mit IP65 Schutzklasse, komplett inklusive T\u00fcllen und Dichtung. Perfekt f\u00fcr den sicheren Einsatz in anspruchsvollen Umgebungen. Entdecken Sie jetzt eine zuverl\u00e4ssige L\u00f6sung f\u00fcr Ihre individuellen Anforderungen an robuste und gesch\u00fctzte Geh\u00e4use f\u00fcr elektronische Komponenten. Im Set dabei: 3-fach Flanschgeh\u00e4use integrierte Dichtung [&hellip;]<\/p>\n","protected":false},"featured_media":318,"template":"","meta":[],"pwb-brand":[],"product_brand":[],"product_cat":[49],"product_tag":[],"class_list":{"0":"post-60","1":"product","2":"type-product","3":"status-publish","4":"has-post-thumbnail","6":"product_cat-kabeleinfuehrungen-und-flansche","8":"first","9":"instock","10":"taxable","11":"shipping-taxable","12":"purchasable","13":"product-type-simple"},"brands":[],"_links":{"self":[{"href":"https:\/\/solarblech.shop\/hu\/wp-json\/wp\/v2\/product\/60","targetHints":{"allow":["GET"]}}],"collection":[{"href":"https:\/\/solarblech.shop\/hu\/wp-json\/wp\/v2\/product"}],"about":[{"href":"https:\/\/solarblech.shop\/hu\/wp-json\/wp\/v2\/types\/product"}],"wp:featuredmedia":[{"embeddable":true,"href":"https:\/\/solarblech.shop\/hu\/wp-json\/wp\/v2\/media\/318"}],"wp:attachment":[{"href":"https:\/\/solarblech.shop\/hu\/wp-json\/wp\/v2\/media?parent=60"}],"wp:term":[{"taxonomy":"pwb-brand","embeddable":true,"href":"https:\/\/solarblech.shop\/hu\/wp-json\/wp\/v2\/pwb-brand?post=60"},{"taxonomy":"product_brand","embeddable":true,"href":"https:\/\/solarblech.shop\/hu\/wp-json\/wp\/v2\/product_brand?post=60"},{"taxonomy":"product_cat","embeddable":true,"href":"https:\/\/solarblech.shop\/hu\/wp-json\/wp\/v2\/product_cat?post=60"},{"taxonomy":"product_tag","embeddable":true,"href":"https:\/\/solarblech.shop\/hu\/wp-json\/wp\/v2\/product_tag?post=60"}],"curies":[{"name":"wp","href":"https:\/\/api.w.org\/{rel}","templated":true}]}}