{"id":55,"date":"2023-11-14T13:42:21","date_gmt":"2023-11-14T13:42:21","guid":{"rendered":"http:\/\/schagerl.online\/product\/stockschraube-m12-edelstahl-vorkonfektioniert\/"},"modified":"2026-05-02T15:53:01","modified_gmt":"2026-05-02T13:53:01","slug":"stockschrauben-m12-edelstahl","status":"publish","type":"product","link":"https:\/\/solarblech.shop\/hu\/product\/stockschrauben-m12-edelstahl\/","title":{"rendered":"Akaszt\u00f3csavarok M12, el\u0151re szerelt rozsdamentes ac\u00e9l"},"content":{"rendered":"<h5>Akaszt\u00f3csavarok M12<\/h5>\n<div><\/div>\n<div>K\u00fcls\u0151 hatsz\u00f6glet\u0171, rozsdamentes ac\u00e9l<\/div>\n<p>A k\u00e9szletben 3 \u00d7 M12 anya \u00e9s EPDM t\u00f6m\u00edt\u00e9s.<\/p>\n<p>N\u00e9metorsz\u00e1gban k\u00e9sz\u00fclt<\/p>\n<hr \/>\n<p>Welche L\u00e4nge und Durchmesser ben\u00f6tigen Sie? In den <a href=\"https:\/\/solarblech.shop\/hu\/haufige-fragen\/\">H\u00e4ufigen Fragen<\/a> erkl\u00e4ren wir das.<\/p>\n<div>\n<hr \/>\n<p>A <a href=\"https:\/\/www.aundu.at\/\" rel=\"nofollow noopener\" target=\"_blank\">Szerel\u00e9s<\/a> A f\u00fcggeszt\u0151csavarhoz a k\u00f6vetkez\u0151 elj\u00e1r\u00e1st javaslom:<\/p>\n<ul>\n<li>Akaszt\u00f3csavar M12, el\u0151f\u00far\u00e1s f\u00e1ban \u00d8 8,5 mm<\/li>\n<\/ul>\n<p>A f\u00fcggeszt\u0151csavart mindig a tet\u0151 lejt\u00e9s\u00e9re mer\u0151legesen kell felszerelni.<\/p>\n<ul>\n<li style=\"list-style-type: none;\">\n<ul>\n<li>N\u00e9vleges \u00e1tm\u00e9r\u0151: 12 mm<\/li>\n<li>Kivitel: el\u0151szerelt, 1 x EPDM t\u00f6m\u00edt\u00e9s, 3 x z\u00e1r\u00f3anya,\u00a0<a href=\"https:\/\/solarblech.shop\/hu\/product\/solarblech-edelstahl-200x370mm-08mm\/\">rozsdamentes ac\u00e9l<\/a> A2<\/li>\n<\/ul>\n<\/li>\n<\/ul>\n<\/div>","protected":false},"excerpt":{"rendered":"<p>Stockschrauben M12 Mit Au\u00dfensechskant, Edelstahl Im Set 3 \u00d7 Mutter M12 und Dichtung EPDM. Hergestellt in Deutschland Welche L\u00e4nge und Durchmesser ben\u00f6tigen Sie? In den H\u00e4ufigen Fragen erkl\u00e4ren wir das. F\u00fcr die Montage der Stockschraube empfehle ich folgende Vorgehensweise: Stockschraube M12, Vorbohren in Holz \u00d8 8.5 mm Die Montage der Stockschraube ist immer in senkrechter [&hellip;]<\/p>\n","protected":false},"featured_media":870,"template":"","meta":[],"pwb-brand":[],"product_brand":[],"product_cat":[50],"product_tag":[],"class_list":{"0":"post-55","1":"product","2":"type-product","3":"status-publish","4":"has-post-thumbnail","6":"product_cat-stockschrauben-und-adapterbleche","8":"first","9":"instock","10":"taxable","11":"shipping-taxable","12":"purchasable","13":"product-type-variable"},"brands":[],"_links":{"self":[{"href":"https:\/\/solarblech.shop\/hu\/wp-json\/wp\/v2\/product\/55","targetHints":{"allow":["GET"]}}],"collection":[{"href":"https:\/\/solarblech.shop\/hu\/wp-json\/wp\/v2\/product"}],"about":[{"href":"https:\/\/solarblech.shop\/hu\/wp-json\/wp\/v2\/types\/product"}],"wp:featuredmedia":[{"embeddable":true,"href":"https:\/\/solarblech.shop\/hu\/wp-json\/wp\/v2\/media\/870"}],"wp:attachment":[{"href":"https:\/\/solarblech.shop\/hu\/wp-json\/wp\/v2\/media?parent=55"}],"wp:term":[{"taxonomy":"pwb-brand","embeddable":true,"href":"https:\/\/solarblech.shop\/hu\/wp-json\/wp\/v2\/pwb-brand?post=55"},{"taxonomy":"product_brand","embeddable":true,"href":"https:\/\/solarblech.shop\/hu\/wp-json\/wp\/v2\/product_brand?post=55"},{"taxonomy":"product_cat","embeddable":true,"href":"https:\/\/solarblech.shop\/hu\/wp-json\/wp\/v2\/product_cat?post=55"},{"taxonomy":"product_tag","embeddable":true,"href":"https:\/\/solarblech.shop\/hu\/wp-json\/wp\/v2\/product_tag?post=55"}],"curies":[{"name":"wp","href":"https:\/\/api.w.org\/{rel}","templated":true}]}}