{"id":51,"date":"2023-11-14T13:42:21","date_gmt":"2023-11-14T13:42:21","guid":{"rendered":"http:\/\/schagerl.online\/product\/alu-solarblech-200x370mm-1mm-inkl-dichtring\/"},"modified":"2026-03-06T09:51:41","modified_gmt":"2026-03-06T07:51:41","slug":"alu-solarblech-200x370mm","status":"publish","type":"product","link":"https:\/\/solarblech.shop\/hu\/product\/alu-solarblech-200x370mm\/","title":{"rendered":"ALU szol\u00e1rlemez 200x370mm 1mm t\u00f6m\u00edt\u0151gy\u0171r\u0171vel"},"content":{"rendered":"<h5>ALU napelemes lemez specifik\u00e1ci\u00f3ja<\/h5>\n<p>Aufgrund der gro\u00dfen Nachfrage nach einer g\u00fcnstigeren L\u00f6sung kann ich ab sofort auch zus\u00e4tzliche Solarbleche aus Aluminium \u201eAlMg3\u201c 1 mm dick anbieten. Wer eine hochwertige L\u00f6sung aus Edelstahl sucht, empfehle ich die <a href=\"https:\/\/solarblech.shop\/hu\/product\/solarblech-edelstahl-200x370mm-08mm\/\">Napelemes lap<\/a> 200\u00d7370 mm Edelstahl.<\/p>\n<p>ALU napelemes lemez vagy t\u00f6m\u00edt\u0151lemez Eternit-, zsindely- \u00e9s palatet\u0151kre. (Rombusz \u00e9s sok m\u00e1s forma \u00e9s v\u00e1ltozat)<\/p>\n<p>Nekik k\u00f6telez\u0151 <a href=\"https:\/\/trendex.at\/\" rel=\"nofollow noopener\" target=\"_blank\">Szerel\u00e9s<\/a> fotovoltaikus rendszer Eternit \u00e9s zsindelytet\u0151n, hogy:<\/p>\n<div>\n<ul>\n<li>A v\u00edz megfelel\u0151 leereszt\u00e9s\u00e9hez<\/li>\n<li>A s\u00faly eloszt\u00e1s\u00e1ra<\/li>\n<li>Csatlakoztassa megfelel\u0151en az akaszt\u00f3csavart<\/li>\n<li>Porfest\u00e9s minden sz\u00ednben lehets\u00e9ges<\/li>\n<li>Gy\u00e1rt\u00e1s kiz\u00e1r\u00f3lag Ausztri\u00e1ban<\/li>\n<li>azonnal el\u00e9rhet\u0151<\/li>\n<li>nem sorj\u00e1zott<\/li>\n<\/ul>\n<\/div>\n<p>A lap h\u00e1toldal\u00e1n 3 mm-es EPDM cell\u00e1s gumi t\u00f6m\u00edt\u00e9s tal\u00e1lhat\u00f3. \u00c1tm\u00e9r\u0151je 30-50 mm A pecs\u00e9tet a csomag tartalmazza, \u00e9s r\u00e1 kell ragasztani. A lapok egym\u00e1sra halmoz\u00e1sa k\u00fcl\u00f6nben \u00f6sszet\u00f6rn\u00e9 a t\u00f6m\u00edt\u00e9seket.<\/p>\n<p>Az akaszt\u00f3csavarokat nem tartalmazza a csomag, k\u00fcl\u00f6n kell megv\u00e1s\u00e1rolni.<\/p>\n<p>Hasonl\u00f3 kulcsszavak: Schletter pala terv, palacsere f\u00f6d\u00e9m, f\u00e9mpala cseref\u00f6d\u00e9m, szerel\u0151lap csempe, h\u00e1tlap<\/p>","protected":false},"excerpt":{"rendered":"<p>Spezifikation von ALU Solarblech Aufgrund der gro\u00dfen Nachfrage nach einer g\u00fcnstigeren L\u00f6sung kann ich ab sofort auch zus\u00e4tzliche Solarbleche aus Aluminium \u201eAlMg3\u201c 1 mm dick anbieten. Wer eine hochwertige L\u00f6sung aus Edelstahl sucht, empfehle ich die Solarblech 200\u00d7370 mm Edelstahl. ALU Solarblech bzw. Dichtungsblech f\u00fcr Eternit, Schindel bis hin zu Schiefer D\u00e4cher. (Rhombus und viele [&hellip;]<\/p>\n","protected":false},"featured_media":2904,"template":"","meta":[],"pwb-brand":[16],"product_brand":[],"product_cat":[52],"product_tag":[],"class_list":{"0":"post-51","1":"product","2":"type-product","3":"status-publish","4":"has-post-thumbnail","6":"pwb-brand-solarblech","7":"product_cat-solarbleche","9":"first","10":"instock","11":"taxable","12":"shipping-taxable","13":"purchasable","14":"product-type-simple"},"brands":[{"id":16,"name":"Napelemes lap","slug":"solarblech"}],"_links":{"self":[{"href":"https:\/\/solarblech.shop\/hu\/wp-json\/wp\/v2\/product\/51","targetHints":{"allow":["GET"]}}],"collection":[{"href":"https:\/\/solarblech.shop\/hu\/wp-json\/wp\/v2\/product"}],"about":[{"href":"https:\/\/solarblech.shop\/hu\/wp-json\/wp\/v2\/types\/product"}],"wp:featuredmedia":[{"embeddable":true,"href":"https:\/\/solarblech.shop\/hu\/wp-json\/wp\/v2\/media\/2904"}],"wp:attachment":[{"href":"https:\/\/solarblech.shop\/hu\/wp-json\/wp\/v2\/media?parent=51"}],"wp:term":[{"taxonomy":"pwb-brand","embeddable":true,"href":"https:\/\/solarblech.shop\/hu\/wp-json\/wp\/v2\/pwb-brand?post=51"},{"taxonomy":"product_brand","embeddable":true,"href":"https:\/\/solarblech.shop\/hu\/wp-json\/wp\/v2\/product_brand?post=51"},{"taxonomy":"product_cat","embeddable":true,"href":"https:\/\/solarblech.shop\/hu\/wp-json\/wp\/v2\/product_cat?post=51"},{"taxonomy":"product_tag","embeddable":true,"href":"https:\/\/solarblech.shop\/hu\/wp-json\/wp\/v2\/product_tag?post=51"}],"curies":[{"name":"wp","href":"https:\/\/api.w.org\/{rel}","templated":true}]}}