{"id":2013,"date":"2024-09-23T12:23:29","date_gmt":"2024-09-23T10:23:29","guid":{"rendered":"https:\/\/solarblech.shop\/?post_type=product&#038;p=2013"},"modified":"2024-12-10T13:38:23","modified_gmt":"2024-12-10T11:38:23","slug":"asbestanalyse-qualitativer-nachweis","status":"publish","type":"product","link":"https:\/\/solarblech.shop\/hu\/product\/asbestanalyse-qualitativer-nachweis\/","title":{"rendered":"Asbestanalyse \u2013 Qualitativer Nachweis"},"content":{"rendered":"<p>Sorgen Sie f\u00fcr Sicherheit in Ihrem Zuhause oder Ihrer Arbeitsumgebung mit unserer professionellen Asbest Analyse. Wir bieten den qualitativen Nachweis von Asbestfasern. Asbestpr\u00fcfung<\/p>\n<p>Der Asbest Test erfolgt in Anlehnung an die <strong>VDI 3866<\/strong> (\u201eBestimmung von Asbest in technischen Produkten\u201c) mittels <strong>Rasterelektronenmikroskopie<\/strong> und <strong>energiedispersiver R\u00f6ntgenmikroanalyse<\/strong> (REM\/EDS). Dieses Verfahren gilt als das genaueste Nachweisverfahren f\u00fcr Asbest und k\u00fcnstliche Mineralfasern.<\/p>\n<p><strong>Wichtiger Hinweise:<\/strong><\/p>\n<ul>\n<li>Die Asbestuntersuchung wird von einem allgemein beeideten und gerichtlich zertifizierten Sachverst\u00e4ndigen, im Rahmen seiner Sachverst\u00e4ndigent\u00e4tigkeit angeboten.<\/li>\n<\/ul>\n<ul>\n<li><strong>Berichts\u00fcbermittlung:<\/strong> Sie erhalten den ausf\u00fchrlichen Bericht <strong>innerhalb weniger Tagen<\/strong> elektronisch als PDF.<\/li>\n<\/ul>\n<p><strong>Anleitung zur Probenentnahme:<\/strong><\/p>\n<ol>\n<li><strong>Probenmenge:<\/strong> Entnehmen Sie ca. <strong>1 cm\u00b2<\/strong> vagy <strong>1 cm\u00b3<\/strong> des Materials.<\/li>\n<li><strong>Verpackung:<\/strong> Legen Sie die Probe in einen <strong>beschrifteten und gut verschlie\u00dfbaren Kunststoffbeutel<\/strong>.<\/li>\n<li><strong>Versand:<\/strong> Senden Sie die Probe zusammen mit dem ausgef\u00fcllten Einreichungsformular idealerweise in einem Luftpolsterkuvert oder als Paket an die angegebene Adresse.<\/li>\n<\/ol>\n<p><strong>Tipps f\u00fcr die Probenannahme:<br \/>\n<\/strong><\/p>\n<ul>\n<li><strong>Faserzementplatten:<\/strong> Brechen Sie eine kleine Ecke mit einer Zange ab.<\/li>\n<li><strong>Eigenschutz:<\/strong> Tragen Sie eine FFP2-Maske<\/li>\n<\/ul>","protected":false},"excerpt":{"rendered":"<p>Sorgen Sie f\u00fcr Sicherheit in Ihrem Zuhause oder Ihrer Arbeitsumgebung mit unserer professionellen Asbest Analyse. Wir bieten den qualitativen Nachweis von Asbestfasern. Asbestpr\u00fcfung Der Asbest Test erfolgt in Anlehnung an die VDI 3866 (\u201eBestimmung von Asbest in technischen Produkten\u201c) mittels Rasterelektronenmikroskopie und energiedispersiver R\u00f6ntgenmikroanalyse (REM\/EDS). Dieses Verfahren gilt als das genaueste Nachweisverfahren f\u00fcr Asbest und [&hellip;]<\/p>\n","protected":false},"featured_media":2014,"template":"","meta":[],"pwb-brand":[],"product_brand":[],"product_cat":[83],"product_tag":[],"class_list":{"0":"post-2013","1":"product","2":"type-product","3":"status-publish","4":"has-post-thumbnail","6":"product_cat-analyse","8":"first","9":"instock","10":"downloadable","11":"virtual","12":"taxable","13":"purchasable","14":"product-type-simple"},"brands":[],"_links":{"self":[{"href":"https:\/\/solarblech.shop\/hu\/wp-json\/wp\/v2\/product\/2013","targetHints":{"allow":["GET"]}}],"collection":[{"href":"https:\/\/solarblech.shop\/hu\/wp-json\/wp\/v2\/product"}],"about":[{"href":"https:\/\/solarblech.shop\/hu\/wp-json\/wp\/v2\/types\/product"}],"wp:featuredmedia":[{"embeddable":true,"href":"https:\/\/solarblech.shop\/hu\/wp-json\/wp\/v2\/media\/2014"}],"wp:attachment":[{"href":"https:\/\/solarblech.shop\/hu\/wp-json\/wp\/v2\/media?parent=2013"}],"wp:term":[{"taxonomy":"pwb-brand","embeddable":true,"href":"https:\/\/solarblech.shop\/hu\/wp-json\/wp\/v2\/pwb-brand?post=2013"},{"taxonomy":"product_brand","embeddable":true,"href":"https:\/\/solarblech.shop\/hu\/wp-json\/wp\/v2\/product_brand?post=2013"},{"taxonomy":"product_cat","embeddable":true,"href":"https:\/\/solarblech.shop\/hu\/wp-json\/wp\/v2\/product_cat?post=2013"},{"taxonomy":"product_tag","embeddable":true,"href":"https:\/\/solarblech.shop\/hu\/wp-json\/wp\/v2\/product_tag?post=2013"}],"curies":[{"name":"wp","href":"https:\/\/api.w.org\/{rel}","templated":true}]}}