{"id":1551,"date":"2024-02-04T13:12:35","date_gmt":"2024-02-04T13:12:35","guid":{"rendered":"https:\/\/solarblech.shop\/?post_type=product&#038;p=1551"},"modified":"2026-03-18T16:06:58","modified_gmt":"2026-03-18T14:06:58","slug":"pulverbeschichtung-alu-solarblech-200x370mm-1mm-inkl-dichtring","status":"publish","type":"product","link":"https:\/\/solarblech.shop\/hu\/product\/pulverbeschichtung-alu-solarblech-200x370mm-1mm-inkl-dichtring\/","title":{"rendered":"PORBEvonat ALU szol\u00e1r lemez 200x370mm 1mm t\u00f6m\u00edt\u0151gy\u0171r\u0171vel"},"content":{"rendered":"<p><strong>ACHTUNG!<\/strong><\/p>\n<ul>\n<li><strong>Bitte unbedingt die gew\u00fcnschte RAL Classic Nummer (4 Ziffern) in das Notizfeld im Warenkorb hinzuf\u00fcgen<\/strong><\/li>\n<\/ul>\n<p><strong>Wichte Hinweise!<\/strong><\/p>\n<ul>\n<li>Bei individuell beschichteten Solarblechen ist leider keine R\u00fccknahme m\u00f6glich.<\/li>\n<li>Die Beschichtung wird extra durchgef\u00fchrt f\u00fcr Sie, Lieferzeit 2 Wochen.<\/li>\n<li>Bei Pulverbeschichtungen gibt es eine Mindestbestellmenge von <strong>25 St\u00fcck. <\/strong>(Mindermengenzuschlag seitens der Beschichtungsfirma)<strong><br \/>\n<\/strong><\/li>\n<\/ul>\n<h5>Spezifikation von Pulverbeschichteten ALU Solarblechen<\/h5>\n<p>Der angegebene Preis ist ein Aluminium Solarblech Standard inklusive Pulverbeschichtung.<\/p>\n<p>A porfest\u00e9s minden RAL Classic sz\u00ednben (4 sz\u00e1mjegy\u0171 k\u00f3d) elv\u00e9gezhet\u0151 matt sz\u00ednben. K\u00e9rj\u00fck, vegye figyelembe a k\u00edv\u00e1nt RAL sz\u00ednt.<\/p>\n<p>A porfest\u00e9s mindk\u00e9t oldalon t\u00f6rt\u00e9nik.<\/p>\n<p>&nbsp;<\/p>\n<p>ALU napelemes lemez vagy t\u00f6m\u00edt\u0151lemez Eternit-, zsindely- \u00e9s palatet\u0151kre. (Rombusz \u00e9s sok m\u00e1s forma \u00e9s v\u00e1ltozat)<\/p>\n<p>Nekik k\u00f6telez\u0151 <a href=\"https:\/\/trendex.at\/\" rel=\"nofollow noopener\" target=\"_blank\">Szerel\u00e9s<\/a> fotovoltaikus rendszer Eternit \u00e9s zsindelytet\u0151n, hogy:<\/p>\n<div>\n<ul>\n<li>A v\u00edz megfelel\u0151 leereszt\u00e9s\u00e9hez<\/li>\n<li>A s\u00faly eloszt\u00e1s\u00e1ra<\/li>\n<li>Csatlakoztassa megfelel\u0151en az akaszt\u00f3csavart<\/li>\n<li>Porfest\u00e9s minden sz\u00ednben lehets\u00e9ges<\/li>\n<li>Gy\u00e1rt\u00e1s kiz\u00e1r\u00f3lag Ausztri\u00e1ban<\/li>\n<li>azonnal el\u00e9rhet\u0151<\/li>\n<li>nem sorj\u00e1zott<\/li>\n<\/ul>\n<\/div>\n<p>A lap h\u00e1toldal\u00e1n 3 mm-es EPDM cell\u00e1s gumi t\u00f6m\u00edt\u00e9s tal\u00e1lhat\u00f3. \u00c1tm\u00e9r\u0151je 30-50 mm A pecs\u00e9tet a csomag tartalmazza, \u00e9s r\u00e1 kell ragasztani. A lapok egym\u00e1sra halmoz\u00e1sa k\u00fcl\u00f6nben \u00f6sszet\u00f6rn\u00e9 a t\u00f6m\u00edt\u00e9seket.<\/p>\n<p>Az akaszt\u00f3csavarokat nem tartalmazza a csomag, k\u00fcl\u00f6n kell megv\u00e1s\u00e1rolni.<\/p>","protected":false},"excerpt":{"rendered":"<p>ACHTUNG! Bitte unbedingt die gew\u00fcnschte RAL Classic Nummer (4 Ziffern) in das Notizfeld im Warenkorb hinzuf\u00fcgen Wichte Hinweise! Bei individuell beschichteten Solarblechen ist leider keine R\u00fccknahme m\u00f6glich. Die Beschichtung wird extra durchgef\u00fchrt f\u00fcr Sie, Lieferzeit 2 Wochen. Bei Pulverbeschichtungen gibt es eine Mindestbestellmenge von 25 St\u00fcck. (Mindermengenzuschlag seitens der Beschichtungsfirma) Spezifikation von Pulverbeschichteten ALU Solarblechen [&hellip;]<\/p>\n","protected":false},"featured_media":3084,"template":"","meta":[],"pwb-brand":[16],"product_brand":[],"product_cat":[52],"product_tag":[],"class_list":{"0":"post-1551","1":"product","2":"type-product","3":"status-publish","4":"has-post-thumbnail","6":"pwb-brand-solarblech","7":"product_cat-solarbleche","9":"first","10":"instock","11":"taxable","12":"shipping-taxable","13":"purchasable","14":"product-type-simple"},"brands":[{"id":16,"name":"Napelemes lap","slug":"solarblech"}],"_links":{"self":[{"href":"https:\/\/solarblech.shop\/hu\/wp-json\/wp\/v2\/product\/1551","targetHints":{"allow":["GET"]}}],"collection":[{"href":"https:\/\/solarblech.shop\/hu\/wp-json\/wp\/v2\/product"}],"about":[{"href":"https:\/\/solarblech.shop\/hu\/wp-json\/wp\/v2\/types\/product"}],"wp:featuredmedia":[{"embeddable":true,"href":"https:\/\/solarblech.shop\/hu\/wp-json\/wp\/v2\/media\/3084"}],"wp:attachment":[{"href":"https:\/\/solarblech.shop\/hu\/wp-json\/wp\/v2\/media?parent=1551"}],"wp:term":[{"taxonomy":"pwb-brand","embeddable":true,"href":"https:\/\/solarblech.shop\/hu\/wp-json\/wp\/v2\/pwb-brand?post=1551"},{"taxonomy":"product_brand","embeddable":true,"href":"https:\/\/solarblech.shop\/hu\/wp-json\/wp\/v2\/product_brand?post=1551"},{"taxonomy":"product_cat","embeddable":true,"href":"https:\/\/solarblech.shop\/hu\/wp-json\/wp\/v2\/product_cat?post=1551"},{"taxonomy":"product_tag","embeddable":true,"href":"https:\/\/solarblech.shop\/hu\/wp-json\/wp\/v2\/product_tag?post=1551"}],"curies":[{"name":"wp","href":"https:\/\/api.w.org\/{rel}","templated":true}]}}