{"id":140,"date":"2023-11-15T16:42:16","date_gmt":"2023-11-15T16:42:16","guid":{"rendered":"http:\/\/schagerl.online\/?page_id=140"},"modified":"2024-01-08T10:55:36","modified_gmt":"2024-01-08T10:55:36","slug":"montageanleitung","status":"publish","type":"page","link":"https:\/\/solarblech.shop\/hu\/montageanleitung\/","title":{"rendered":"Szerel\u00e9si \u00fatmutat\u00f3"},"content":{"rendered":"<div data-elementor-type=\"wp-page\" data-elementor-id=\"140\" class=\"elementor elementor-140\">\n\t\t\t\t<div class=\"elementor-element elementor-element-e0da0f1 e-flex e-con-boxed e-con e-parent\" data-id=\"e0da0f1\" data-element_type=\"container\" data-e-type=\"container\">\n\t\t\t\t\t<div class=\"e-con-inner\">\n\t\t<div class=\"elementor-element elementor-element-1324b8f e-con-full e-flex e-con e-child\" data-id=\"1324b8f\" data-element_type=\"container\" data-e-type=\"container\">\n\t\t\t\t<div class=\"elementor-element elementor-element-64a4b52 elementor-widget elementor-widget-video\" data-id=\"64a4b52\" data-element_type=\"widget\" data-e-type=\"widget\" data-settings=\"{&quot;youtube_url&quot;:&quot;https:\\\/\\\/youtu.be\\\/8JjslaCkk4o?si=7MgklePrW2g4tTYk&quot;,&quot;autoplay&quot;:&quot;yes&quot;,&quot;play_on_mobile&quot;:&quot;yes&quot;,&quot;mute&quot;:&quot;yes&quot;,&quot;loop&quot;:&quot;yes&quot;,&quot;video_type&quot;:&quot;youtube&quot;,&quot;controls&quot;:&quot;yes&quot;}\" data-widget_type=\"video.default\">\n\t\t\t\t<div class=\"elementor-widget-container\">\n\t\t\t\t\t\t\t<div class=\"elementor-wrapper elementor-open-inline\">\n\t\t\t<div class=\"elementor-video\"><\/div>\t\t<\/div>\n\t\t\t\t\t\t<\/div>\n\t\t\t\t<\/div>\n\t\t\t\t<div class=\"elementor-element elementor-element-d3d8a14 elementor-hidden-mobile elementor-widget elementor-widget-video\" data-id=\"d3d8a14\" data-element_type=\"widget\" data-e-type=\"widget\" data-settings=\"{&quot;youtube_url&quot;:&quot;https:\\\/\\\/youtu.be\\\/OmYZIBy_sDg?si=-c_qsnXPBBLhDI0O&quot;,&quot;video_type&quot;:&quot;youtube&quot;,&quot;controls&quot;:&quot;yes&quot;}\" data-widget_type=\"video.default\">\n\t\t\t\t<div class=\"elementor-widget-container\">\n\t\t\t\t\t\t\t<div class=\"elementor-wrapper elementor-open-inline\">\n\t\t\t<div class=\"elementor-video\"><\/div>\t\t<\/div>\n\t\t\t\t\t\t<\/div>\n\t\t\t\t<\/div>\n\t\t\t\t<div class=\"elementor-element elementor-element-f0c2cc8 elementor-hidden-mobile elementor-widget elementor-widget-video\" data-id=\"f0c2cc8\" data-element_type=\"widget\" data-e-type=\"widget\" data-settings=\"{&quot;youtube_url&quot;:&quot;https:\\\/\\\/youtu.be\\\/gZE60V7B09U?si=nLfhLZJYIRUQQVHq&quot;,&quot;video_type&quot;:&quot;youtube&quot;,&quot;controls&quot;:&quot;yes&quot;}\" data-widget_type=\"video.default\">\n\t\t\t\t<div class=\"elementor-widget-container\">\n\t\t\t\t\t\t\t<div class=\"elementor-wrapper elementor-open-inline\">\n\t\t\t<div class=\"elementor-video\"><\/div>\t\t<\/div>\n\t\t\t\t\t\t<\/div>\n\t\t\t\t<\/div>\n\t\t\t\t<div class=\"elementor-element elementor-element-1a6cac7 elementor-hidden-mobile elementor-widget elementor-widget-image\" data-id=\"1a6cac7\" data-element_type=\"widget\" data-e-type=\"widget\" data-widget_type=\"image.default\">\n\t\t\t\t<div class=\"elementor-widget-container\">\n\t\t\t\t\t\t\t\t\t\t\t\t\t\t\t<img fetchpriority=\"high\" decoding=\"async\" width=\"640\" height=\"288\" src=\"https:\/\/solarblech.shop\/wp-content\/uploads\/2023\/11\/1670514203802.webp\" class=\"attachment-large size-large wp-image-142\" alt=\"\" srcset=\"https:\/\/solarblech.shop\/wp-content\/uploads\/2023\/11\/1670514203802.webp 640w, https:\/\/solarblech.shop\/wp-content\/uploads\/2023\/11\/1670514203802-300x135.webp 300w, https:\/\/solarblech.shop\/wp-content\/uploads\/2023\/11\/1670514203802-600x270.webp 600w\" sizes=\"(max-width: 640px) 100vw, 640px\" \/>\t\t\t\t\t\t\t\t\t\t\t\t\t\t\t<\/div>\n\t\t\t\t<\/div>\n\t\t\t\t<div class=\"elementor-element elementor-element-c868384 elementor-hidden-mobile elementor-widget elementor-widget-image\" data-id=\"c868384\" data-element_type=\"widget\" data-e-type=\"widget\" data-widget_type=\"image.default\">\n\t\t\t\t<div class=\"elementor-widget-container\">\n\t\t\t\t\t\t\t\t\t\t\t\t\t\t\t<img decoding=\"async\" width=\"575\" height=\"1024\" src=\"https:\/\/solarblech.shop\/wp-content\/uploads\/2023\/11\/1655545895456-575x1024.webp\" class=\"attachment-large size-large wp-image-143\" alt=\"\" srcset=\"https:\/\/solarblech.shop\/wp-content\/uploads\/2023\/11\/1655545895456-575x1024.webp 575w, https:\/\/solarblech.shop\/wp-content\/uploads\/2023\/11\/1655545895456-300x534.webp 300w, https:\/\/solarblech.shop\/wp-content\/uploads\/2023\/11\/1655545895456-600x1068.webp 600w, https:\/\/solarblech.shop\/wp-content\/uploads\/2023\/11\/1655545895456-169x300.webp 169w, https:\/\/solarblech.shop\/wp-content\/uploads\/2023\/11\/1655545895456.webp 640w\" sizes=\"(max-width: 575px) 100vw, 575px\" \/>\t\t\t\t\t\t\t\t\t\t\t\t\t\t\t<\/div>\n\t\t\t\t<\/div>\n\t\t\t\t<\/div>\n\t\t<div class=\"elementor-element elementor-element-c3a1462 e-flex e-con-boxed e-con e-child\" data-id=\"c3a1462\" data-element_type=\"container\" data-e-type=\"container\" data-settings=\"{&quot;background_background&quot;:&quot;classic&quot;}\">\n\t\t\t\t\t<div class=\"e-con-inner\">\n\t\t\t\t<div class=\"elementor-element elementor-element-8401a91 elementor-widget elementor-widget-heading\" data-id=\"8401a91\" data-element_type=\"widget\" data-e-type=\"widget\" data-widget_type=\"heading.default\">\n\t\t\t\t<div class=\"elementor-widget-container\">\n\t\t\t\t\t<h2 class=\"elementor-heading-title elementor-size-default\">Szerel\u00e9si \u00fatmutat\u00f3<\/h2>\t\t\t\t<\/div>\n\t\t\t\t<\/div>\n\t\t\t\t<div class=\"elementor-element elementor-element-61f5f64 elementor-widget elementor-widget-text-editor\" data-id=\"61f5f64\" data-element_type=\"widget\" data-e-type=\"widget\" data-widget_type=\"text-editor.default\">\n\t\t\t\t<div class=\"elementor-widget-container\">\n\t\t\t\t\t\t\t\t\t<ul class=\"color_15 font_8 wixui-rich-text__text\"><li class=\"wixui-rich-text__text\"><p class=\"font_8 wixui-rich-text__text\"><span class=\"wixui-rich-text__text\"><span class=\"color_15 wixui-rich-text__text\">Az els\u0151 l\u00e9p\u00e9s a tet\u0151 tiszt\u00edt\u00e1sa a moh\u00e1t\u00f3l \u00e9s a szennyez\u0151d\u00e9sekt\u0151l. A legjobb a hagyom\u00e1nyos utcai sepr\u0171 haszn\u00e1lata.<\/span><\/span><\/p><\/li><\/ul><ul class=\"color_15 font_8 wixui-rich-text__text\"><li class=\"wixui-rich-text__text\"><p class=\"font_8 wixui-rich-text__text\"><span class=\"wixui-rich-text__text\">Ezut\u00e1n meg kell jel\u00f6lni a tet\u0151n l\u00e9v\u0151 furatok pontjait. Att\u00f3l f\u00fcgg\u0151en, hogy l\u00e1that\u00f3ak-e a szaruf\u00e1k bel\u00fclr\u0151l vagy sem, ez lehet a legunalmasabb r\u00e9sz.\u00a0<span style=\"text-decoration: underline;\"><a class=\"wixui-rich-text__text\" href=\"https:\/\/amzn.to\/3B8SgVR\" target=\"_blank\" rel=\"noreferrer noopener nofollow\">Kr\u00e9ta vonal, kr\u00e9t\u00e1val<\/a><\/span>\u00a0\u00e9s egy\u00a0<span style=\"text-decoration: underline;\"><a class=\"wixui-rich-text__text\" href=\"https:\/\/amzn.to\/3cjW1xe\" target=\"_blank\" rel=\"noreferrer noopener nofollow\">professzion\u00e1lis kr\u00e9tajel\u00f6l\u0151<\/a>.<\/span> Tippk\u00e9nt a tet\u0151gerinc nyit\u00e1s\u00e1t tudom aj\u00e1nlani. Nekem erre van egy\u00a0<a class=\"wixui-rich-text__text\" href=\"https:\/\/www.youtube.com\/watch?v=OmYZIBy_sDg\" target=\"_blank\" rel=\"noreferrer noopener nofollow\">Youtube vide\u00f3<\/a> megfordult, tal\u00e1n seg\u00edt.<\/span><\/p><\/li><\/ul><ul class=\"color_15 font_8 wixui-rich-text__text\"><li class=\"wixui-rich-text__text\"><p class=\"font_8 wixui-rich-text__text\"><span class=\"wixui-rich-text__text\">A f\u00far\u00e1si pontokat k\u00f6zvetlen\u00fcl a keresztir\u00e1ny\u00fa tet\u0151l\u00e9c felett kell elv\u00e9gezni. Ahol a tet\u0151l\u00e9cek futnak<\/span>\u00a0Az Eternit lemezeken l\u00e9v\u0151 k\u00f6r\u00f6mpontokr\u00f3l ismerheti fel \u0151ket.<\/p><\/li><\/ul>\t\t\t\t\t\t\t\t<\/div>\n\t\t\t\t<\/div>\n\t\t<div class=\"elementor-element elementor-element-ac0c941 e-flex e-con-boxed e-con e-child\" data-id=\"ac0c941\" data-element_type=\"container\" data-e-type=\"container\" data-settings=\"{&quot;background_background&quot;:&quot;classic&quot;}\">\n\t\t\t\t\t<div class=\"e-con-inner\">\n\t\t\t\t<div class=\"elementor-element elementor-element-d44a383 elementor-widget elementor-widget-text-editor\" data-id=\"d44a383\" data-element_type=\"widget\" data-e-type=\"widget\" data-widget_type=\"text-editor.default\">\n\t\t\t\t<div class=\"elementor-widget-container\">\n\t\t\t\t\t\t\t\t\t<p>Grafika: \u00a9 baulinks.de 2014<\/p>\t\t\t\t\t\t\t\t<\/div>\n\t\t\t\t<\/div>\n\t\t\t\t\t<\/div>\n\t\t\t\t<\/div>\n\t\t\t\t<div class=\"elementor-element elementor-element-b942358 elementor-widget elementor-widget-text-editor\" data-id=\"b942358\" data-element_type=\"widget\" data-e-type=\"widget\" data-widget_type=\"text-editor.default\">\n\t\t\t\t<div class=\"elementor-widget-container\">\n\t\t\t\t\t\t\t\t\t<ul class=\"font_8 wixui-rich-text__text\"><li class=\"wixui-rich-text__text\"><p class=\"font_8 wixui-rich-text__text\"><span class=\"wixui-rich-text__text\">A jel\u00f6l\u00e9s ut\u00e1n kezd\u0151dhet a f\u00far\u00e1s. Maguk az Eternit panelek a\u00a0<\/span><span class=\"wixui-rich-text__text\">nagy f\u00far\u00f3<\/span><span class=\"wixui-rich-text__text\"> \u00e1tf\u00farni \u00fagy, hogy az akaszt\u00f3csavar ne \u00e9rintse az oldals\u00f3 tet\u0151lemezeket. A f\u00fcggeszt\u0151csavar \u00e1tm\u00e9r\u0151j\u00e9n\u00e9l 5 mm-rel nagyobb f\u00far\u00e1st javasolt. Az EPDM (cellul\u00e1ris gumi) t\u00f6m\u00edt\u00e9snek felt\u00e9tlen\u00fcl az Eternit lemezen kell fek\u00fcdnie. Mag\u00e1t a fa szaruf\u00e1t ezut\u00e1n egy kisebb f\u00far\u00f3val el\u0151f\u00farj\u00e1k, az akaszt\u00f3csavar \u00e1tm\u00e9r\u0151j\u00e9t\u0151l f\u00fcgg\u0151en.<\/span><\/p><\/li><\/ul><ul class=\"font_8 wixui-rich-text__text\"><li class=\"wixui-rich-text__text\"><p class=\"font_8 wixui-rich-text__text\"><span class=\"wixui-rich-text__text\">Az 50 mm-es EPDM cell\u00e1s gumi t\u00f6m\u00edt\u00e9st a lemez h\u00e1toldal\u00e1ra kell a megrendel\u0151nek ragasztani. Sajnos gy\u00e1rilag nem lehet ragasztani \u0151ket, mert a napelemek kisz\u00e1ll\u00edt\u00e1sakor a t\u00f6m\u00edt\u00e9s \u00f6sszenyom\u00f3dik.<\/span><\/p><\/li><\/ul><ul class=\"font_8 wixui-rich-text__text\"><li class=\"wixui-rich-text__text\"><p class=\"font_8 wixui-rich-text__text\"><span class=\"wixui-rich-text__text\">A napelemek ezut\u00e1n alulr\u00f3l helyezhet\u0151k be. L\u00e1sd m\u00e9g egyszer a fenti k\u00e9pet. N\u00e9ha a f\u00e9mlemezt nem lehet teljesen benyomni. A fels\u0151 lemezeken l\u00e9v\u0151 k\u00f6r\u00f6mfoltok ritk\u00e1n akad\u00e1lyozz\u00e1k. A napelem ekkor ehhez tartozik\u00a0<a class=\"wixui-rich-text__text\" href=\"https:\/\/youtu.be\/8JjslaCkk4o?si=7MgklePrW2g4tTYk\" target=\"_blank\" rel=\"noreferrer noopener nofollow\"><span style=\"text-decoration: underline;\">Vide\u00f3<\/span><\/a>\u00a0eggyel l\u00e1that\u00f3\u00a0<span style=\"text-decoration: underline;\"><a class=\"wixui-rich-text__text\" href=\"https:\/\/amzn.to\/3T2GdiU\" target=\"_blank\" rel=\"noreferrer noopener nofollow\">Sarokcsiszol\u00f3<\/a><\/span> r\u00f6vid\u00edtett.<\/span><\/p><\/li><\/ul><ul class=\"font_8 wixui-rich-text__text\"><li class=\"wixui-rich-text__text\"><p class=\"font_8 wixui-rich-text__text\"><span class=\"wixui-rich-text__text\">K\u00e9rj\u00fck, vegye figyelembe, hogy el\u0151fordulhat, hogy nem minden lap fekszik teljesen a tet\u0151n. N\u00e9h\u00e1ny millim\u00e9terre lehet a tet\u0151t\u0151l. Ez nem sz\u00e1m\u00edt. Fontos, hogy a t\u00f6m\u00edt\u0151gy\u0171r\u0171 a hely\u00e9n legyen. Ha a t\u00e1vols\u00e1g t\u00fal nagy, nyomja meg r\u00f6viden a f\u00e9mlemezt k\u00e9zzel.<\/span><\/p><\/li><li class=\"wixui-rich-text__text\"><p class=\"font_8 wixui-rich-text__text\"><span class=\"wixui-rich-text__text\">Az utols\u00f3 l\u00e9p\u00e9s az akaszt\u00f3csavar becsavar\u00e1sa \u00e9s az anya megh\u00faz\u00e1sa a gumit\u00f6m\u00edt\u00e9ssel. Az akaszt\u00f3csavarhoz tartozik a\u00a0<a class=\"wixui-rich-text__text\" href=\"https:\/\/amzn.to\/3PwersY\" target=\"_blank\" rel=\"noreferrer noopener nofollow\"><span style=\"text-decoration: underline;\">racsnis<\/span><\/a>\u00a0vagy\u00a0<span style=\"text-decoration: underline;\"><a class=\"wixui-rich-text__text\" href=\"https:\/\/amzn.to\/3o3e9xZ\" target=\"_blank\" rel=\"noreferrer noopener nofollow\">er\u0151s f\u00far\u00f3<\/a>\u00a0<\/span>becsavarva. A gumit\u00f6m\u00edt\u00e9st nem szabad t\u00fal szorosan felcsavarni. A gy\u00e1rt\u00f3 szerint az EPDM (cellul\u00e1ris gumi) t\u00f6m\u00edt\u00e9st kb 1\/3-ban kell benyomni.<\/span><\/p><\/li><\/ul>\t\t\t\t\t\t\t\t<\/div>\n\t\t\t\t<\/div>\n\t\t\t\t<div class=\"elementor-element elementor-element-5b58226 elementor-widget elementor-widget-text-editor\" data-id=\"5b58226\" data-element_type=\"widget\" data-e-type=\"widget\" data-widget_type=\"text-editor.default\">\n\t\t\t\t<div class=\"elementor-widget-container\">\n\t\t\t\t\t\t\t\t\t<p class=\"font_8 wixui-rich-text__text\"><span class=\"wixui-rich-text__text\">Megjegyz\u00e9s: Nem v\u00e1llalok felel\u0151ss\u00e9get az inform\u00e1ci\u00f3k id\u0151szer\u0171s\u00e9g\u00e9\u00e9rt, pontoss\u00e1g\u00e1\u00e9rt vagy teljess\u00e9g\u00e9\u00e9rt.<\/span><\/p><p class=\"font_8 wixui-rich-text__text\"><span class=\"wixui-rich-text__text\"><span class=\"color_15 wixui-rich-text__text\">*Az Amazon munkat\u00e1rsak\u00e9nt a megfelel\u0151 elad\u00e1sokb\u00f3l keresek. K\u00f6sz<\/span><\/span><\/p>\t\t\t\t\t\t\t\t<\/div>\n\t\t\t\t<\/div>\n\t\t\t\t\t<\/div>\n\t\t\t\t<\/div>\n\t\t\t\t\t<\/div>\n\t\t\t\t<\/div>\n\t\t\t\t<\/div>","protected":false},"excerpt":{"rendered":"<p>Montageanleitung Als Erstes geh\u00f6rt das Dach von Moos und Verunreinigungen gereinigt. Am Besten wird dazu ein herk\u00f6mmlicher Stra\u00dfenbesen verwendet. Anschlie\u00dfend m\u00fcssen die Punkte der Bohrungen am Dach angezeichnet werden. Je nachdem, ob man die Dachsparren von innen sieht oder nicht, ist das mitunter der langwierigste Part. Angezeichnet wird am besten mit einer\u00a0Schlagschnur, mit Kreide\u00a0und einem\u00a0professionellen [&hellip;]<\/p>\n","protected":false},"author":1,"featured_media":0,"parent":0,"menu_order":2,"comment_status":"closed","ping_status":"closed","template":"elementor_header_footer","meta":{"footnotes":""},"class_list":["post-140","page","type-page","status-publish","hentry"],"_links":{"self":[{"href":"https:\/\/solarblech.shop\/hu\/wp-json\/wp\/v2\/pages\/140","targetHints":{"allow":["GET"]}}],"collection":[{"href":"https:\/\/solarblech.shop\/hu\/wp-json\/wp\/v2\/pages"}],"about":[{"href":"https:\/\/solarblech.shop\/hu\/wp-json\/wp\/v2\/types\/page"}],"author":[{"embeddable":true,"href":"https:\/\/solarblech.shop\/hu\/wp-json\/wp\/v2\/users\/1"}],"replies":[{"embeddable":true,"href":"https:\/\/solarblech.shop\/hu\/wp-json\/wp\/v2\/comments?post=140"}],"version-history":[{"count":6,"href":"https:\/\/solarblech.shop\/hu\/wp-json\/wp\/v2\/pages\/140\/revisions"}],"predecessor-version":[{"id":1465,"href":"https:\/\/solarblech.shop\/hu\/wp-json\/wp\/v2\/pages\/140\/revisions\/1465"}],"wp:attachment":[{"href":"https:\/\/solarblech.shop\/hu\/wp-json\/wp\/v2\/media?parent=140"}],"curies":[{"name":"wp","href":"https:\/\/api.w.org\/{rel}","templated":true}]}}