{"id":71,"date":"2023-11-14T13:42:22","date_gmt":"2023-11-14T13:42:22","guid":{"rendered":"http:\/\/schagerl.online\/product\/solarblech-edelstahl-200x370mm-08mm-inkl-dichtring\/"},"modified":"2026-03-18T16:44:52","modified_gmt":"2026-03-18T14:44:52","slug":"solarblech-edelstahl-200x370mm-08mm","status":"publish","type":"product","link":"https:\/\/solarblech.shop\/fr\/product\/solarblech-edelstahl-200x370mm-08mm\/","title":{"rendered":"T\u00f4le solaire en acier inoxydable 200x370mm 0,8mm avec bague d&#039;\u00e9tanch\u00e9it\u00e9"},"content":{"rendered":"<h5>Sp\u00e9cification de la t\u00f4le solaire en acier inoxydable<\/h5>\n<p>Plaque solaire en acier inoxydable de haute qualit\u00e9 pour une installation photovolta\u00efque s\u00fbre sur les toitures en Eternit, en bardeaux et en ardoises. (losange et bien d&#039;autres formes et variantes)<\/p>\n<p>Un incontournable pour eux <a href=\"https:\/\/lumensolar.at\/\" rel=\"nofollow noopener\" target=\"_blank\">Assembl\u00e9e<\/a> un syst\u00e8me photovolta\u00efque sur une toiture en Eternit et bardeaux pour :<\/p>\n<div>\n<ul>\n<li>Pour bien \u00e9vacuer l&#039;eau<\/li>\n<li>Pour r\u00e9partir le poids<\/li>\n<li>Connectez correctement le boulon de suspension<\/li>\n<li>Particuli\u00e8rement robuste car \u00e9paisseur 0,8 mm<\/li>\n<li>Acier inoxydable (V2A)<\/li>\n<li>Rev\u00eatement en poudre possible dans toutes les couleurs<\/li>\n<li>Production exclusivement en Autriche<\/li>\n<li>disponible imm\u00e9diatement<\/li>\n<\/ul>\n<\/div>\n<p class=\"font_9 wixui-rich-text__text\"><span class=\"wixui-rich-text__text\"><span class=\"color_15 wixui-rich-text__text\">Dimensions\u00a0: 200 \u00d7 370\u00a0mm\u00a0; 0,8 mm d&#039;\u00e9paisseur\u00a0; Diam\u00e8tre du trou : 15,5 mm et \u00e0 80 mm de hauteur du bas.<br \/>\n<\/span><\/span><\/p>\n<p class=\"font_9 wixui-rich-text__text\"><span class=\"wixui-rich-text__text\"><span class=\"color_15 wixui-rich-text__text\">Utilisation universelle pour les boulons de suspension de 10 mm et 12 mm.<\/span><\/span><\/p>\n<p>Il y a un joint en caoutchouc cellulaire EPDM de 3 mm au dos de la feuille. Diam\u00e8tre 30-50mm Le sceau est inclus et doit \u00eatre coll\u00e9 sur vous-m\u00eame. Autrement, empiler les feuilles \u00e9craserait les joints.<\/p>\n<p>Le <a href=\"https:\/\/solarblech.shop\/fr\/product\/stockschraube-m10-x-250-mm-edelstahl-vorkonfektioniert\/\">Boulons de suspension<\/a> ne sont pas inclus et doivent \u00eatre achet\u00e9s s\u00e9par\u00e9ment.<\/p>\n<p>Ici vous pouvez <a href=\"https:\/\/solarblech.shop\/wp-content\/uploads\/2023\/11\/Gebrauchsanleitung-und-Risikobeurteilung.pdf\">Instructions d\u2019utilisation et \u00e9valuation des risques<\/a> r\u00e9cup\u00e9rer.<\/p>\n<p>Mots-cl\u00e9s similaires\u00a0: Plan d&#039;ardoise Schletter, dalle de remplacement en ardoise, dalle de remplacement en ardoise m\u00e9tallique, tuile de montage, plaque de support<\/p>","protected":false},"excerpt":{"rendered":"<p>Spezifikation von Solarblech Edelstahl Hochwertiges Solarblech Edelstahl f\u00fcr sichere Photovoltaik-Montage auf Eternit, Schindel und Schieferd\u00e4chern.\u00a0(Rhombus und viele anderen Formen und Varianten) Ein Muss f\u00fcr die Montage einer Photovoltaik Anlage auf einem Eternit und Schindel Dach um: Das Wasser richtig abzuleiten Das Gewicht zu verteilen Die Stockschraube richtig anzubinden Besonders robust, weil 0,8 mm dick Rostfreier [&hellip;]<\/p>\n","protected":false},"featured_media":2905,"template":"","meta":[],"pwb-brand":[16],"product_brand":[],"product_cat":[52],"product_tag":[],"class_list":{"0":"post-71","1":"product","2":"type-product","3":"status-publish","4":"has-post-thumbnail","6":"pwb-brand-solarblech","7":"product_cat-solarbleche","9":"first","10":"instock","11":"taxable","12":"shipping-taxable","13":"purchasable","14":"product-type-simple"},"brands":[{"id":16,"name":"Feuille solaire","slug":"solarblech"}],"_links":{"self":[{"href":"https:\/\/solarblech.shop\/fr\/wp-json\/wp\/v2\/product\/71","targetHints":{"allow":["GET"]}}],"collection":[{"href":"https:\/\/solarblech.shop\/fr\/wp-json\/wp\/v2\/product"}],"about":[{"href":"https:\/\/solarblech.shop\/fr\/wp-json\/wp\/v2\/types\/product"}],"wp:featuredmedia":[{"embeddable":true,"href":"https:\/\/solarblech.shop\/fr\/wp-json\/wp\/v2\/media\/2905"}],"wp:attachment":[{"href":"https:\/\/solarblech.shop\/fr\/wp-json\/wp\/v2\/media?parent=71"}],"wp:term":[{"taxonomy":"pwb-brand","embeddable":true,"href":"https:\/\/solarblech.shop\/fr\/wp-json\/wp\/v2\/pwb-brand?post=71"},{"taxonomy":"product_brand","embeddable":true,"href":"https:\/\/solarblech.shop\/fr\/wp-json\/wp\/v2\/product_brand?post=71"},{"taxonomy":"product_cat","embeddable":true,"href":"https:\/\/solarblech.shop\/fr\/wp-json\/wp\/v2\/product_cat?post=71"},{"taxonomy":"product_tag","embeddable":true,"href":"https:\/\/solarblech.shop\/fr\/wp-json\/wp\/v2\/product_tag?post=71"}],"curies":[{"name":"wp","href":"https:\/\/api.w.org\/{rel}","templated":true}]}}