{"id":69,"date":"2023-11-14T13:42:22","date_gmt":"2023-11-14T13:42:22","guid":{"rendered":"http:\/\/schagerl.online\/product\/kabeleinfuhrung-ip65-flanschgehause-mit-tulleneinsatz\/"},"modified":"2026-04-08T08:01:02","modified_gmt":"2026-04-08T06:01:02","slug":"kabeleinfuehrung-ip65-flanschgehaeuse","status":"publish","type":"product","link":"https:\/\/solarblech.shop\/fr\/product\/kabeleinfuehrung-ip65-flanschgehaeuse\/","title":{"rendered":"Entr\u00e9e de c\u00e2ble \u2013 bo\u00eetier \u00e0 bride IP65 avec passe-c\u00e2ble"},"content":{"rendered":"<h5>Sp\u00e9cification d&#039;entr\u00e9e de c\u00e2ble<\/h5>\n<p>Bo\u00eetier \u00e0 bride avec entr\u00e9e de c\u00e2ble selon la norme IP65 sur t\u00f4le inox 0,8 mm 200 \u00d7 370 mm.<\/p>\n<p>Il y a au total 4 petits trous de 4 mm sur les c\u00f4t\u00e9s pour des rivets \u00e0 fixer directement sur la couverture du toit.<\/p>\n<p>Inclus dans l&#039;ensemble :<\/p>\n<ul>\n<li><a href=\"https:\/\/solarblech.shop\/fr\/product\/solarblech-edelstahl-200x370mm-08mm\/\">T\u00f4le d&#039;acier inoxydable<\/a> 200 \u00d7 370 x 0,8 mm avec \u00e9videments correspondants pour vis et bagues.<\/li>\n<li>Bo\u00eetier \u00e0 bride 90\u00b0 avec protection IP65<\/li>\n<li>Einsatz entweder:\n<ul>\n<li>3x inserts de buse pour tuyaux de 20, 25 et 32 mm<\/li>\n<li>je 3 St\u00fcck T\u00fcllen Klemmbereich 4-7mm und 3 T\u00fcllen Klemmbereich 8-11mm<\/li>\n<\/ul>\n<\/li>\n<li>4 pi\u00e8ces rivets 4 x 16 mm<\/li>\n<li>Vis et \u00e9crous en acier inoxydable pour fixer la bride <a href=\"https:\/\/www.aundu.at\/\" rel=\"nofollow noopener\" target=\"_blank\">logement<\/a> sur la t\u00f4le inox (d\u00e9j\u00e0 mont\u00e9e)<\/li>\n<li>Joint en caoutchouc cellulaire EPDM sur le fond.<\/li>\n<\/ul>\n<p>Propri\u00e9t\u00e9s : r\u00e9sistant aux UV, sans silicone, sans halog\u00e8ne, r\u00e9sistant aux vibrations.<\/p>\n<p>&nbsp;<\/p>\n<p>&nbsp;<\/p>","protected":false},"excerpt":{"rendered":"<p>Spezifikation von Kabeleinf\u00fchrung Flanschgeh\u00e4use mit Kabeleinf\u00fchrung nach IP65 Standard auf einem 0,8 mm Edelstahl Blech 200 \u00d7 370 mm. An den Seiten sind insgesamt 4 kleine 4 mm L\u00f6cher f\u00fcr Nieten zum Befestigen auf der Dacheindeckung direkt. Im Set enthalten: Edelstahlblech 200 \u00d7 370 x 0,8 mm mit passenden Aussparungen f\u00fcr Schrauben und Durchf\u00fchrung. 90\u00b0 [&hellip;]<\/p>\n","protected":false},"featured_media":280,"template":"","meta":[],"pwb-brand":[],"product_brand":[],"product_cat":[49],"product_tag":[80],"class_list":{"0":"post-69","1":"product","2":"type-product","3":"status-publish","4":"has-post-thumbnail","6":"product_cat-kabeleinfuehrungen-und-flansche","7":"product_tag-kabeleinfuehrung","9":"first","10":"instock","11":"taxable","12":"shipping-taxable","13":"purchasable","14":"product-type-variable"},"brands":[],"_links":{"self":[{"href":"https:\/\/solarblech.shop\/fr\/wp-json\/wp\/v2\/product\/69","targetHints":{"allow":["GET"]}}],"collection":[{"href":"https:\/\/solarblech.shop\/fr\/wp-json\/wp\/v2\/product"}],"about":[{"href":"https:\/\/solarblech.shop\/fr\/wp-json\/wp\/v2\/types\/product"}],"wp:featuredmedia":[{"embeddable":true,"href":"https:\/\/solarblech.shop\/fr\/wp-json\/wp\/v2\/media\/280"}],"wp:attachment":[{"href":"https:\/\/solarblech.shop\/fr\/wp-json\/wp\/v2\/media?parent=69"}],"wp:term":[{"taxonomy":"pwb-brand","embeddable":true,"href":"https:\/\/solarblech.shop\/fr\/wp-json\/wp\/v2\/pwb-brand?post=69"},{"taxonomy":"product_brand","embeddable":true,"href":"https:\/\/solarblech.shop\/fr\/wp-json\/wp\/v2\/product_brand?post=69"},{"taxonomy":"product_cat","embeddable":true,"href":"https:\/\/solarblech.shop\/fr\/wp-json\/wp\/v2\/product_cat?post=69"},{"taxonomy":"product_tag","embeddable":true,"href":"https:\/\/solarblech.shop\/fr\/wp-json\/wp\/v2\/product_tag?post=69"}],"curies":[{"name":"wp","href":"https:\/\/api.w.org\/{rel}","templated":true}]}}