{"id":68,"date":"2023-11-14T13:42:22","date_gmt":"2023-11-14T13:42:22","guid":{"rendered":"http:\/\/schagerl.online\/product\/flanschgehause-ip65-inkl-dichtung-und-tullen-in-grose-20-25-und-32mm\/"},"modified":"2025-04-15T20:01:30","modified_gmt":"2025-04-15T18:01:30","slug":"flanschgehaeuse-ip65-inkl-dichtung","status":"publish","type":"product","link":"https:\/\/solarblech.shop\/fr\/product\/flanschgehaeuse-ip65-inkl-dichtung\/","title":{"rendered":"Bo\u00eetier \u00e0 bride IP65 avec joint et passe-fils dans les tailles 20, 25 et 32 mm"},"content":{"rendered":"<h5>Bo\u00eetier \u00e0 bride de protection IP65.<\/h5>\n<p>Inclus dans l&#039;ensemble :<\/p>\n<ul>\n<li>Bride 90\u00b0 abritant le docteur de protection IP65<\/li>\n<li>3x inserts de buse pour tuyaux de 20, 25 et 32 mm<\/li>\n<li>Vis et \u00e9crous en acier inoxydable pour fixer la bride aux t\u00f4les<\/li>\n<li>Joint EPDM au fond.<\/li>\n<\/ul>\n<p>Propri\u00e9t\u00e9s : r\u00e9sistant aux UV, sans silicone, sans halog\u00e8ne, r\u00e9sistant aux vibrations.<\/p>\n<ul>\n<li>Diam\u00e8tre des buses : 20, 25 et 32 mm<\/li>\n<li>Longueur : 79,8 mm<\/li>\n<li>Largeur : 80 mm<\/li>\n<li>Hauteur : 57,5 mm<\/li>\n<li><a href=\"https:\/\/www.aundu.at\/\" rel=\"nofollow noopener\" target=\"_blank\">Hauteur d&#039;installation<\/a>: 57,5mm<\/li>\n<li>Nombre de trous de vis : 4<\/li>\n<li>Diam\u00e8tre du trou de vis : 5,5 mm<\/li>\n<li>Mat\u00e9riau des vis\u00a0: <a href=\"https:\/\/solarblech.shop\/fr\/product\/solarblech-edelstahl-200x370mm-08mm\/\">acier inoxydable<\/a>, V2A<\/li>\n<\/ul>","protected":false},"excerpt":{"rendered":"<p>Flanschgeh\u00e4use der Schutzarzt IP65. Im Set enthalten: 90\u00b0 Flanschgehause der Schutzarzt IP65 3x T\u00fclleneinsatz f\u00fcr 20, 25 und 32 mm Schl\u00e4uche Edelstahlschrauben und Muttern zum Befestigen des Flansch auf Blechen EPDM Dichtung an der Unterseite. Eigenschaften: UV-Best\u00e4ndig, silikonfrei, halogenfrei, Vibrationssicher. Durchmesser T\u00fcllen: 20, 25 und 32 mm L\u00e4nge: 79,8 mm Breite: 80 mm H\u00f6he: 57,5 [&hellip;]<\/p>\n","protected":false},"featured_media":829,"template":"","meta":[],"pwb-brand":[],"product_brand":[],"product_cat":[49],"product_tag":[],"class_list":{"0":"post-68","1":"product","2":"type-product","3":"status-publish","4":"has-post-thumbnail","6":"product_cat-kabeleinfuehrungen-und-flansche","8":"first","9":"instock","10":"taxable","11":"shipping-taxable","12":"purchasable","13":"product-type-simple"},"brands":[],"_links":{"self":[{"href":"https:\/\/solarblech.shop\/fr\/wp-json\/wp\/v2\/product\/68","targetHints":{"allow":["GET"]}}],"collection":[{"href":"https:\/\/solarblech.shop\/fr\/wp-json\/wp\/v2\/product"}],"about":[{"href":"https:\/\/solarblech.shop\/fr\/wp-json\/wp\/v2\/types\/product"}],"wp:featuredmedia":[{"embeddable":true,"href":"https:\/\/solarblech.shop\/fr\/wp-json\/wp\/v2\/media\/829"}],"wp:attachment":[{"href":"https:\/\/solarblech.shop\/fr\/wp-json\/wp\/v2\/media?parent=68"}],"wp:term":[{"taxonomy":"pwb-brand","embeddable":true,"href":"https:\/\/solarblech.shop\/fr\/wp-json\/wp\/v2\/pwb-brand?post=68"},{"taxonomy":"product_brand","embeddable":true,"href":"https:\/\/solarblech.shop\/fr\/wp-json\/wp\/v2\/product_brand?post=68"},{"taxonomy":"product_cat","embeddable":true,"href":"https:\/\/solarblech.shop\/fr\/wp-json\/wp\/v2\/product_cat?post=68"},{"taxonomy":"product_tag","embeddable":true,"href":"https:\/\/solarblech.shop\/fr\/wp-json\/wp\/v2\/product_tag?post=68"}],"curies":[{"name":"wp","href":"https:\/\/api.w.org\/{rel}","templated":true}]}}