{"id":66,"date":"2023-11-14T13:42:22","date_gmt":"2023-11-14T13:42:22","guid":{"rendered":"http:\/\/schagerl.online\/product\/solarblech-sondermas-200x590mm-08mm-inkl-dichtring-v2a\/"},"modified":"2026-03-03T12:25:56","modified_gmt":"2026-03-03T10:25:56","slug":"solarblech-sondermass-590-x-200-mm","status":"publish","type":"product","link":"https:\/\/solarblech.shop\/fr\/product\/solarblech-sondermass-590-x-200-mm\/","title":{"rendered":"Panneau solaire taille sp\u00e9ciale 590 x 200 mm avec bague d&#039;\u00e9tanch\u00e9it\u00e9"},"content":{"rendered":"<h5>Toile solaire dimension sp\u00e9ciale 590 x 200 mm pour grands panneaux<\/h5>\n<p>Un incontournable pour eux <a href=\"http:\/\/www.esz.at\/\" rel=\"nofollow noopener\" target=\"_blank\">Assembl\u00e9e<\/a> un syst\u00e8me photovolta\u00efque sur une toiture en Eternit et bardeaux pour :<\/p>\n<div>\n<div>\n<div>\n<ul>\n<li>Emp\u00eacher les panneaux de toit de se briser<\/li>\n<li>Pour bien \u00e9vacuer l&#039;eau<\/li>\n<li>Pour r\u00e9partir le poids<\/li>\n<li>Connectez correctement le boulon de suspension<\/li>\n<li>Particuli\u00e8rement robuste car \u00e9paisseur 0,8 mm<\/li>\n<li>Inoxydable <a href=\"https:\/\/solarblech.shop\/fr\/product\/alu-solarblech-200x370mm\/\">acier inoxydable<\/a> (V2A)<\/li>\n<li>Rev\u00eatement en poudre possible dans toutes les couleurs<\/li>\n<li>Production exclusivement en Autriche<\/li>\n<li>disponible imm\u00e9diatement<\/li>\n<\/ul>\n<\/div>\n<\/div>\n<\/div>\n<p>Il y a un joint en caoutchouc cellulaire EPDM de 3 mm au dos de la feuille. Diam\u00e8tre 30-50mm Le sceau est inclus et doit \u00eatre coll\u00e9 sur vous-m\u00eame. Autrement, empiler les feuilles \u00e9craserait les joints.<\/p>\n<p>Les boulons de suspension ne sont pas inclus et doivent \u00eatre achet\u00e9s s\u00e9par\u00e9ment.<\/p>","protected":false},"excerpt":{"rendered":"<p>Solarblech Sonderma\u00df 590 x 200 mm f\u00fcr gro\u00dfe Platten Ein Muss f\u00fcr die Montage einer Photovoltaik Anlage auf einem Eternit und Schindel Dach um: Ein Brechen der Dachplatten verhindern Das Wasser richtig abzuleiten Das Gewicht zu verteilen Die Stockschraube richtig anzubinden Besonders robust, weil 0,8 mm dick Rostfreier Edelstahl (V2A) Pulverbeschichtung in allen Farben m\u00f6glich [&hellip;]<\/p>\n","protected":false},"featured_media":987,"template":"","meta":[],"pwb-brand":[16],"product_brand":[],"product_cat":[52],"product_tag":[],"class_list":{"0":"post-66","1":"product","2":"type-product","3":"status-publish","4":"has-post-thumbnail","6":"pwb-brand-solarblech","7":"product_cat-solarbleche","9":"first","10":"instock","11":"taxable","12":"shipping-taxable","13":"purchasable","14":"product-type-variable","15":"has-default-attributes"},"brands":[{"id":16,"name":"Feuille solaire","slug":"solarblech"}],"_links":{"self":[{"href":"https:\/\/solarblech.shop\/fr\/wp-json\/wp\/v2\/product\/66","targetHints":{"allow":["GET"]}}],"collection":[{"href":"https:\/\/solarblech.shop\/fr\/wp-json\/wp\/v2\/product"}],"about":[{"href":"https:\/\/solarblech.shop\/fr\/wp-json\/wp\/v2\/types\/product"}],"wp:featuredmedia":[{"embeddable":true,"href":"https:\/\/solarblech.shop\/fr\/wp-json\/wp\/v2\/media\/987"}],"wp:attachment":[{"href":"https:\/\/solarblech.shop\/fr\/wp-json\/wp\/v2\/media?parent=66"}],"wp:term":[{"taxonomy":"pwb-brand","embeddable":true,"href":"https:\/\/solarblech.shop\/fr\/wp-json\/wp\/v2\/pwb-brand?post=66"},{"taxonomy":"product_brand","embeddable":true,"href":"https:\/\/solarblech.shop\/fr\/wp-json\/wp\/v2\/product_brand?post=66"},{"taxonomy":"product_cat","embeddable":true,"href":"https:\/\/solarblech.shop\/fr\/wp-json\/wp\/v2\/product_cat?post=66"},{"taxonomy":"product_tag","embeddable":true,"href":"https:\/\/solarblech.shop\/fr\/wp-json\/wp\/v2\/product_tag?post=66"}],"curies":[{"name":"wp","href":"https:\/\/api.w.org\/{rel}","templated":true}]}}