{"id":60,"date":"2023-11-14T13:42:21","date_gmt":"2023-11-14T13:42:21","guid":{"rendered":"http:\/\/schagerl.online\/product\/flanschgehause-3-fach-ip65-inkl-tullen-und-dichtung\/"},"modified":"2025-10-03T09:14:21","modified_gmt":"2025-10-03T07:14:21","slug":"flanschgehaeuse-3-fach-ip65-inkl","status":"publish","type":"product","link":"https:\/\/solarblech.shop\/fr\/product\/flanschgehaeuse-3-fach-ip65-inkl\/","title":{"rendered":"Bo\u00eetier \u00e0 bride triple IP65 avec passe-fils et joint"},"content":{"rendered":"<h5>Bo\u00eetier \u00e0 bride divisible \u00e0 90\u00b0 <a href=\"https:\/\/solarblech.shop\/fr\/product\/kabeleinfuehrung-ip65-flanschgehaeuse\/\">Entr\u00e9e de c\u00e2ble<\/a> de c\u00e2bles avec fiches \/ IP65<\/h5>\n<p>Bo\u00eetier polyvalent \u00e0 triple bride avec indice de protection IP65, complet avec passe-fils et joint. Parfait pour une utilisation s\u00fbre dans des environnements exigeants. D\u00e9couvrez maintenant une solution fiable pour vos besoins individuels en mati\u00e8re de bo\u00eetiers robustes et prot\u00e9g\u00e9s pour composants \u00e9lectroniques.<\/p>\n<p>Inclus dans l&#039;ensemble :<\/p>\n<ul>\n<li>Bo\u00eetier \u00e0 bride triple<\/li>\n<li>joint int\u00e9gr\u00e9<\/li>\n<li>3 \u0153illets (plage de serrage 4-7 mm)<\/li>\n<li>3 \u0153illets (plage de serrage 8-11 mm)<\/li>\n<\/ul>\n<p>Avec une hauteur d&#039;installation de seulement 38 mm, ce bo\u00eetier \u00e0 bride peut \u00eatre install\u00e9 dans la plupart des toits <a href=\"http:\/\/www.esz.at\/\" rel=\"nofollow noopener\" target=\"_blank\">utiliser.<\/a><\/p>\n<p>Pour couvrir une plage de serrage de 4 \u00e0 11 mm, un total de 6 \u0153illets sont inclus dans le kit. Cela signifie que des c\u00e2bles solaires de 4 mm\u00b2 (5,25 mm) jusqu&#039;\u00e0 des c\u00e2bles de terre de 16 mm\u00b2 (9,9 mm) peuvent \u00eatre serr\u00e9s fermement sans aucun probl\u00e8me.<\/p>\n<ul>\n<li style=\"list-style-type: none;\">\n<ul>\n<li>Longueur : 100 mm<\/li>\n<li>Largeur : 53 mm<\/li>\n<li>Hauteur : 38 mm<\/li>\n<li>Hauteur d&#039;installation : 38 mm<\/li>\n<\/ul>\n<\/li>\n<\/ul>","protected":false},"excerpt":{"rendered":"<p>Teilbares Flanschgeh\u00e4use zur 90\u00b0 Kabeleinf\u00fchrung von Leitungen mit Steckern \/ IP65 Vielseitiges 3-fach Flanschgeh\u00e4use mit IP65 Schutzklasse, komplett inklusive T\u00fcllen und Dichtung. Perfekt f\u00fcr den sicheren Einsatz in anspruchsvollen Umgebungen. Entdecken Sie jetzt eine zuverl\u00e4ssige L\u00f6sung f\u00fcr Ihre individuellen Anforderungen an robuste und gesch\u00fctzte Geh\u00e4use f\u00fcr elektronische Komponenten. Im Set dabei: 3-fach Flanschgeh\u00e4use integrierte Dichtung [&hellip;]<\/p>\n","protected":false},"featured_media":318,"template":"","meta":[],"pwb-brand":[],"product_brand":[],"product_cat":[49],"product_tag":[],"class_list":{"0":"post-60","1":"product","2":"type-product","3":"status-publish","4":"has-post-thumbnail","6":"product_cat-kabeleinfuehrungen-und-flansche","8":"first","9":"instock","10":"taxable","11":"shipping-taxable","12":"purchasable","13":"product-type-simple"},"brands":[],"_links":{"self":[{"href":"https:\/\/solarblech.shop\/fr\/wp-json\/wp\/v2\/product\/60","targetHints":{"allow":["GET"]}}],"collection":[{"href":"https:\/\/solarblech.shop\/fr\/wp-json\/wp\/v2\/product"}],"about":[{"href":"https:\/\/solarblech.shop\/fr\/wp-json\/wp\/v2\/types\/product"}],"wp:featuredmedia":[{"embeddable":true,"href":"https:\/\/solarblech.shop\/fr\/wp-json\/wp\/v2\/media\/318"}],"wp:attachment":[{"href":"https:\/\/solarblech.shop\/fr\/wp-json\/wp\/v2\/media?parent=60"}],"wp:term":[{"taxonomy":"pwb-brand","embeddable":true,"href":"https:\/\/solarblech.shop\/fr\/wp-json\/wp\/v2\/pwb-brand?post=60"},{"taxonomy":"product_brand","embeddable":true,"href":"https:\/\/solarblech.shop\/fr\/wp-json\/wp\/v2\/product_brand?post=60"},{"taxonomy":"product_cat","embeddable":true,"href":"https:\/\/solarblech.shop\/fr\/wp-json\/wp\/v2\/product_cat?post=60"},{"taxonomy":"product_tag","embeddable":true,"href":"https:\/\/solarblech.shop\/fr\/wp-json\/wp\/v2\/product_tag?post=60"}],"curies":[{"name":"wp","href":"https:\/\/api.w.org\/{rel}","templated":true}]}}