{"id":51,"date":"2023-11-14T13:42:21","date_gmt":"2023-11-14T13:42:21","guid":{"rendered":"http:\/\/schagerl.online\/product\/alu-solarblech-200x370mm-1mm-inkl-dichtring\/"},"modified":"2026-03-06T09:51:41","modified_gmt":"2026-03-06T07:51:41","slug":"alu-solarblech-200x370mm","status":"publish","type":"product","link":"https:\/\/solarblech.shop\/fr\/product\/alu-solarblech-200x370mm\/","title":{"rendered":"Feuille solaire ALU 200x370mm 1mm avec bague d&#039;\u00e9tanch\u00e9it\u00e9"},"content":{"rendered":"<h5>Sp\u00e9cification de la feuille solaire ALU<\/h5>\n<p>En raison de la forte demande pour une solution moins ch\u00e8re, je peux d\u00e9sormais \u00e9galement proposer des panneaux solaires suppl\u00e9mentaires en aluminium \u00ab AlMg3 \u00bb de 1 mm d&#039;\u00e9paisseur. Si vous recherchez une solution de haute qualit\u00e9 en acier inoxydable, je vous la recommande <a href=\"https:\/\/solarblech.shop\/fr\/product\/solarblech-edelstahl-200x370mm-08mm\/\">Feuille solaire<\/a> Acier inoxydable 200\u00d7370 mm.<\/p>\n<p>Feuille solaire ALU ou feuille d&#039;\u00e9tanch\u00e9it\u00e9 pour toitures Eternit, bardeaux et ardoises. (losange et bien d&#039;autres formes et variantes)<\/p>\n<p>Un incontournable pour eux <a href=\"https:\/\/trendex.at\/\" rel=\"nofollow noopener\" target=\"_blank\">Assembl\u00e9e<\/a> un syst\u00e8me photovolta\u00efque sur une toiture en Eternit et bardeaux pour :<\/p>\n<div>\n<ul>\n<li>Pour bien \u00e9vacuer l&#039;eau<\/li>\n<li>Pour r\u00e9partir le poids<\/li>\n<li>Connectez correctement le boulon de suspension<\/li>\n<li>Rev\u00eatement en poudre possible dans toutes les couleurs<\/li>\n<li>Production exclusivement en Autriche<\/li>\n<li>disponible imm\u00e9diatement<\/li>\n<li>non \u00e9bavur\u00e9<\/li>\n<\/ul>\n<\/div>\n<p>Il y a un joint en caoutchouc cellulaire EPDM de 3 mm au dos de la feuille. Diam\u00e8tre 30-50mm Le sceau est inclus et doit \u00eatre coll\u00e9 sur vous-m\u00eame. Autrement, empiler les feuilles \u00e9craserait les joints.<\/p>\n<p>Les boulons de suspension ne sont pas inclus et doivent \u00eatre achet\u00e9s s\u00e9par\u00e9ment.<\/p>\n<p>Mots-cl\u00e9s similaires\u00a0: Plan d&#039;ardoise Schletter, dalle de remplacement en ardoise, dalle de remplacement en ardoise m\u00e9tallique, tuile de montage, plaque de support<\/p>","protected":false},"excerpt":{"rendered":"<p>Spezifikation von ALU Solarblech Aufgrund der gro\u00dfen Nachfrage nach einer g\u00fcnstigeren L\u00f6sung kann ich ab sofort auch zus\u00e4tzliche Solarbleche aus Aluminium &#8222;AlMg3&#8220; 1 mm dick anbieten. Wer eine hochwertige L\u00f6sung aus Edelstahl sucht, empfehle ich die Solarblech 200&#215;370 mm Edelstahl. ALU Solarblech bzw. Dichtungsblech f\u00fcr Eternit, Schindel bis hin zu Schiefer D\u00e4cher. (Rhombus und viele [&hellip;]<\/p>\n","protected":false},"featured_media":2904,"template":"","meta":[],"pwb-brand":[16],"product_brand":[],"product_cat":[52],"product_tag":[],"class_list":{"0":"post-51","1":"product","2":"type-product","3":"status-publish","4":"has-post-thumbnail","6":"pwb-brand-solarblech","7":"product_cat-solarbleche","9":"first","10":"instock","11":"taxable","12":"shipping-taxable","13":"purchasable","14":"product-type-simple"},"brands":[{"id":16,"name":"Feuille solaire","slug":"solarblech"}],"_links":{"self":[{"href":"https:\/\/solarblech.shop\/fr\/wp-json\/wp\/v2\/product\/51","targetHints":{"allow":["GET"]}}],"collection":[{"href":"https:\/\/solarblech.shop\/fr\/wp-json\/wp\/v2\/product"}],"about":[{"href":"https:\/\/solarblech.shop\/fr\/wp-json\/wp\/v2\/types\/product"}],"wp:featuredmedia":[{"embeddable":true,"href":"https:\/\/solarblech.shop\/fr\/wp-json\/wp\/v2\/media\/2904"}],"wp:attachment":[{"href":"https:\/\/solarblech.shop\/fr\/wp-json\/wp\/v2\/media?parent=51"}],"wp:term":[{"taxonomy":"pwb-brand","embeddable":true,"href":"https:\/\/solarblech.shop\/fr\/wp-json\/wp\/v2\/pwb-brand?post=51"},{"taxonomy":"product_brand","embeddable":true,"href":"https:\/\/solarblech.shop\/fr\/wp-json\/wp\/v2\/product_brand?post=51"},{"taxonomy":"product_cat","embeddable":true,"href":"https:\/\/solarblech.shop\/fr\/wp-json\/wp\/v2\/product_cat?post=51"},{"taxonomy":"product_tag","embeddable":true,"href":"https:\/\/solarblech.shop\/fr\/wp-json\/wp\/v2\/product_tag?post=51"}],"curies":[{"name":"wp","href":"https:\/\/api.w.org\/{rel}","templated":true}]}}