{"id":451,"date":"2023-11-26T13:15:40","date_gmt":"2023-11-26T13:15:40","guid":{"rendered":"http:\/\/schagerl.online\/?page_id=451"},"modified":"2026-02-17T16:33:27","modified_gmt":"2026-02-17T14:33:27","slug":"impressum","status":"publish","type":"page","link":"https:\/\/solarblech.shop\/fr\/impressum\/","title":{"rendered":"imprimer"},"content":{"rendered":"\t\t<div data-elementor-type=\"wp-page\" data-elementor-id=\"451\" class=\"elementor elementor-451\">\n\t\t\t\t<div class=\"elementor-element elementor-element-7fb34a8 e-flex e-con-boxed e-con e-parent\" data-id=\"7fb34a8\" data-element_type=\"container\" data-e-type=\"container\">\n\t\t\t\t\t<div class=\"e-con-inner\">\n\t\t\t\t<div class=\"elementor-element elementor-element-4618254 elementor-widget elementor-widget-text-editor\" data-id=\"4618254\" data-element_type=\"widget\" data-e-type=\"widget\" data-widget_type=\"text-editor.default\">\n\t\t\t\t<div class=\"elementor-widget-container\">\n\t\t\t\t\t\t\t\t\t<div id=\"comp-l3lk5heh1\" class=\"KcpHeO tz5f0K comp-l3lk5heh1 wixui-rich-text\" data-testid=\"richTextElement\"><h2 class=\"font_6 wixui-rich-text__text\" style=\"text-align: center;\"><span class=\"wixui-rich-text__text\"><span class=\"color_32 wixui-rich-text__text\">Impressum<\/span><\/span><\/h2><\/div><div id=\"comp-l3lk5hei\" class=\"KcpHeO tz5f0K comp-l3lk5hei wixui-rich-text\" style=\"text-align: center;\" data-testid=\"richTextElement\"><p><span class=\"wixui-rich-text__text\"><span class=\"color_15 wixui-rich-text__text\">Es freut mich, dass Sie sich dar\u00fcber informieren, wer hinter diesem Shop steht und von wo aus wir versenden. Als Einzelunternehmer stehe ich pers\u00f6nlich zur Verf\u00fcgung und beantworte gerne Ihre Fragen. Firmenkunden erhalten nach <a href=\"https:\/\/solarblech.shop\/my-account\/\">erfolgreicher Registrierung<\/a> und Angabe ihrer EU-UID automatisch Zugang zu unseren speziellen Firmenpreisen. Gro\u00dfh\u00e4ndler sind herzlich eingeladen, mich direkt zu kontaktieren, um ma\u00dfgeschneiderte Angebote zu besprechen. <\/span><\/span><\/p><h5 class=\"font_9 wixui-rich-text__text\"><strong><span class=\"wixui-rich-text__text\"><span class=\"color_15 wixui-rich-text__text\"><span class=\"wixGuard wixui-rich-text__text\">Bitte keine Kaltakquise. Wir sind nicht an Angeboten f\u00fcr SEO-Optimierung, neue Produkte, Montagepartner, Photovoltaik-Module oder Wikipedia Eintr\u00e4ge interessiert. Danke.<\/span><\/span><\/span><\/strong><\/h5><p class=\"font_9 wixui-rich-text__text\" style=\"text-align: center;\"><span style=\"text-decoration: underline;\"><span class=\"wixui-rich-text__text\"><span class=\"color_15 wixui-rich-text__text\">Informationspflicht laut \u00a75 E-Commerce Gesetz, \u00a714 Unternehmensgesetzbuch, \u00a763 Gewerbeordnung und Offenlegungspflicht laut \u00a725 Mediengesetz.<\/span><\/span><\/span><\/p><p class=\"font_9 wixui-rich-text__text\" style=\"text-align: center;\"><br class=\"wixui-rich-text__text\" \/><span class=\"wixui-rich-text__text\"><span class=\"color_15 wixui-rich-text__text\">Bernhard Schagerl<br class=\"wixui-rich-text__text\" \/>Thal 3<\/span><\/span><\/p><p class=\"font_9 wixui-rich-text__text\" style=\"text-align: center;\"><span class=\"wixui-rich-text__text\"><span class=\"color_15 wixui-rich-text__text\">3386 Hafnerbach<br class=\"wixui-rich-text__text\" \/>\u00d6sterreich<\/span><\/span><\/p><p class=\"font_9 wixui-rich-text__text\" style=\"text-align: center;\"><span class=\"wixui-rich-text__text\"><span class=\"color_15 wixui-rich-text__text\">Unternehmensgegenstand: <\/span><\/span><\/p><p class=\"font_9 wixui-rich-text__text\" style=\"text-align: center;\"><a href=\"https:\/\/firmen.wko.at\/bernhard-schagerl\/nieder%C3%B6sterreich\/?firmaid=6e7354b2-4123-4ba1-8f48-4693087614f6\" rel=\"nofollow noopener\" target=\"_blank\"><span class=\"wixui-rich-text__text\"><span class=\"color_15 wixui-rich-text__text\">Handelsgewerbe mit Ausnahme der reglementierten Handelsgewerbe und Handelsagent<\/span><\/span><\/a><\/p><p><span class=\"wixui-rich-text__text\"><span class=\"color_15 wixui-rich-text__text\">UID: ATU78462334<br class=\"wixui-rich-text__text\" \/>GISA: 35009917<\/span><\/span><\/p><\/div><div class=\"KcpHeO tz5f0K comp-l3lk5hei wixui-rich-text\" style=\"text-align: center;\" data-testid=\"richTextElement\">EORI: ATEOS1000128391<\/div><div class=\"KcpHeO tz5f0K comp-l3lk5hei wixui-rich-text\" style=\"text-align: center;\" data-testid=\"richTextElement\">Wirktschaftskammer Mitgliedsnummer: 474090\/1<\/div><div class=\"KcpHeO tz5f0K comp-l3lk5hei wixui-rich-text\" style=\"text-align: center;\" data-testid=\"richTextElement\">\u00d6NACE-Code: G 47.91-0<\/div><div class=\"KcpHeO tz5f0K comp-l3lk5hei wixui-rich-text\" style=\"text-align: center;\" data-testid=\"richTextElement\">ARA Lizenznummer: 25388<\/div><div class=\"KcpHeO tz5f0K comp-l3lk5hei wixui-rich-text\" style=\"text-align: center;\" data-testid=\"richTextElement\"><p>Zolltarifnummer: 73089098<\/p><p class=\"font_9 wixui-rich-text__text\" style=\"text-align: center;\"><span class=\"wixui-rich-text__text\"><span class=\"color_15 wixui-rich-text__text\">Tel.: +43 (0)664 750 21 8 23<br class=\"wixui-rich-text__text\" \/>E-Mail: Office[at]solarblech.shop <strong>\u2192 <br \/><\/strong><\/span><\/span><\/p><h5 class=\"font_9 wixui-rich-text__text\" style=\"text-align: center;\"><strong><span class=\"wixui-rich-text__text\"><span class=\"color_15 wixui-rich-text__text\"><span class=\"wixGuard wixui-rich-text__text\">Bitte keine Kaltakquise. Wir sind nicht an Angeboten f\u00fcr SEO-Optimierung, neue Produkte, Montagepartner, Photovoltaik-Module oder Wikipedia Eintr\u00e4ge interessiert. Danke.<\/span><\/span><\/span><\/strong><\/h5><p class=\"font_9 wixui-rich-text__text\" style=\"text-align: center;\"><span class=\"wixui-rich-text__text\"><span class=\"color_15 wixui-rich-text__text\">Mitglied bei: <\/span><\/span><\/p><p class=\"font_9 wixui-rich-text__text\" style=\"text-align: center;\"><span class=\"wixui-rich-text__text\"><span class=\"color_15 wixui-rich-text__text\">WKO N\u00d6, Landesinnung<br class=\"wixui-rich-text__text\" \/>Berufsrecht: Gewerbeordnung: www.ris.bka.gv.at<\/span><\/span><\/p><p class=\"font_9 wixui-rich-text__text\" style=\"text-align: center;\"><span class=\"wixui-rich-text__text\"><span class=\"color_15 wixui-rich-text__text\">Aufsichtsbeh\u00f6rde\/Gewerbebeh\u00f6rde: Bezirkshauptmannschaft St. P\u00f6lten<\/span><br class=\"wixui-rich-text__text\" \/><span class=\"color_15 wixui-rich-text__text\">Berufsbezeichnung: Handelsgewerbe mit Ausnahme der reglementierten Handelsgewerbe und Handelsagent<br class=\"wixui-rich-text__text\" \/>Verleihungsstaat: \u00d6sterreich<\/span><\/span><\/p><p class=\"font_9 wixui-rich-text__text\" style=\"text-align: center;\"><span class=\"wixui-rich-text__text\"><span class=\"wixGuard wixui-rich-text__text\">\u200b<\/span><\/span><\/p><p class=\"font_9 wixui-rich-text__text\" style=\"text-align: center;\"><span class=\"wixui-rich-text__text\"><span class=\"color_15 wixui-rich-text__text\">Kontaktdaten des Verantwortlichen f\u00fcr Datenschutz<br class=\"wixui-rich-text__text\" \/>Sollten Sie Fragen zum Datenschutz haben, finden Sie nachfolgend die Kontaktdaten der verantwortlichen Person bzw. Stelle:<br class=\"wixui-rich-text__text\" \/>Bernhard Schagerl<br class=\"wixui-rich-text__text\" \/>Thal 3, 3386 Hafnerbach<br class=\"wixui-rich-text__text\" \/>E-Mail-Adresse: Office[at]solarblech.shop<br class=\"wixui-rich-text__text\" \/>Telefon: +43 (0)664 750 21 8 23<br class=\"wixui-rich-text__text\" \/>Impressum: <a class=\"wixui-rich-text__text\" href=\"https:\/\/solarblech.shop\/impressum\" target=\"_blank\" rel=\"noopener\" data-auto-recognition=\"true\">https:\/\/solarblech.shop\/impressum<\/a><\/span><\/span><\/p><p class=\"font_9 wixui-rich-text__text\" style=\"text-align: center;\"><span class=\"wixui-rich-text__text\"><span class=\"color_15 wixui-rich-text__text\"><span class=\"wixGuard wixui-rich-text__text\">\u200b<\/span><\/span><\/span><\/p><p class=\"font_9 wixui-rich-text__text\" style=\"text-align: center;\"><span class=\"wixui-rich-text__text\"><span class=\"color_15 wixui-rich-text__text\">Haftung f\u00fcr Inhalte dieser Website<\/span><\/span><\/p><p class=\"font_9 wixui-rich-text__text\" style=\"text-align: center;\"><span class=\"wixui-rich-text__text\"><span class=\"color_15 wixui-rich-text__text\">Wir entwickeln die Inhalte dieser Website st\u00e4ndig weiter und bem\u00fchen uns korrekte und aktuelle Informationen bereitzustellen. \u00a0Leider k\u00f6nnen wir keine Haftung f\u00fcr die Korrektheit aller Inhalte auf dieser Website \u00fcbernehmen, speziell f\u00fcr jene, die seitens Dritter bereitgestellt wurden. Als Diensteanbieter sind wir nicht verpflichtet, die von ihnen \u00fcbermittelten oder gespeicherten Informationen zu \u00fcberwachen oder nach Umst\u00e4nden zu forschen, die auf eine rechtswidrige T\u00e4tigkeit hinweisen.<\/span><\/span><\/p><p class=\"font_9 wixui-rich-text__text\" style=\"text-align: center;\"><span class=\"wixui-rich-text__text\"><span class=\"color_15 wixui-rich-text__text\">Unsere Verpflichtungen zur Entfernung von Informationen oder zur Sperrung der Nutzung von Informationen nach den allgemeinen Gesetzen aufgrund von gerichtlichen oder beh\u00f6rdlichen Anordnungen bleiben auch im Falle unserer Nichtverantwortlichkeit davon unber\u00fchrt.<\/span><\/span><\/p><p class=\"font_9 wixui-rich-text__text\" style=\"text-align: center;\"><span class=\"wixui-rich-text__text\"><span class=\"color_15 wixui-rich-text__text\">Sollten Ihnen problematische oder rechtswidrige Inhalte auffallen, bitte wir Sie uns umgehend zu kontaktieren, damit wir die rechtswidrigen Inhalte entfernen k\u00f6nnen. Sie finden die Kontaktdaten im Impressum.<\/span><\/span><\/p><p class=\"font_9 wixui-rich-text__text\" style=\"text-align: center;\"><span class=\"wixui-rich-text__text\"><span class=\"wixGuard wixui-rich-text__text\">\u200b<\/span><\/span><\/p><p class=\"font_9 wixui-rich-text__text\" style=\"text-align: center;\"><span class=\"wixui-rich-text__text\"><span class=\"color_15 wixui-rich-text__text\">Haftung f\u00fcr Links auf dieser Website<\/span><\/span><\/p><p class=\"font_9 wixui-rich-text__text\" style=\"text-align: center;\"><span class=\"wixui-rich-text__text\"><span class=\"color_15 wixui-rich-text__text\">Unsere Website enth\u00e4lt Links zu anderen Websites, f\u00fcr deren Inhalt wir nicht verantwortlich sind. Haftung f\u00fcr verlinkte Websites besteht f\u00fcr uns nicht, da wir keine Kenntnis rechtswidriger T\u00e4tigkeiten hatten und haben, uns solche Rechtswidrigkeiten auch bisher nicht aufgefallen sind und wir Links sofort entfernen w\u00fcrden, wenn uns Rechtswidrigkeiten bekannt werden.<\/span><\/span><\/p><p class=\"font_9 wixui-rich-text__text\" style=\"text-align: center;\"><span class=\"wixui-rich-text__text\"><span class=\"color_15 wixui-rich-text__text\">Wenn Ihnen rechtswidrige Links auf unserer Website auffallen, bitte wir Sie uns zu kontaktieren. Sie finden die Kontaktdaten im Impressum.<\/span><\/span><\/p><p class=\"font_9 wixui-rich-text__text\" style=\"text-align: center;\"><span class=\"wixui-rich-text__text\"><span class=\"wixGuard wixui-rich-text__text\">\u200b<\/span><\/span><\/p><p class=\"font_9 wixui-rich-text__text\" style=\"text-align: center;\"><span class=\"wixui-rich-text__text\"><span class=\"color_15 wixui-rich-text__text\">Urheberrechtshinweis<\/span><\/span><\/p><p class=\"font_9 wixui-rich-text__text\" style=\"text-align: center;\"><span class=\"wixui-rich-text__text\"><span class=\"color_15 wixui-rich-text__text\">Alle Inhalte dieser Webseite (Bilder, Fotos, Texte, Videos) unterliegen dem Urheberrecht. Bitte fragen Sie uns bevor Sie die Inhalte dieser Website verbreiten, vervielf\u00e4ltigen oder verwerten wie zum Beispiel auf anderen Websites erneut ver\u00f6ffentlichen. Falls notwendig, werden wir die unerlaubte Nutzung von Teilen der Inhalte unserer Seite rechtlich verfolgen.<\/span><\/span><\/p><p class=\"font_9 wixui-rich-text__text\" style=\"text-align: center;\"><span class=\"wixui-rich-text__text\"><span class=\"color_15 wixui-rich-text__text\">Sollten Sie auf dieser Webseite Inhalte finden, die das Urheberrecht verletzen, bitten wir Sie uns zu kontaktieren.<\/span><\/span><\/p><p class=\"font_9 wixui-rich-text__text\" style=\"text-align: center;\"><span class=\"wixui-rich-text__text\"><span class=\"color_15 wixui-rich-text__text\">Bildernachweis<\/span><\/span><\/p><p class=\"font_9 wixui-rich-text__text\" style=\"text-align: center;\"><span class=\"wixui-rich-text__text\"><span class=\"color_15 wixui-rich-text__text\">Die Bilder, Fotos und Grafiken auf dieser Webseite sind urheberrechtlich gesch\u00fctzt.<\/span><\/span><\/p><p class=\"font_9 wixui-rich-text__text\" style=\"text-align: center;\"><span class=\"wixui-rich-text__text\"><span class=\"color_15 wixui-rich-text__text\">Die Bilderrechte liegen bei den folgenden Fotografen und Unternehmen:<\/span><\/span><\/p><ul class=\"font_9 color_15 wix-list-text-align wixui-rich-text__text\" style=\"text-align: center;\"><li class=\"wixui-rich-text__text\"><p class=\"font_9 wixui-rich-text__text\"><span class=\"wixui-rich-text__text\"><span class=\"color_15 wixui-rich-text__text\">Bernhard Schagerl<\/span><\/span><\/p><\/li><\/ul><p class=\"font_8 wixui-rich-text__text\" style=\"text-align: center;\"><span class=\"wixui-rich-text__text\">Alle Texte sind urheberrechtlich gesch\u00fctzt<\/span><\/p><\/div>\t\t\t\t\t\t\t\t<\/div>\n\t\t\t\t<\/div>\n\t\t\t\t\t<\/div>\n\t\t\t\t<\/div>\n\t\t\t\t<\/div>\n\t\t","protected":false},"excerpt":{"rendered":"<p>Impressum Es freut mich, dass Sie sich dar\u00fcber informieren, wer hinter diesem Shop steht und von wo aus wir versenden. Als Einzelunternehmer stehe ich pers\u00f6nlich zur Verf\u00fcgung und beantworte gerne Ihre Fragen. Firmenkunden erhalten nach erfolgreicher Registrierung und Angabe ihrer EU-UID automatisch Zugang zu unseren speziellen Firmenpreisen. Gro\u00dfh\u00e4ndler sind herzlich eingeladen, mich direkt zu kontaktieren, [&hellip;]<\/p>\n","protected":false},"author":1,"featured_media":0,"parent":0,"menu_order":0,"comment_status":"closed","ping_status":"closed","template":"","meta":{"footnotes":""},"class_list":["post-451","page","type-page","status-publish","hentry"],"_links":{"self":[{"href":"https:\/\/solarblech.shop\/fr\/wp-json\/wp\/v2\/pages\/451","targetHints":{"allow":["GET"]}}],"collection":[{"href":"https:\/\/solarblech.shop\/fr\/wp-json\/wp\/v2\/pages"}],"about":[{"href":"https:\/\/solarblech.shop\/fr\/wp-json\/wp\/v2\/types\/page"}],"author":[{"embeddable":true,"href":"https:\/\/solarblech.shop\/fr\/wp-json\/wp\/v2\/users\/1"}],"replies":[{"embeddable":true,"href":"https:\/\/solarblech.shop\/fr\/wp-json\/wp\/v2\/comments?post=451"}],"version-history":[{"count":10,"href":"https:\/\/solarblech.shop\/fr\/wp-json\/wp\/v2\/pages\/451\/revisions"}],"predecessor-version":[{"id":3227,"href":"https:\/\/solarblech.shop\/fr\/wp-json\/wp\/v2\/pages\/451\/revisions\/3227"}],"wp:attachment":[{"href":"https:\/\/solarblech.shop\/fr\/wp-json\/wp\/v2\/media?parent=451"}],"curies":[{"name":"wp","href":"https:\/\/api.w.org\/{rel}","templated":true}]}}