{"id":140,"date":"2023-11-15T16:42:16","date_gmt":"2023-11-15T16:42:16","guid":{"rendered":"http:\/\/schagerl.online\/?page_id=140"},"modified":"2024-01-08T10:55:36","modified_gmt":"2024-01-08T10:55:36","slug":"montageanleitung","status":"publish","type":"page","link":"https:\/\/solarblech.shop\/fr\/montageanleitung\/","title":{"rendered":"instructions de montage"},"content":{"rendered":"<div data-elementor-type=\"wp-page\" data-elementor-id=\"140\" class=\"elementor elementor-140\">\n\t\t\t\t<div class=\"elementor-element elementor-element-e0da0f1 e-flex e-con-boxed e-con e-parent\" data-id=\"e0da0f1\" data-element_type=\"container\" data-e-type=\"container\">\n\t\t\t\t\t<div class=\"e-con-inner\">\n\t\t<div class=\"elementor-element elementor-element-1324b8f e-con-full e-flex e-con e-child\" data-id=\"1324b8f\" data-element_type=\"container\" data-e-type=\"container\">\n\t\t\t\t<div class=\"elementor-element elementor-element-64a4b52 elementor-widget elementor-widget-video\" data-id=\"64a4b52\" data-element_type=\"widget\" data-e-type=\"widget\" data-settings=\"{&quot;youtube_url&quot;:&quot;https:\\\/\\\/youtu.be\\\/8JjslaCkk4o?si=7MgklePrW2g4tTYk&quot;,&quot;autoplay&quot;:&quot;yes&quot;,&quot;play_on_mobile&quot;:&quot;yes&quot;,&quot;mute&quot;:&quot;yes&quot;,&quot;loop&quot;:&quot;yes&quot;,&quot;video_type&quot;:&quot;youtube&quot;,&quot;controls&quot;:&quot;yes&quot;}\" data-widget_type=\"video.default\">\n\t\t\t\t<div class=\"elementor-widget-container\">\n\t\t\t\t\t\t\t<div class=\"elementor-wrapper elementor-open-inline\">\n\t\t\t<div class=\"elementor-video\"><\/div>\t\t<\/div>\n\t\t\t\t\t\t<\/div>\n\t\t\t\t<\/div>\n\t\t\t\t<div class=\"elementor-element elementor-element-d3d8a14 elementor-hidden-mobile elementor-widget elementor-widget-video\" data-id=\"d3d8a14\" data-element_type=\"widget\" data-e-type=\"widget\" data-settings=\"{&quot;youtube_url&quot;:&quot;https:\\\/\\\/youtu.be\\\/OmYZIBy_sDg?si=-c_qsnXPBBLhDI0O&quot;,&quot;video_type&quot;:&quot;youtube&quot;,&quot;controls&quot;:&quot;yes&quot;}\" data-widget_type=\"video.default\">\n\t\t\t\t<div class=\"elementor-widget-container\">\n\t\t\t\t\t\t\t<div class=\"elementor-wrapper elementor-open-inline\">\n\t\t\t<div class=\"elementor-video\"><\/div>\t\t<\/div>\n\t\t\t\t\t\t<\/div>\n\t\t\t\t<\/div>\n\t\t\t\t<div class=\"elementor-element elementor-element-f0c2cc8 elementor-hidden-mobile elementor-widget elementor-widget-video\" data-id=\"f0c2cc8\" data-element_type=\"widget\" data-e-type=\"widget\" data-settings=\"{&quot;youtube_url&quot;:&quot;https:\\\/\\\/youtu.be\\\/gZE60V7B09U?si=nLfhLZJYIRUQQVHq&quot;,&quot;video_type&quot;:&quot;youtube&quot;,&quot;controls&quot;:&quot;yes&quot;}\" data-widget_type=\"video.default\">\n\t\t\t\t<div class=\"elementor-widget-container\">\n\t\t\t\t\t\t\t<div class=\"elementor-wrapper elementor-open-inline\">\n\t\t\t<div class=\"elementor-video\"><\/div>\t\t<\/div>\n\t\t\t\t\t\t<\/div>\n\t\t\t\t<\/div>\n\t\t\t\t<div class=\"elementor-element elementor-element-1a6cac7 elementor-hidden-mobile elementor-widget elementor-widget-image\" data-id=\"1a6cac7\" data-element_type=\"widget\" data-e-type=\"widget\" data-widget_type=\"image.default\">\n\t\t\t\t<div class=\"elementor-widget-container\">\n\t\t\t\t\t\t\t\t\t\t\t\t\t\t\t<img fetchpriority=\"high\" decoding=\"async\" width=\"640\" height=\"288\" src=\"https:\/\/solarblech.shop\/wp-content\/uploads\/2023\/11\/1670514203802.webp\" class=\"attachment-large size-large wp-image-142\" alt=\"\" srcset=\"https:\/\/solarblech.shop\/wp-content\/uploads\/2023\/11\/1670514203802.webp 640w, https:\/\/solarblech.shop\/wp-content\/uploads\/2023\/11\/1670514203802-300x135.webp 300w, https:\/\/solarblech.shop\/wp-content\/uploads\/2023\/11\/1670514203802-600x270.webp 600w\" sizes=\"(max-width: 640px) 100vw, 640px\" \/>\t\t\t\t\t\t\t\t\t\t\t\t\t\t\t<\/div>\n\t\t\t\t<\/div>\n\t\t\t\t<div class=\"elementor-element elementor-element-c868384 elementor-hidden-mobile elementor-widget elementor-widget-image\" data-id=\"c868384\" data-element_type=\"widget\" data-e-type=\"widget\" data-widget_type=\"image.default\">\n\t\t\t\t<div class=\"elementor-widget-container\">\n\t\t\t\t\t\t\t\t\t\t\t\t\t\t\t<img decoding=\"async\" width=\"575\" height=\"1024\" src=\"https:\/\/solarblech.shop\/wp-content\/uploads\/2023\/11\/1655545895456-575x1024.webp\" class=\"attachment-large size-large wp-image-143\" alt=\"\" srcset=\"https:\/\/solarblech.shop\/wp-content\/uploads\/2023\/11\/1655545895456-575x1024.webp 575w, https:\/\/solarblech.shop\/wp-content\/uploads\/2023\/11\/1655545895456-300x534.webp 300w, https:\/\/solarblech.shop\/wp-content\/uploads\/2023\/11\/1655545895456-600x1068.webp 600w, https:\/\/solarblech.shop\/wp-content\/uploads\/2023\/11\/1655545895456-169x300.webp 169w, https:\/\/solarblech.shop\/wp-content\/uploads\/2023\/11\/1655545895456.webp 640w\" sizes=\"(max-width: 575px) 100vw, 575px\" \/>\t\t\t\t\t\t\t\t\t\t\t\t\t\t\t<\/div>\n\t\t\t\t<\/div>\n\t\t\t\t<\/div>\n\t\t<div class=\"elementor-element elementor-element-c3a1462 e-flex e-con-boxed e-con e-child\" data-id=\"c3a1462\" data-element_type=\"container\" data-e-type=\"container\" data-settings=\"{&quot;background_background&quot;:&quot;classic&quot;}\">\n\t\t\t\t\t<div class=\"e-con-inner\">\n\t\t\t\t<div class=\"elementor-element elementor-element-8401a91 elementor-widget elementor-widget-heading\" data-id=\"8401a91\" data-element_type=\"widget\" data-e-type=\"widget\" data-widget_type=\"heading.default\">\n\t\t\t\t<div class=\"elementor-widget-container\">\n\t\t\t\t\t<h2 class=\"elementor-heading-title elementor-size-default\">instructions de montage<\/h2>\t\t\t\t<\/div>\n\t\t\t\t<\/div>\n\t\t\t\t<div class=\"elementor-element elementor-element-61f5f64 elementor-widget elementor-widget-text-editor\" data-id=\"61f5f64\" data-element_type=\"widget\" data-e-type=\"widget\" data-widget_type=\"text-editor.default\">\n\t\t\t\t<div class=\"elementor-widget-container\">\n\t\t\t\t\t\t\t\t\t<ul class=\"color_15 font_8 wixui-rich-text__text\"><li class=\"wixui-rich-text__text\"><p class=\"font_8 wixui-rich-text__text\"><span class=\"wixui-rich-text__text\"><span class=\"color_15 wixui-rich-text__text\">La premi\u00e8re \u00e9tape consiste \u00e0 nettoyer le toit de la mousse et de la salet\u00e9. Il est pr\u00e9f\u00e9rable d&#039;utiliser un balai de rue conventionnel.<\/span><\/span><\/p><\/li><\/ul><ul class=\"color_15 font_8 wixui-rich-text__text\"><li class=\"wixui-rich-text__text\"><p class=\"font_8 wixui-rich-text__text\"><span class=\"wixui-rich-text__text\">Les points des trous sur le toit doivent ensuite \u00eatre marqu\u00e9s. Selon que l&#039;on voit ou non les chevrons de l&#039;int\u00e9rieur, cela peut \u00eatre la partie la plus fastidieuse. Il est pr\u00e9f\u00e9rable de les marquer avec un\u00a0<span style=\"text-decoration: underline;\"><a class=\"wixui-rich-text__text\" href=\"https:\/\/amzn.to\/3B8SgVR\" target=\"_blank\" rel=\"noreferrer noopener nofollow\">Cordon \u00e0 craie, avec craie<\/a><\/span>\u00a0et une\u00a0<span style=\"text-decoration: underline;\"><a class=\"wixui-rich-text__text\" href=\"https:\/\/amzn.to\/3cjW1xe\" target=\"_blank\" rel=\"noreferrer noopener nofollow\">marqueur \u00e0 craie professionnel<\/a>.<\/span> \u00c0 titre indicatif, je peux recommander d&#039;ouvrir le fa\u00eete du toit. j&#039;en ai un pour \u00e7a\u00a0<a class=\"wixui-rich-text__text\" href=\"https:\/\/www.youtube.com\/watch?v=OmYZIBy_sDg\" target=\"_blank\" rel=\"noreferrer noopener nofollow\">Vid\u00e9o Youtube<\/a> tourn\u00e9, peut-\u00eatre que cela vous aidera.<\/span><\/p><\/li><\/ul><ul class=\"color_15 font_8 wixui-rich-text__text\"><li class=\"wixui-rich-text__text\"><p class=\"font_8 wixui-rich-text__text\"><span class=\"wixui-rich-text__text\">Les points de per\u00e7age doivent \u00eatre effectu\u00e9s directement au-dessus de la latte transversale du toit. O\u00f9 passent les lattes du toit<\/span>\u00a0Vous pouvez les reconna\u00eetre gr\u00e2ce aux pointes de clous sur les plaques Eternit.<\/p><\/li><\/ul>\t\t\t\t\t\t\t\t<\/div>\n\t\t\t\t<\/div>\n\t\t<div class=\"elementor-element elementor-element-ac0c941 e-flex e-con-boxed e-con e-child\" data-id=\"ac0c941\" data-element_type=\"container\" data-e-type=\"container\" data-settings=\"{&quot;background_background&quot;:&quot;classic&quot;}\">\n\t\t\t\t\t<div class=\"e-con-inner\">\n\t\t\t\t<div class=\"elementor-element elementor-element-d44a383 elementor-widget elementor-widget-text-editor\" data-id=\"d44a383\" data-element_type=\"widget\" data-e-type=\"widget\" data-widget_type=\"text-editor.default\">\n\t\t\t\t<div class=\"elementor-widget-container\">\n\t\t\t\t\t\t\t\t\t<p>Graphique : \u00a9 baulinks.de 2014<\/p>\t\t\t\t\t\t\t\t<\/div>\n\t\t\t\t<\/div>\n\t\t\t\t\t<\/div>\n\t\t\t\t<\/div>\n\t\t\t\t<div class=\"elementor-element elementor-element-b942358 elementor-widget elementor-widget-text-editor\" data-id=\"b942358\" data-element_type=\"widget\" data-e-type=\"widget\" data-widget_type=\"text-editor.default\">\n\t\t\t\t<div class=\"elementor-widget-container\">\n\t\t\t\t\t\t\t\t\t<ul class=\"font_8 wixui-rich-text__text\"><li class=\"wixui-rich-text__text\"><p class=\"font_8 wixui-rich-text__text\"><span class=\"wixui-rich-text__text\">Apr\u00e8s le marquage, le forage peut commencer. Les panneaux Eternit eux-m\u00eames sont livr\u00e9s avec un\u00a0<\/span><span class=\"wixui-rich-text__text\">grosse perceuse<\/span><span class=\"wixui-rich-text__text\"> perc\u00e9 de mani\u00e8re \u00e0 ce que le boulon de suspension ne touche pas les panneaux de toit sur le c\u00f4t\u00e9. Il est recommand\u00e9 de percer 5 mm de plus que le diam\u00e8tre du boulon de suspension. Le joint EPDM (caoutchouc cellulaire) doit imp\u00e9rativement reposer sur la plaque Eternit. Le chevron en bois lui-m\u00eame est ensuite pr\u00e9-perc\u00e9 avec un foret plus petit, en fonction du diam\u00e8tre de la vis de suspension.<\/span><\/p><\/li><\/ul><ul class=\"font_8 wixui-rich-text__text\"><li class=\"wixui-rich-text__text\"><p class=\"font_8 wixui-rich-text__text\"><span class=\"wixui-rich-text__text\">Le joint en caoutchouc alv\u00e9olaire EPDM 50 mm doit \u00eatre coll\u00e9 au dos de la t\u00f4le par le client. Malheureusement, il n&#039;est pas possible de les coller en usine car le joint est \u00e9cras\u00e9 lors de l&#039;exp\u00e9dition des panneaux solaires.<\/span><\/p><\/li><\/ul><ul class=\"font_8 wixui-rich-text__text\"><li class=\"wixui-rich-text__text\"><p class=\"font_8 wixui-rich-text__text\"><span class=\"wixui-rich-text__text\">Les panneaux solaires peuvent ensuite \u00eatre ins\u00e9r\u00e9s par le bas. Voir \u00e0 nouveau la photo ci-dessus. Parfois, la t\u00f4le ne peut pas \u00eatre enfonc\u00e9e compl\u00e8tement. Les taches de clous sur les plaques sup\u00e9rieures g\u00eanent rarement. Le panneau solaire appartient alors comme \u00e7a\u00a0<a class=\"wixui-rich-text__text\" href=\"https:\/\/youtu.be\/8JjslaCkk4o?si=7MgklePrW2g4tTYk\" target=\"_blank\" rel=\"noreferrer noopener nofollow\"><span style=\"text-decoration: underline;\">Vid\u00e9o<\/span><\/a>\u00a0montr\u00e9 avec un\u00a0<span style=\"text-decoration: underline;\"><a class=\"wixui-rich-text__text\" href=\"https:\/\/amzn.to\/3T2GdiU\" target=\"_blank\" rel=\"noreferrer noopener nofollow\">Meuleuse d&#039;angle<\/a><\/span> raccourci.<\/span><\/p><\/li><\/ul><ul class=\"font_8 wixui-rich-text__text\"><li class=\"wixui-rich-text__text\"><p class=\"font_8 wixui-rich-text__text\"><span class=\"wixui-rich-text__text\">Veuillez noter qu&#039;il arrive que toutes les t\u00f4les ne reposent pas enti\u00e8rement sur le toit. Il peut se trouver \u00e0 quelques millim\u00e8tres du toit. Cela n&#039;a pas d&#039;importance. Il est important que la bague d&#039;\u00e9tanch\u00e9it\u00e9 soit en place. Si la distance est trop grande, appuyez bri\u00e8vement sur la t\u00f4le \u00e0 la main.<\/span><\/p><\/li><li class=\"wixui-rich-text__text\"><p class=\"font_8 wixui-rich-text__text\"><span class=\"wixui-rich-text__text\">La derni\u00e8re \u00e9tape consiste \u00e0 visser le boulon de suspension et \u00e0 serrer l&#039;\u00e9crou avec le joint en caoutchouc. Le boulon de suspension est livr\u00e9 avec un\u00a0<a class=\"wixui-rich-text__text\" href=\"https:\/\/amzn.to\/3PwersY\" target=\"_blank\" rel=\"noreferrer noopener nofollow\"><span style=\"text-decoration: underline;\">rochet<\/span><\/a>\u00a0ou\u00a0<span style=\"text-decoration: underline;\"><a class=\"wixui-rich-text__text\" href=\"https:\/\/amzn.to\/3o3e9xZ\" target=\"_blank\" rel=\"noreferrer noopener nofollow\">foret puissant<\/a>\u00a0<\/span>viss\u00e9. Le joint en caoutchouc ne doit pas \u00eatre trop serr\u00e9. Selon le fabricant, le joint EPDM (caoutchouc cellulaire) doit \u00eatre press\u00e9 \u00e0 environ 1\/3.<\/span><\/p><\/li><\/ul>\t\t\t\t\t\t\t\t<\/div>\n\t\t\t\t<\/div>\n\t\t\t\t<div class=\"elementor-element elementor-element-5b58226 elementor-widget elementor-widget-text-editor\" data-id=\"5b58226\" data-element_type=\"widget\" data-e-type=\"widget\" data-widget_type=\"text-editor.default\">\n\t\t\t\t<div class=\"elementor-widget-container\">\n\t\t\t\t\t\t\t\t\t<p class=\"font_8 wixui-rich-text__text\"><span class=\"wixui-rich-text__text\">Remarque : je n&#039;assume aucune responsabilit\u00e9 quant \u00e0 l&#039;actualit\u00e9, l&#039;exactitude ou l&#039;exhaustivit\u00e9 des informations.<\/span><\/p><p class=\"font_8 wixui-rich-text__text\"><span class=\"wixui-rich-text__text\"><span class=\"color_15 wixui-rich-text__text\">*En tant qu&#039;associ\u00e9 Amazon, je gagne des revenus gr\u00e2ce aux ventes \u00e9ligibles. Merci<\/span><\/span><\/p>\t\t\t\t\t\t\t\t<\/div>\n\t\t\t\t<\/div>\n\t\t\t\t\t<\/div>\n\t\t\t\t<\/div>\n\t\t\t\t\t<\/div>\n\t\t\t\t<\/div>\n\t\t\t\t<\/div>","protected":false},"excerpt":{"rendered":"<p>Montageanleitung Als Erstes geh\u00f6rt das Dach von Moos und Verunreinigungen gereinigt. Am Besten wird dazu ein herk\u00f6mmlicher Stra\u00dfenbesen verwendet. Anschlie\u00dfend m\u00fcssen die Punkte der Bohrungen am Dach angezeichnet werden. Je nachdem, ob man die Dachsparren von innen sieht oder nicht, ist das mitunter der langwierigste Part. Angezeichnet wird am besten mit einer\u00a0Schlagschnur, mit Kreide\u00a0und einem\u00a0professionellen [&hellip;]<\/p>\n","protected":false},"author":1,"featured_media":0,"parent":0,"menu_order":2,"comment_status":"closed","ping_status":"closed","template":"elementor_header_footer","meta":{"footnotes":""},"class_list":["post-140","page","type-page","status-publish","hentry"],"_links":{"self":[{"href":"https:\/\/solarblech.shop\/fr\/wp-json\/wp\/v2\/pages\/140","targetHints":{"allow":["GET"]}}],"collection":[{"href":"https:\/\/solarblech.shop\/fr\/wp-json\/wp\/v2\/pages"}],"about":[{"href":"https:\/\/solarblech.shop\/fr\/wp-json\/wp\/v2\/types\/page"}],"author":[{"embeddable":true,"href":"https:\/\/solarblech.shop\/fr\/wp-json\/wp\/v2\/users\/1"}],"replies":[{"embeddable":true,"href":"https:\/\/solarblech.shop\/fr\/wp-json\/wp\/v2\/comments?post=140"}],"version-history":[{"count":6,"href":"https:\/\/solarblech.shop\/fr\/wp-json\/wp\/v2\/pages\/140\/revisions"}],"predecessor-version":[{"id":1465,"href":"https:\/\/solarblech.shop\/fr\/wp-json\/wp\/v2\/pages\/140\/revisions\/1465"}],"wp:attachment":[{"href":"https:\/\/solarblech.shop\/fr\/wp-json\/wp\/v2\/media?parent=140"}],"curies":[{"name":"wp","href":"https:\/\/api.w.org\/{rel}","templated":true}]}}