{"id":71,"date":"2023-11-14T13:42:22","date_gmt":"2023-11-14T13:42:22","guid":{"rendered":"http:\/\/schagerl.online\/product\/solarblech-edelstahl-200x370mm-08mm-inkl-dichtring\/"},"modified":"2026-03-18T16:44:52","modified_gmt":"2026-03-18T14:44:52","slug":"solarblech-edelstahl-200x370mm-08mm","status":"publish","type":"product","link":"https:\/\/solarblech.shop\/es\/product\/solarblech-edelstahl-200x370mm-08mm\/","title":{"rendered":"Chapa solar acero inoxidable 200x370mm 0,8mm incluido anillo de estanqueidad"},"content":{"rendered":"<h5>Especificaci\u00f3n de chapa solar de acero inoxidable.<\/h5>\n<p>Chapa solar de acero inoxidable de alta calidad para una instalaci\u00f3n fotovoltaica segura en tejados de Eternit, tejas y pizarra. (Rombo y muchas otras formas y variantes)<\/p>\n<p>Imprescindible para ellos <a href=\"https:\/\/lumensolar.at\/\" rel=\"nofollow noopener\" target=\"_blank\">Asamblea<\/a> un sistema fotovoltaico sobre un techo de Eternit y tejas para:<\/p>\n<div>\n<ul>\n<li>Para drenar el agua correctamente<\/li>\n<li>Para distribuir el peso<\/li>\n<li>Conecte el perno de suspensi\u00f3n correctamente<\/li>\n<li>Particularmente robusto porque tiene 0,8 mm de espesor<\/li>\n<li>Acero inoxidable (V2A)<\/li>\n<li>Recubrimiento en polvo posible en todos los colores.<\/li>\n<li>Producci\u00f3n exclusivamente en Austria.<\/li>\n<li>disponible inmediatamente<\/li>\n<\/ul>\n<\/div>\n<p class=\"font_9 wixui-rich-text__text\"><span class=\"wixui-rich-text__text\"><span class=\"color_15 wixui-rich-text__text\">Dimensiones: 200 \u00d7 370 mm; 0,8 mm de espesor; Di\u00e1metro del agujero: 15,5 mm y a 80 mm de altura desde el fondo.<br \/>\n<\/span><\/span><\/p>\n<p class=\"font_9 wixui-rich-text__text\"><span class=\"wixui-rich-text__text\"><span class=\"color_15 wixui-rich-text__text\">De uso universal para pernos de suspensi\u00f3n de 10 mm y 12 mm.<\/span><\/span><\/p>\n<p>En el reverso de la l\u00e1mina hay una junta de caucho celular EPDM de 3 mm. Di\u00e1metro 30-50 mm El sello est\u00e1 incluido y debes pegarlo t\u00fa mismo. De lo contrario, al apilar las l\u00e1minas se aplastar\u00edan las juntas.<\/p>\n<p>El <a href=\"https:\/\/solarblech.shop\/es\/product\/stockschraube-m10-x-250-mm-edelstahl-vorkonfektioniert\/\">Pernos de suspensi\u00f3n<\/a> No est\u00e1n incluidos y deben comprarse por separado.<\/p>\n<p>Aqu\u00ed puedes <a href=\"https:\/\/solarblech.shop\/wp-content\/uploads\/2023\/11\/Gebrauchsanleitung-und-Risikobeurteilung.pdf\">Instrucciones de uso y evaluaci\u00f3n de riesgos.<\/a> recuperar.<\/p>\n<p>Palabras clave similares: Plano de pizarra Schletter, losa de reemplazo de pizarra, losa de reemplazo de pizarra met\u00e1lica, losa de montaje, placa de respaldo<\/p>","protected":false},"excerpt":{"rendered":"<p>Spezifikation von Solarblech Edelstahl Hochwertiges Solarblech Edelstahl f\u00fcr sichere Photovoltaik-Montage auf Eternit, Schindel und Schieferd\u00e4chern.\u00a0(Rhombus und viele anderen Formen und Varianten) Ein Muss f\u00fcr die Montage einer Photovoltaik Anlage auf einem Eternit und Schindel Dach um: Das Wasser richtig abzuleiten Das Gewicht zu verteilen Die Stockschraube richtig anzubinden Besonders robust, weil 0,8 mm dick Rostfreier [&hellip;]<\/p>\n","protected":false},"featured_media":2905,"template":"","meta":[],"pwb-brand":[16],"product_brand":[],"product_cat":[52],"product_tag":[],"class_list":{"0":"post-71","1":"product","2":"type-product","3":"status-publish","4":"has-post-thumbnail","6":"pwb-brand-solarblech","7":"product_cat-solarbleche","9":"first","10":"instock","11":"taxable","12":"shipping-taxable","13":"purchasable","14":"product-type-simple"},"brands":[{"id":16,"name":"Lamina solar","slug":"solarblech"}],"_links":{"self":[{"href":"https:\/\/solarblech.shop\/es\/wp-json\/wp\/v2\/product\/71","targetHints":{"allow":["GET"]}}],"collection":[{"href":"https:\/\/solarblech.shop\/es\/wp-json\/wp\/v2\/product"}],"about":[{"href":"https:\/\/solarblech.shop\/es\/wp-json\/wp\/v2\/types\/product"}],"wp:featuredmedia":[{"embeddable":true,"href":"https:\/\/solarblech.shop\/es\/wp-json\/wp\/v2\/media\/2905"}],"wp:attachment":[{"href":"https:\/\/solarblech.shop\/es\/wp-json\/wp\/v2\/media?parent=71"}],"wp:term":[{"taxonomy":"pwb-brand","embeddable":true,"href":"https:\/\/solarblech.shop\/es\/wp-json\/wp\/v2\/pwb-brand?post=71"},{"taxonomy":"product_brand","embeddable":true,"href":"https:\/\/solarblech.shop\/es\/wp-json\/wp\/v2\/product_brand?post=71"},{"taxonomy":"product_cat","embeddable":true,"href":"https:\/\/solarblech.shop\/es\/wp-json\/wp\/v2\/product_cat?post=71"},{"taxonomy":"product_tag","embeddable":true,"href":"https:\/\/solarblech.shop\/es\/wp-json\/wp\/v2\/product_tag?post=71"}],"curies":[{"name":"wp","href":"https:\/\/api.w.org\/{rel}","templated":true}]}}