{"id":68,"date":"2023-11-14T13:42:22","date_gmt":"2023-11-14T13:42:22","guid":{"rendered":"http:\/\/schagerl.online\/product\/flanschgehause-ip65-inkl-dichtung-und-tullen-in-grose-20-25-und-32mm\/"},"modified":"2025-04-15T20:01:30","modified_gmt":"2025-04-15T18:01:30","slug":"flanschgehaeuse-ip65-inkl-dichtung","status":"publish","type":"product","link":"https:\/\/solarblech.shop\/es\/product\/flanschgehaeuse-ip65-inkl-dichtung\/","title":{"rendered":"Carcasa de brida IP65 que incluye junta y pasacables en tama\u00f1os 20, 25 y 32 mm"},"content":{"rendered":"<h5>Carcasa con brida de protecci\u00f3n IP65.<\/h5>\n<p>Incluido en el set:<\/p>\n<ul>\n<li>Brida de 90\u00b0 que aloja la protecci\u00f3n doctor IP65<\/li>\n<li>3x insertos de boquilla para mangueras de 20, 25 y 32 mm<\/li>\n<li>Tornillos y tuercas de acero inoxidable para fijaci\u00f3n de brida a chapas.<\/li>\n<li>Junta de EPDM en la parte inferior.<\/li>\n<\/ul>\n<p>Propiedades: resistente a los rayos UV, sin silicona, sin hal\u00f3genos y resistente a las vibraciones.<\/p>\n<ul>\n<li>Di\u00e1metro de boquillas: 20, 25 y 32 mm<\/li>\n<li>Longitud: 79,8 mm<\/li>\n<li>Ancho: 80 mm<\/li>\n<li>Altura: 57,5 mm<\/li>\n<li><a href=\"https:\/\/www.aundu.at\/\" rel=\"nofollow noopener\" target=\"_blank\">Altura de instalaci\u00f3n<\/a>: 57,5 mm<\/li>\n<li>N\u00famero de agujeros para tornillos: 4<\/li>\n<li>Di\u00e1metro del orificio del tornillo: 5,5 mm<\/li>\n<li>Tornillos materiales: <a href=\"https:\/\/solarblech.shop\/es\/product\/solarblech-edelstahl-200x370mm-08mm\/\">acero inoxidable<\/a>, V2A<\/li>\n<\/ul>","protected":false},"excerpt":{"rendered":"<p>Flanschgeh\u00e4use der Schutzarzt IP65. Im Set enthalten: 90\u00b0 Flanschgehause der Schutzarzt IP65 3x T\u00fclleneinsatz f\u00fcr 20, 25 und 32 mm Schl\u00e4uche Edelstahlschrauben und Muttern zum Befestigen des Flansch auf Blechen EPDM Dichtung an der Unterseite. Eigenschaften: UV-Best\u00e4ndig, silikonfrei, halogenfrei, Vibrationssicher. Durchmesser T\u00fcllen: 20, 25 und 32 mm L\u00e4nge: 79,8 mm Breite: 80 mm H\u00f6he: 57,5 [&hellip;]<\/p>\n","protected":false},"featured_media":829,"template":"","meta":[],"pwb-brand":[],"product_brand":[],"product_cat":[49],"product_tag":[],"class_list":{"0":"post-68","1":"product","2":"type-product","3":"status-publish","4":"has-post-thumbnail","6":"product_cat-kabeleinfuehrungen-und-flansche","8":"first","9":"instock","10":"taxable","11":"shipping-taxable","12":"purchasable","13":"product-type-simple"},"brands":[],"_links":{"self":[{"href":"https:\/\/solarblech.shop\/es\/wp-json\/wp\/v2\/product\/68","targetHints":{"allow":["GET"]}}],"collection":[{"href":"https:\/\/solarblech.shop\/es\/wp-json\/wp\/v2\/product"}],"about":[{"href":"https:\/\/solarblech.shop\/es\/wp-json\/wp\/v2\/types\/product"}],"wp:featuredmedia":[{"embeddable":true,"href":"https:\/\/solarblech.shop\/es\/wp-json\/wp\/v2\/media\/829"}],"wp:attachment":[{"href":"https:\/\/solarblech.shop\/es\/wp-json\/wp\/v2\/media?parent=68"}],"wp:term":[{"taxonomy":"pwb-brand","embeddable":true,"href":"https:\/\/solarblech.shop\/es\/wp-json\/wp\/v2\/pwb-brand?post=68"},{"taxonomy":"product_brand","embeddable":true,"href":"https:\/\/solarblech.shop\/es\/wp-json\/wp\/v2\/product_brand?post=68"},{"taxonomy":"product_cat","embeddable":true,"href":"https:\/\/solarblech.shop\/es\/wp-json\/wp\/v2\/product_cat?post=68"},{"taxonomy":"product_tag","embeddable":true,"href":"https:\/\/solarblech.shop\/es\/wp-json\/wp\/v2\/product_tag?post=68"}],"curies":[{"name":"wp","href":"https:\/\/api.w.org\/{rel}","templated":true}]}}