{"id":66,"date":"2023-11-14T13:42:22","date_gmt":"2023-11-14T13:42:22","guid":{"rendered":"http:\/\/schagerl.online\/product\/solarblech-sondermas-200x590mm-08mm-inkl-dichtring-v2a\/"},"modified":"2026-03-03T12:25:56","modified_gmt":"2026-03-03T10:25:56","slug":"solarblech-sondermass-590-x-200-mm","status":"publish","type":"product","link":"https:\/\/solarblech.shop\/es\/product\/solarblech-sondermass-590-x-200-mm\/","title":{"rendered":"L\u00e1mina solar tama\u00f1o especial 590 x 200 mm incluyendo anillo de sellado"},"content":{"rendered":"<h5>L\u00e1mina solar tama\u00f1o especial 590 x 200 mm para paneles de grandes dimensiones<\/h5>\n<p>Imprescindible para ellos <a href=\"http:\/\/www.esz.at\/\" rel=\"nofollow noopener\" target=\"_blank\">Asamblea<\/a> un sistema fotovoltaico sobre un techo de Eternit y tejas para:<\/p>\n<div>\n<div>\n<div>\n<ul>\n<li>Evitar que los paneles del techo se rompan<\/li>\n<li>Para drenar el agua correctamente<\/li>\n<li>Para distribuir el peso<\/li>\n<li>Conecte el perno de suspensi\u00f3n correctamente<\/li>\n<li>Particularmente robusto porque tiene 0,8 mm de espesor<\/li>\n<li>Inoxidable <a href=\"https:\/\/solarblech.shop\/es\/product\/alu-solarblech-200x370mm\/\">acero inoxidable<\/a> (V2A)<\/li>\n<li>Recubrimiento en polvo posible en todos los colores.<\/li>\n<li>Producci\u00f3n exclusivamente en Austria.<\/li>\n<li>disponible inmediatamente<\/li>\n<\/ul>\n<\/div>\n<\/div>\n<\/div>\n<p>En el reverso de la l\u00e1mina hay una junta de caucho celular EPDM de 3 mm. Di\u00e1metro 30-50 mm El sello est\u00e1 incluido y debes pegarlo t\u00fa mismo. De lo contrario, al apilar las l\u00e1minas se aplastar\u00edan las juntas.<\/p>\n<p>Los pernos de suspensi\u00f3n no est\u00e1n incluidos y deben adquirirse por separado.<\/p>","protected":false},"excerpt":{"rendered":"<p>Solarblech Sonderma\u00df 590 x 200 mm f\u00fcr gro\u00dfe Platten Ein Muss f\u00fcr die Montage einer Photovoltaik Anlage auf einem Eternit und Schindel Dach um: Ein Brechen der Dachplatten verhindern Das Wasser richtig abzuleiten Das Gewicht zu verteilen Die Stockschraube richtig anzubinden Besonders robust, weil 0,8 mm dick Rostfreier Edelstahl (V2A) Pulverbeschichtung in allen Farben m\u00f6glich [&hellip;]<\/p>\n","protected":false},"featured_media":987,"template":"","meta":[],"pwb-brand":[16],"product_brand":[],"product_cat":[52],"product_tag":[],"class_list":{"0":"post-66","1":"product","2":"type-product","3":"status-publish","4":"has-post-thumbnail","6":"pwb-brand-solarblech","7":"product_cat-solarbleche","9":"first","10":"instock","11":"taxable","12":"shipping-taxable","13":"purchasable","14":"product-type-variable","15":"has-default-attributes"},"brands":[{"id":16,"name":"Lamina solar","slug":"solarblech"}],"_links":{"self":[{"href":"https:\/\/solarblech.shop\/es\/wp-json\/wp\/v2\/product\/66","targetHints":{"allow":["GET"]}}],"collection":[{"href":"https:\/\/solarblech.shop\/es\/wp-json\/wp\/v2\/product"}],"about":[{"href":"https:\/\/solarblech.shop\/es\/wp-json\/wp\/v2\/types\/product"}],"wp:featuredmedia":[{"embeddable":true,"href":"https:\/\/solarblech.shop\/es\/wp-json\/wp\/v2\/media\/987"}],"wp:attachment":[{"href":"https:\/\/solarblech.shop\/es\/wp-json\/wp\/v2\/media?parent=66"}],"wp:term":[{"taxonomy":"pwb-brand","embeddable":true,"href":"https:\/\/solarblech.shop\/es\/wp-json\/wp\/v2\/pwb-brand?post=66"},{"taxonomy":"product_brand","embeddable":true,"href":"https:\/\/solarblech.shop\/es\/wp-json\/wp\/v2\/product_brand?post=66"},{"taxonomy":"product_cat","embeddable":true,"href":"https:\/\/solarblech.shop\/es\/wp-json\/wp\/v2\/product_cat?post=66"},{"taxonomy":"product_tag","embeddable":true,"href":"https:\/\/solarblech.shop\/es\/wp-json\/wp\/v2\/product_tag?post=66"}],"curies":[{"name":"wp","href":"https:\/\/api.w.org\/{rel}","templated":true}]}}