{"id":60,"date":"2023-11-14T13:42:21","date_gmt":"2023-11-14T13:42:21","guid":{"rendered":"http:\/\/schagerl.online\/product\/flanschgehause-3-fach-ip65-inkl-tullen-und-dichtung\/"},"modified":"2025-10-03T09:14:21","modified_gmt":"2025-10-03T07:14:21","slug":"flanschgehaeuse-3-fach-ip65-inkl","status":"publish","type":"product","link":"https:\/\/solarblech.shop\/es\/product\/flanschgehaeuse-3-fach-ip65-inkl\/","title":{"rendered":"Carcasa de brida triple IP65 con pasacables y junta"},"content":{"rendered":"<h5>Carcasa con brida divisible hasta 90\u00b0 <a href=\"https:\/\/solarblech.shop\/es\/product\/kabeleinfuehrung-ip65-flanschgehaeuse\/\">Entrada de cable<\/a> de cables con enchufes \/ IP65<\/h5>\n<p>Vers\u00e1til carcasa con brida triple y grado de protecci\u00f3n IP65, completa con pasacables y junta. Perfecto para un uso seguro en entornos exigentes. Descubra ahora una soluci\u00f3n fiable para sus necesidades individuales de carcasas robustas y protegidas para componentes electr\u00f3nicos.<\/p>\n<p>Incluido en el set:<\/p>\n<ul>\n<li>Carcasa con brida triple<\/li>\n<li>sello integrado<\/li>\n<li>3 ojales (rango de sujeci\u00f3n 4-7 mm)<\/li>\n<li>3 ojales (rango de sujeci\u00f3n 8-11 mm)<\/li>\n<\/ul>\n<p>Con una altura de instalaci\u00f3n de s\u00f3lo 38 mm, esta carcasa con brida se puede instalar en la mayor\u00eda de los tejados. <a href=\"http:\/\/www.esz.at\/\" rel=\"nofollow noopener\" target=\"_blank\">usar.<\/a><\/p>\n<p>Para cubrir un rango de sujeci\u00f3n de 4-11 mm, se incluyen en el juego un total de 6 ojales. Esto significa que se pueden sujetar firmemente sin problemas cables solares de 4 mm\u00b2 (5,25 mm) hasta cables de tierra de 16 mm\u00b2 (9,9 mm).<\/p>\n<ul>\n<li style=\"list-style-type: none;\">\n<ul>\n<li>Longitud: 100 mm<\/li>\n<li>Ancho: 53 mm<\/li>\n<li>Altura: 38 mm<\/li>\n<li>Altura de instalaci\u00f3n: 38 mm<\/li>\n<\/ul>\n<\/li>\n<\/ul>","protected":false},"excerpt":{"rendered":"<p>Teilbares Flanschgeh\u00e4use zur 90\u00b0 Kabeleinf\u00fchrung von Leitungen mit Steckern \/ IP65 Vielseitiges 3-fach Flanschgeh\u00e4use mit IP65 Schutzklasse, komplett inklusive T\u00fcllen und Dichtung. Perfekt f\u00fcr den sicheren Einsatz in anspruchsvollen Umgebungen. Entdecken Sie jetzt eine zuverl\u00e4ssige L\u00f6sung f\u00fcr Ihre individuellen Anforderungen an robuste und gesch\u00fctzte Geh\u00e4use f\u00fcr elektronische Komponenten. Im Set dabei: 3-fach Flanschgeh\u00e4use integrierte Dichtung [&hellip;]<\/p>\n","protected":false},"featured_media":318,"template":"","meta":[],"pwb-brand":[],"product_brand":[],"product_cat":[49],"product_tag":[],"class_list":{"0":"post-60","1":"product","2":"type-product","3":"status-publish","4":"has-post-thumbnail","6":"product_cat-kabeleinfuehrungen-und-flansche","8":"first","9":"instock","10":"taxable","11":"shipping-taxable","12":"purchasable","13":"product-type-simple"},"brands":[],"_links":{"self":[{"href":"https:\/\/solarblech.shop\/es\/wp-json\/wp\/v2\/product\/60","targetHints":{"allow":["GET"]}}],"collection":[{"href":"https:\/\/solarblech.shop\/es\/wp-json\/wp\/v2\/product"}],"about":[{"href":"https:\/\/solarblech.shop\/es\/wp-json\/wp\/v2\/types\/product"}],"wp:featuredmedia":[{"embeddable":true,"href":"https:\/\/solarblech.shop\/es\/wp-json\/wp\/v2\/media\/318"}],"wp:attachment":[{"href":"https:\/\/solarblech.shop\/es\/wp-json\/wp\/v2\/media?parent=60"}],"wp:term":[{"taxonomy":"pwb-brand","embeddable":true,"href":"https:\/\/solarblech.shop\/es\/wp-json\/wp\/v2\/pwb-brand?post=60"},{"taxonomy":"product_brand","embeddable":true,"href":"https:\/\/solarblech.shop\/es\/wp-json\/wp\/v2\/product_brand?post=60"},{"taxonomy":"product_cat","embeddable":true,"href":"https:\/\/solarblech.shop\/es\/wp-json\/wp\/v2\/product_cat?post=60"},{"taxonomy":"product_tag","embeddable":true,"href":"https:\/\/solarblech.shop\/es\/wp-json\/wp\/v2\/product_tag?post=60"}],"curies":[{"name":"wp","href":"https:\/\/api.w.org\/{rel}","templated":true}]}}