{"id":55,"date":"2023-11-14T13:42:21","date_gmt":"2023-11-14T13:42:21","guid":{"rendered":"http:\/\/schagerl.online\/product\/stockschraube-m12-edelstahl-vorkonfektioniert\/"},"modified":"2026-04-15T15:50:23","modified_gmt":"2026-04-15T13:50:23","slug":"stockschrauben-m12-edelstahl","status":"publish","type":"product","link":"https:\/\/solarblech.shop\/es\/product\/stockschrauben-m12-edelstahl\/","title":{"rendered":"Pernos de suspensi\u00f3n M12, premontados de acero inoxidable"},"content":{"rendered":"<h5>Pernos de suspensi\u00f3n M12<\/h5>\n<div><\/div>\n<div>Con hex\u00e1gono exterior, acero inoxidable<\/div>\n<p>En el juego 3 \u00d7 tuerca M12 y junta de EPDM.<\/p>\n<p>Hecho en Alemania<\/p>\n<div>\n<p>Para el <a href=\"https:\/\/www.aundu.at\/\" rel=\"nofollow noopener\" target=\"_blank\">Asamblea<\/a> Recomiendo el siguiente procedimiento para el perno de suspensi\u00f3n:<\/p>\n<ul>\n<li>Tornillo de suspensi\u00f3n M12, pretaladrado en madera \u00d8 8,5 mm<\/li>\n<\/ul>\n<p>El perno de suspensi\u00f3n siempre debe instalarse perpendicular a la pendiente del techo.<\/p>\n<ul>\n<li style=\"list-style-type: none;\">\n<ul>\n<li>Di\u00e1metro nominal: 12 mm<\/li>\n<li>Versi\u00f3n: Premontado, 1 x junta de EPDM, 3 x contratuerca,\u00a0<a href=\"https:\/\/solarblech.shop\/es\/product\/solarblech-edelstahl-200x370mm-08mm\/\">acero inoxidable<\/a> A2<\/li>\n<\/ul>\n<\/li>\n<\/ul>\n<\/div>","protected":false},"excerpt":{"rendered":"<p>Stockschrauben M12 Mit Au\u00dfensechskant, Edelstahl Im Set 3 \u00d7 Mutter M12 und Dichtung EPDM. Hergestellt in Deutschland F\u00fcr die Montage der Stockschraube empfehle ich folgende Vorgehensweise: Stockschraube M12, Vorbohren in Holz \u00d8 8.5 mm Die Montage der Stockschraube ist immer in senkrechter Ausrichtung zur Dachneigung vorzunehmen. Nenndurchmesser: 12 mm Ausf\u00fchrung: Vorkonfektioniert,\u00a01 x EPDM-Dichtung, 3 x [&hellip;]<\/p>\n","protected":false},"featured_media":870,"template":"","meta":[],"pwb-brand":[],"product_brand":[],"product_cat":[50],"product_tag":[],"class_list":{"0":"post-55","1":"product","2":"type-product","3":"status-publish","4":"has-post-thumbnail","6":"product_cat-stockschrauben-und-adapterbleche","8":"first","9":"instock","10":"taxable","11":"shipping-taxable","12":"purchasable","13":"product-type-variable"},"brands":[],"_links":{"self":[{"href":"https:\/\/solarblech.shop\/es\/wp-json\/wp\/v2\/product\/55","targetHints":{"allow":["GET"]}}],"collection":[{"href":"https:\/\/solarblech.shop\/es\/wp-json\/wp\/v2\/product"}],"about":[{"href":"https:\/\/solarblech.shop\/es\/wp-json\/wp\/v2\/types\/product"}],"wp:featuredmedia":[{"embeddable":true,"href":"https:\/\/solarblech.shop\/es\/wp-json\/wp\/v2\/media\/870"}],"wp:attachment":[{"href":"https:\/\/solarblech.shop\/es\/wp-json\/wp\/v2\/media?parent=55"}],"wp:term":[{"taxonomy":"pwb-brand","embeddable":true,"href":"https:\/\/solarblech.shop\/es\/wp-json\/wp\/v2\/pwb-brand?post=55"},{"taxonomy":"product_brand","embeddable":true,"href":"https:\/\/solarblech.shop\/es\/wp-json\/wp\/v2\/product_brand?post=55"},{"taxonomy":"product_cat","embeddable":true,"href":"https:\/\/solarblech.shop\/es\/wp-json\/wp\/v2\/product_cat?post=55"},{"taxonomy":"product_tag","embeddable":true,"href":"https:\/\/solarblech.shop\/es\/wp-json\/wp\/v2\/product_tag?post=55"}],"curies":[{"name":"wp","href":"https:\/\/api.w.org\/{rel}","templated":true}]}}