{"id":51,"date":"2023-11-14T13:42:21","date_gmt":"2023-11-14T13:42:21","guid":{"rendered":"http:\/\/schagerl.online\/product\/alu-solarblech-200x370mm-1mm-inkl-dichtring\/"},"modified":"2026-03-06T09:51:41","modified_gmt":"2026-03-06T07:51:41","slug":"alu-solarblech-200x370mm","status":"publish","type":"product","link":"https:\/\/solarblech.shop\/es\/product\/alu-solarblech-200x370mm\/","title":{"rendered":"Placa solar ALU 200x370mm 1mm con anillo de sellado"},"content":{"rendered":"<h5>Especificaci\u00f3n de la l\u00e1mina solar ALU<\/h5>\n<p>Debido a la gran demanda de una soluci\u00f3n m\u00e1s econ\u00f3mica, ahora tambi\u00e9n puedo ofrecer paneles solares adicionales de aluminio \u201cAlMg3\u201d de 1 mm de espesor. Si buscas una soluci\u00f3n de alta calidad fabricada en acero inoxidable, te recomiendo esta. <a href=\"https:\/\/solarblech.shop\/es\/product\/solarblech-edelstahl-200x370mm-08mm\/\">Lamina solar<\/a> Acero inoxidable 200\u00d7370 mm.<\/p>\n<p>Chapa solar de ALU o chapa de sellado para tejados de Eternit, tejas y pizarra. (Rombo y muchas otras formas y variantes)<\/p>\n<p>Imprescindible para ellos <a href=\"https:\/\/trendex.at\/\" rel=\"nofollow noopener\" target=\"_blank\">Asamblea<\/a> un sistema fotovoltaico sobre un techo de Eternit y tejas para:<\/p>\n<div>\n<ul>\n<li>Para drenar el agua correctamente<\/li>\n<li>Para distribuir el peso<\/li>\n<li>Conecte el perno de suspensi\u00f3n correctamente<\/li>\n<li>Recubrimiento en polvo posible en todos los colores.<\/li>\n<li>Producci\u00f3n exclusivamente en Austria.<\/li>\n<li>disponible inmediatamente<\/li>\n<li>no desbarbado<\/li>\n<\/ul>\n<\/div>\n<p>En el reverso de la l\u00e1mina hay una junta de caucho celular EPDM de 3 mm. Di\u00e1metro 30-50 mm El sello est\u00e1 incluido y debes pegarlo t\u00fa mismo. De lo contrario, al apilar las l\u00e1minas se aplastar\u00edan las juntas.<\/p>\n<p>Los pernos de suspensi\u00f3n no est\u00e1n incluidos y deben adquirirse por separado.<\/p>\n<p>Palabras clave similares: Plano de pizarra Schletter, losa de reemplazo de pizarra, losa de reemplazo de pizarra met\u00e1lica, losa de montaje, placa de respaldo<\/p>","protected":false},"excerpt":{"rendered":"<p>Spezifikation von ALU Solarblech Aufgrund der gro\u00dfen Nachfrage nach einer g\u00fcnstigeren L\u00f6sung kann ich ab sofort auch zus\u00e4tzliche Solarbleche aus Aluminium &#8222;AlMg3&#8220; 1 mm dick anbieten. Wer eine hochwertige L\u00f6sung aus Edelstahl sucht, empfehle ich die Solarblech 200&#215;370 mm Edelstahl. ALU Solarblech bzw. Dichtungsblech f\u00fcr Eternit, Schindel bis hin zu Schiefer D\u00e4cher. (Rhombus und viele [&hellip;]<\/p>\n","protected":false},"featured_media":2904,"template":"","meta":[],"pwb-brand":[16],"product_brand":[],"product_cat":[52],"product_tag":[],"class_list":{"0":"post-51","1":"product","2":"type-product","3":"status-publish","4":"has-post-thumbnail","6":"pwb-brand-solarblech","7":"product_cat-solarbleche","9":"first","10":"instock","11":"taxable","12":"shipping-taxable","13":"purchasable","14":"product-type-simple"},"brands":[{"id":16,"name":"Lamina solar","slug":"solarblech"}],"_links":{"self":[{"href":"https:\/\/solarblech.shop\/es\/wp-json\/wp\/v2\/product\/51","targetHints":{"allow":["GET"]}}],"collection":[{"href":"https:\/\/solarblech.shop\/es\/wp-json\/wp\/v2\/product"}],"about":[{"href":"https:\/\/solarblech.shop\/es\/wp-json\/wp\/v2\/types\/product"}],"wp:featuredmedia":[{"embeddable":true,"href":"https:\/\/solarblech.shop\/es\/wp-json\/wp\/v2\/media\/2904"}],"wp:attachment":[{"href":"https:\/\/solarblech.shop\/es\/wp-json\/wp\/v2\/media?parent=51"}],"wp:term":[{"taxonomy":"pwb-brand","embeddable":true,"href":"https:\/\/solarblech.shop\/es\/wp-json\/wp\/v2\/pwb-brand?post=51"},{"taxonomy":"product_brand","embeddable":true,"href":"https:\/\/solarblech.shop\/es\/wp-json\/wp\/v2\/product_brand?post=51"},{"taxonomy":"product_cat","embeddable":true,"href":"https:\/\/solarblech.shop\/es\/wp-json\/wp\/v2\/product_cat?post=51"},{"taxonomy":"product_tag","embeddable":true,"href":"https:\/\/solarblech.shop\/es\/wp-json\/wp\/v2\/product_tag?post=51"}],"curies":[{"name":"wp","href":"https:\/\/api.w.org\/{rel}","templated":true}]}}