{"id":1551,"date":"2024-02-04T13:12:35","date_gmt":"2024-02-04T13:12:35","guid":{"rendered":"https:\/\/solarblech.shop\/?post_type=product&#038;p=1551"},"modified":"2026-03-18T16:06:58","modified_gmt":"2026-03-18T14:06:58","slug":"pulverbeschichtung-alu-solarblech-200x370mm-1mm-inkl-dichtring","status":"publish","type":"product","link":"https:\/\/solarblech.shop\/es\/product\/pulverbeschichtung-alu-solarblech-200x370mm-1mm-inkl-dichtring\/","title":{"rendered":"Chapa solar de ALUMINIO con RECUBRIMIENTO EN POLVO 200x370mm 1mm incl."},"content":{"rendered":"<p><strong>ACHTUNG!<\/strong><\/p>\n<ul>\n<li><strong>Bitte unbedingt die gew\u00fcnschte RAL Classic Nummer (4 Ziffern) in das Notizfeld im Warenkorb hinzuf\u00fcgen<\/strong><\/li>\n<\/ul>\n<p><strong>Wichte Hinweise!<\/strong><\/p>\n<ul>\n<li>Bei individuell beschichteten Solarblechen ist leider keine R\u00fccknahme m\u00f6glich.<\/li>\n<li>Die Beschichtung wird extra durchgef\u00fchrt f\u00fcr Sie, Lieferzeit 2 Wochen.<\/li>\n<li>Bei Pulverbeschichtungen gibt es eine Mindestbestellmenge von <strong>25 St\u00fcck. <\/strong>(Mindermengenzuschlag seitens der Beschichtungsfirma)<strong><br \/>\n<\/strong><\/li>\n<\/ul>\n<h5>Spezifikation von Pulverbeschichteten ALU Solarblechen<\/h5>\n<p>Der angegebene Preis ist ein Aluminium Solarblech Standard inklusive Pulverbeschichtung.<\/p>\n<p>El recubrimiento en polvo se puede realizar en todos los colores RAL Classic (c\u00f3digo de 4 d\u00edgitos) en mate. Tenga en cuenta el color RAL deseado.<\/p>\n<p>El recubrimiento en polvo se realiza por ambas caras.<\/p>\n<p>&nbsp;<\/p>\n<p>Chapa solar de ALU o chapa de sellado para tejados de Eternit, tejas y pizarra. (Rombo y muchas otras formas y variantes)<\/p>\n<p>Imprescindible para ellos <a href=\"https:\/\/trendex.at\/\" rel=\"nofollow noopener\" target=\"_blank\">Asamblea<\/a> un sistema fotovoltaico sobre un techo de Eternit y tejas para:<\/p>\n<div>\n<ul>\n<li>Para drenar el agua correctamente<\/li>\n<li>Para distribuir el peso<\/li>\n<li>Conecte el perno de suspensi\u00f3n correctamente<\/li>\n<li>Recubrimiento en polvo posible en todos los colores.<\/li>\n<li>Producci\u00f3n exclusivamente en Austria.<\/li>\n<li>disponible inmediatamente<\/li>\n<li>no desbarbado<\/li>\n<\/ul>\n<\/div>\n<p>En el reverso de la l\u00e1mina hay una junta de caucho celular EPDM de 3 mm. Di\u00e1metro 30-50 mm El sello est\u00e1 incluido y debes pegarlo t\u00fa mismo. De lo contrario, al apilar las l\u00e1minas se aplastar\u00edan las juntas.<\/p>\n<p>Los pernos de suspensi\u00f3n no est\u00e1n incluidos y deben adquirirse por separado.<\/p>","protected":false},"excerpt":{"rendered":"<p>ACHTUNG! Bitte unbedingt die gew\u00fcnschte RAL Classic Nummer (4 Ziffern) in das Notizfeld im Warenkorb hinzuf\u00fcgen Wichte Hinweise! Bei individuell beschichteten Solarblechen ist leider keine R\u00fccknahme m\u00f6glich. Die Beschichtung wird extra durchgef\u00fchrt f\u00fcr Sie, Lieferzeit 2 Wochen. Bei Pulverbeschichtungen gibt es eine Mindestbestellmenge von 25 St\u00fcck. (Mindermengenzuschlag seitens der Beschichtungsfirma) Spezifikation von Pulverbeschichteten ALU Solarblechen [&hellip;]<\/p>\n","protected":false},"featured_media":3084,"template":"","meta":[],"pwb-brand":[16],"product_brand":[],"product_cat":[52],"product_tag":[],"class_list":{"0":"post-1551","1":"product","2":"type-product","3":"status-publish","4":"has-post-thumbnail","6":"pwb-brand-solarblech","7":"product_cat-solarbleche","9":"first","10":"instock","11":"taxable","12":"shipping-taxable","13":"purchasable","14":"product-type-simple"},"brands":[{"id":16,"name":"Lamina solar","slug":"solarblech"}],"_links":{"self":[{"href":"https:\/\/solarblech.shop\/es\/wp-json\/wp\/v2\/product\/1551","targetHints":{"allow":["GET"]}}],"collection":[{"href":"https:\/\/solarblech.shop\/es\/wp-json\/wp\/v2\/product"}],"about":[{"href":"https:\/\/solarblech.shop\/es\/wp-json\/wp\/v2\/types\/product"}],"wp:featuredmedia":[{"embeddable":true,"href":"https:\/\/solarblech.shop\/es\/wp-json\/wp\/v2\/media\/3084"}],"wp:attachment":[{"href":"https:\/\/solarblech.shop\/es\/wp-json\/wp\/v2\/media?parent=1551"}],"wp:term":[{"taxonomy":"pwb-brand","embeddable":true,"href":"https:\/\/solarblech.shop\/es\/wp-json\/wp\/v2\/pwb-brand?post=1551"},{"taxonomy":"product_brand","embeddable":true,"href":"https:\/\/solarblech.shop\/es\/wp-json\/wp\/v2\/product_brand?post=1551"},{"taxonomy":"product_cat","embeddable":true,"href":"https:\/\/solarblech.shop\/es\/wp-json\/wp\/v2\/product_cat?post=1551"},{"taxonomy":"product_tag","embeddable":true,"href":"https:\/\/solarblech.shop\/es\/wp-json\/wp\/v2\/product_tag?post=1551"}],"curies":[{"name":"wp","href":"https:\/\/api.w.org\/{rel}","templated":true}]}}