{"id":140,"date":"2023-11-15T16:42:16","date_gmt":"2023-11-15T16:42:16","guid":{"rendered":"http:\/\/schagerl.online\/?page_id=140"},"modified":"2024-01-08T10:55:36","modified_gmt":"2024-01-08T10:55:36","slug":"montageanleitung","status":"publish","type":"page","link":"https:\/\/solarblech.shop\/es\/montageanleitung\/","title":{"rendered":"Instrucciones de montaje"},"content":{"rendered":"<div data-elementor-type=\"wp-page\" data-elementor-id=\"140\" class=\"elementor elementor-140\">\n\t\t\t\t<div class=\"elementor-element elementor-element-e0da0f1 e-flex e-con-boxed e-con e-parent\" data-id=\"e0da0f1\" data-element_type=\"container\" data-e-type=\"container\">\n\t\t\t\t\t<div class=\"e-con-inner\">\n\t\t<div class=\"elementor-element elementor-element-1324b8f e-con-full e-flex e-con e-child\" data-id=\"1324b8f\" data-element_type=\"container\" data-e-type=\"container\">\n\t\t\t\t<div class=\"elementor-element elementor-element-64a4b52 elementor-widget elementor-widget-video\" data-id=\"64a4b52\" data-element_type=\"widget\" data-e-type=\"widget\" data-settings=\"{&quot;youtube_url&quot;:&quot;https:\\\/\\\/youtu.be\\\/8JjslaCkk4o?si=7MgklePrW2g4tTYk&quot;,&quot;autoplay&quot;:&quot;yes&quot;,&quot;play_on_mobile&quot;:&quot;yes&quot;,&quot;mute&quot;:&quot;yes&quot;,&quot;loop&quot;:&quot;yes&quot;,&quot;video_type&quot;:&quot;youtube&quot;,&quot;controls&quot;:&quot;yes&quot;}\" data-widget_type=\"video.default\">\n\t\t\t\t<div class=\"elementor-widget-container\">\n\t\t\t\t\t\t\t<div class=\"elementor-wrapper elementor-open-inline\">\n\t\t\t<div class=\"elementor-video\"><\/div>\t\t<\/div>\n\t\t\t\t\t\t<\/div>\n\t\t\t\t<\/div>\n\t\t\t\t<div class=\"elementor-element elementor-element-d3d8a14 elementor-hidden-mobile elementor-widget elementor-widget-video\" data-id=\"d3d8a14\" data-element_type=\"widget\" data-e-type=\"widget\" data-settings=\"{&quot;youtube_url&quot;:&quot;https:\\\/\\\/youtu.be\\\/OmYZIBy_sDg?si=-c_qsnXPBBLhDI0O&quot;,&quot;video_type&quot;:&quot;youtube&quot;,&quot;controls&quot;:&quot;yes&quot;}\" data-widget_type=\"video.default\">\n\t\t\t\t<div class=\"elementor-widget-container\">\n\t\t\t\t\t\t\t<div class=\"elementor-wrapper elementor-open-inline\">\n\t\t\t<div class=\"elementor-video\"><\/div>\t\t<\/div>\n\t\t\t\t\t\t<\/div>\n\t\t\t\t<\/div>\n\t\t\t\t<div class=\"elementor-element elementor-element-f0c2cc8 elementor-hidden-mobile elementor-widget elementor-widget-video\" data-id=\"f0c2cc8\" data-element_type=\"widget\" data-e-type=\"widget\" data-settings=\"{&quot;youtube_url&quot;:&quot;https:\\\/\\\/youtu.be\\\/gZE60V7B09U?si=nLfhLZJYIRUQQVHq&quot;,&quot;video_type&quot;:&quot;youtube&quot;,&quot;controls&quot;:&quot;yes&quot;}\" data-widget_type=\"video.default\">\n\t\t\t\t<div class=\"elementor-widget-container\">\n\t\t\t\t\t\t\t<div class=\"elementor-wrapper elementor-open-inline\">\n\t\t\t<div class=\"elementor-video\"><\/div>\t\t<\/div>\n\t\t\t\t\t\t<\/div>\n\t\t\t\t<\/div>\n\t\t\t\t<div class=\"elementor-element elementor-element-1a6cac7 elementor-hidden-mobile elementor-widget elementor-widget-image\" data-id=\"1a6cac7\" data-element_type=\"widget\" data-e-type=\"widget\" data-widget_type=\"image.default\">\n\t\t\t\t<div class=\"elementor-widget-container\">\n\t\t\t\t\t\t\t\t\t\t\t\t\t\t\t<img fetchpriority=\"high\" decoding=\"async\" width=\"640\" height=\"288\" src=\"https:\/\/solarblech.shop\/wp-content\/uploads\/2023\/11\/1670514203802.webp\" class=\"attachment-large size-large wp-image-142\" alt=\"\" srcset=\"https:\/\/solarblech.shop\/wp-content\/uploads\/2023\/11\/1670514203802.webp 640w, https:\/\/solarblech.shop\/wp-content\/uploads\/2023\/11\/1670514203802-300x135.webp 300w, https:\/\/solarblech.shop\/wp-content\/uploads\/2023\/11\/1670514203802-600x270.webp 600w\" sizes=\"(max-width: 640px) 100vw, 640px\" \/>\t\t\t\t\t\t\t\t\t\t\t\t\t\t\t<\/div>\n\t\t\t\t<\/div>\n\t\t\t\t<div class=\"elementor-element elementor-element-c868384 elementor-hidden-mobile elementor-widget elementor-widget-image\" data-id=\"c868384\" data-element_type=\"widget\" data-e-type=\"widget\" data-widget_type=\"image.default\">\n\t\t\t\t<div class=\"elementor-widget-container\">\n\t\t\t\t\t\t\t\t\t\t\t\t\t\t\t<img decoding=\"async\" width=\"575\" height=\"1024\" src=\"https:\/\/solarblech.shop\/wp-content\/uploads\/2023\/11\/1655545895456-575x1024.webp\" class=\"attachment-large size-large wp-image-143\" alt=\"\" srcset=\"https:\/\/solarblech.shop\/wp-content\/uploads\/2023\/11\/1655545895456-575x1024.webp 575w, https:\/\/solarblech.shop\/wp-content\/uploads\/2023\/11\/1655545895456-300x534.webp 300w, https:\/\/solarblech.shop\/wp-content\/uploads\/2023\/11\/1655545895456-600x1068.webp 600w, https:\/\/solarblech.shop\/wp-content\/uploads\/2023\/11\/1655545895456-169x300.webp 169w, https:\/\/solarblech.shop\/wp-content\/uploads\/2023\/11\/1655545895456.webp 640w\" sizes=\"(max-width: 575px) 100vw, 575px\" \/>\t\t\t\t\t\t\t\t\t\t\t\t\t\t\t<\/div>\n\t\t\t\t<\/div>\n\t\t\t\t<\/div>\n\t\t<div class=\"elementor-element elementor-element-c3a1462 e-flex e-con-boxed e-con e-child\" data-id=\"c3a1462\" data-element_type=\"container\" data-e-type=\"container\" data-settings=\"{&quot;background_background&quot;:&quot;classic&quot;}\">\n\t\t\t\t\t<div class=\"e-con-inner\">\n\t\t\t\t<div class=\"elementor-element elementor-element-8401a91 elementor-widget elementor-widget-heading\" data-id=\"8401a91\" data-element_type=\"widget\" data-e-type=\"widget\" data-widget_type=\"heading.default\">\n\t\t\t\t<div class=\"elementor-widget-container\">\n\t\t\t\t\t<h2 class=\"elementor-heading-title elementor-size-default\">Instrucciones de montaje<\/h2>\t\t\t\t<\/div>\n\t\t\t\t<\/div>\n\t\t\t\t<div class=\"elementor-element elementor-element-61f5f64 elementor-widget elementor-widget-text-editor\" data-id=\"61f5f64\" data-element_type=\"widget\" data-e-type=\"widget\" data-widget_type=\"text-editor.default\">\n\t\t\t\t<div class=\"elementor-widget-container\">\n\t\t\t\t\t\t\t\t\t<ul class=\"color_15 font_8 wixui-rich-text__text\"><li class=\"wixui-rich-text__text\"><p class=\"font_8 wixui-rich-text__text\"><span class=\"wixui-rich-text__text\"><span class=\"color_15 wixui-rich-text__text\">El primer paso es limpiar el techo de musgo y suciedad. Lo mejor es utilizar una escoba de calle convencional.<\/span><\/span><\/p><\/li><\/ul><ul class=\"color_15 font_8 wixui-rich-text__text\"><li class=\"wixui-rich-text__text\"><p class=\"font_8 wixui-rich-text__text\"><span class=\"wixui-rich-text__text\">A continuaci\u00f3n se deben marcar los puntos de los agujeros en el techo. Dependiendo de si se ven las vigas desde dentro o no, esta puede ser la parte m\u00e1s tediosa, lo mejor es marcarlas con un\u00a0<span style=\"text-decoration: underline;\"><a class=\"wixui-rich-text__text\" href=\"https:\/\/amzn.to\/3B8SgVR\" target=\"_blank\" rel=\"noreferrer noopener nofollow\">L\u00ednea de tiza, con tiza.<\/a><\/span>\u00a0y uno\u00a0<span style=\"text-decoration: underline;\"><a class=\"wixui-rich-text__text\" href=\"https:\/\/amzn.to\/3cjW1xe\" target=\"_blank\" rel=\"noreferrer noopener nofollow\">marcador de tiza profesional<\/a>.<\/span> Como consejo, recomiendo abrir la cumbrera del techo. tengo uno para esto\u00a0<a class=\"wixui-rich-text__text\" href=\"https:\/\/www.youtube.com\/watch?v=OmYZIBy_sDg\" target=\"_blank\" rel=\"noreferrer noopener nofollow\">Video de Youtube<\/a> girado, tal vez te ayude.<\/span><\/p><\/li><\/ul><ul class=\"color_15 font_8 wixui-rich-text__text\"><li class=\"wixui-rich-text__text\"><p class=\"font_8 wixui-rich-text__text\"><span class=\"wixui-rich-text__text\">Los puntos de perforaci\u00f3n deben realizarse directamente encima del list\u00f3n transversal del tejado. Por donde corren los listones del techo<\/span>\u00a0Puedes reconocerlos por las puntas de los clavos en las placas Eternit.<\/p><\/li><\/ul>\t\t\t\t\t\t\t\t<\/div>\n\t\t\t\t<\/div>\n\t\t<div class=\"elementor-element elementor-element-ac0c941 e-flex e-con-boxed e-con e-child\" data-id=\"ac0c941\" data-element_type=\"container\" data-e-type=\"container\" data-settings=\"{&quot;background_background&quot;:&quot;classic&quot;}\">\n\t\t\t\t\t<div class=\"e-con-inner\">\n\t\t\t\t<div class=\"elementor-element elementor-element-d44a383 elementor-widget elementor-widget-text-editor\" data-id=\"d44a383\" data-element_type=\"widget\" data-e-type=\"widget\" data-widget_type=\"text-editor.default\">\n\t\t\t\t<div class=\"elementor-widget-container\">\n\t\t\t\t\t\t\t\t\t<p>Gr\u00e1fico: \u00a9 baulinks.de 2014<\/p>\t\t\t\t\t\t\t\t<\/div>\n\t\t\t\t<\/div>\n\t\t\t\t\t<\/div>\n\t\t\t\t<\/div>\n\t\t\t\t<div class=\"elementor-element elementor-element-b942358 elementor-widget elementor-widget-text-editor\" data-id=\"b942358\" data-element_type=\"widget\" data-e-type=\"widget\" data-widget_type=\"text-editor.default\">\n\t\t\t\t<div class=\"elementor-widget-container\">\n\t\t\t\t\t\t\t\t\t<ul class=\"font_8 wixui-rich-text__text\"><li class=\"wixui-rich-text__text\"><p class=\"font_8 wixui-rich-text__text\"><span class=\"wixui-rich-text__text\">Despu\u00e9s del marcado, se puede comenzar a perforar. Los propios paneles Eternit vienen con un\u00a0<\/span><span class=\"wixui-rich-text__text\">gran taladro<\/span><span class=\"wixui-rich-text__text\"> taladrado para que el perno de suspensi\u00f3n no toque los paneles laterales del techo. Se recomienda perforar 5 mm m\u00e1s grande que el di\u00e1metro del perno de suspensi\u00f3n. La junta de EPDM (caucho celular) debe descansar necesariamente sobre la placa Eternit. A continuaci\u00f3n, se perfora previamente la propia viga de madera con un taladro m\u00e1s peque\u00f1o, dependiendo del di\u00e1metro del tornillo de suspensi\u00f3n.<\/span><\/p><\/li><\/ul><ul class=\"font_8 wixui-rich-text__text\"><li class=\"wixui-rich-text__text\"><p class=\"font_8 wixui-rich-text__text\"><span class=\"wixui-rich-text__text\">La junta de caucho celular EPDM de 50 mm debe ser pegada por el cliente a la parte posterior de la chapa. Desafortunadamente, no es posible pegarlos en f\u00e1brica porque el sello se rompe cuando se env\u00edan los paneles solares.<\/span><\/p><\/li><\/ul><ul class=\"font_8 wixui-rich-text__text\"><li class=\"wixui-rich-text__text\"><p class=\"font_8 wixui-rich-text__text\"><span class=\"wixui-rich-text__text\">A continuaci\u00f3n, los paneles solares se pueden insertar desde abajo. Vea la foto de arriba nuevamente. A veces la chapa no se puede introducir completamente. Las manchas de clavos en las placas superiores rara vez interfieren. El panel solar entonces pertenece as\u00ed\u00a0<a class=\"wixui-rich-text__text\" href=\"https:\/\/youtu.be\/8JjslaCkk4o?si=7MgklePrW2g4tTYk\" target=\"_blank\" rel=\"noreferrer noopener nofollow\"><span style=\"text-decoration: underline;\">Video<\/span><\/a>\u00a0mostrado con uno\u00a0<span style=\"text-decoration: underline;\"><a class=\"wixui-rich-text__text\" href=\"https:\/\/amzn.to\/3T2GdiU\" target=\"_blank\" rel=\"noreferrer noopener nofollow\">amoladora angular<\/a><\/span> acortado.<\/span><\/p><\/li><\/ul><ul class=\"font_8 wixui-rich-text__text\"><li class=\"wixui-rich-text__text\"><p class=\"font_8 wixui-rich-text__text\"><span class=\"wixui-rich-text__text\">Tenga en cuenta que puede suceder que no todas las l\u00e1minas queden completamente sobre el techo. Puede estar a unos mil\u00edmetros del techo. Eso no importa. Es importante que el anillo de sellado est\u00e9 en su lugar. Si la distancia es demasiado grande, presione brevemente la chapa con la mano.<\/span><\/p><\/li><li class=\"wixui-rich-text__text\"><p class=\"font_8 wixui-rich-text__text\"><span class=\"wixui-rich-text__text\">El \u00faltimo paso es atornillar el perno de suspensi\u00f3n y apretar la tuerca con el sello de goma. El perno de suspensi\u00f3n viene con un\u00a0<a class=\"wixui-rich-text__text\" href=\"https:\/\/amzn.to\/3PwersY\" target=\"_blank\" rel=\"noreferrer noopener nofollow\"><span style=\"text-decoration: underline;\">trinquete<\/span><\/a>\u00a0o\u00a0<span style=\"text-decoration: underline;\"><a class=\"wixui-rich-text__text\" href=\"https:\/\/amzn.to\/3o3e9xZ\" target=\"_blank\" rel=\"noreferrer noopener nofollow\">taladro fuerte<\/a>\u00a0<\/span>atornillado. La junta de goma no se debe enroscar demasiado. Seg\u00fan el fabricante, la junta de EPDM (caucho celular) debe presionarse aproximadamente 1\/3.<\/span><\/p><\/li><\/ul>\t\t\t\t\t\t\t\t<\/div>\n\t\t\t\t<\/div>\n\t\t\t\t<div class=\"elementor-element elementor-element-5b58226 elementor-widget elementor-widget-text-editor\" data-id=\"5b58226\" data-element_type=\"widget\" data-e-type=\"widget\" data-widget_type=\"text-editor.default\">\n\t\t\t\t<div class=\"elementor-widget-container\">\n\t\t\t\t\t\t\t\t\t<p class=\"font_8 wixui-rich-text__text\"><span class=\"wixui-rich-text__text\">Nota: No asumo ninguna responsabilidad por la actualidad, exactitud o integridad de la informaci\u00f3n.<\/span><\/p><p class=\"font_8 wixui-rich-text__text\"><span class=\"wixui-rich-text__text\"><span class=\"color_15 wixui-rich-text__text\">*Como asociado de Amazon, gano con las ventas que califican. Gracias<\/span><\/span><\/p>\t\t\t\t\t\t\t\t<\/div>\n\t\t\t\t<\/div>\n\t\t\t\t\t<\/div>\n\t\t\t\t<\/div>\n\t\t\t\t\t<\/div>\n\t\t\t\t<\/div>\n\t\t\t\t<\/div>","protected":false},"excerpt":{"rendered":"<p>Montageanleitung Als Erstes geh\u00f6rt das Dach von Moos und Verunreinigungen gereinigt. Am Besten wird dazu ein herk\u00f6mmlicher Stra\u00dfenbesen verwendet. Anschlie\u00dfend m\u00fcssen die Punkte der Bohrungen am Dach angezeichnet werden. Je nachdem, ob man die Dachsparren von innen sieht oder nicht, ist das mitunter der langwierigste Part. Angezeichnet wird am besten mit einer\u00a0Schlagschnur, mit Kreide\u00a0und einem\u00a0professionellen [&hellip;]<\/p>\n","protected":false},"author":1,"featured_media":0,"parent":0,"menu_order":2,"comment_status":"closed","ping_status":"closed","template":"elementor_header_footer","meta":{"footnotes":""},"class_list":["post-140","page","type-page","status-publish","hentry"],"_links":{"self":[{"href":"https:\/\/solarblech.shop\/es\/wp-json\/wp\/v2\/pages\/140","targetHints":{"allow":["GET"]}}],"collection":[{"href":"https:\/\/solarblech.shop\/es\/wp-json\/wp\/v2\/pages"}],"about":[{"href":"https:\/\/solarblech.shop\/es\/wp-json\/wp\/v2\/types\/page"}],"author":[{"embeddable":true,"href":"https:\/\/solarblech.shop\/es\/wp-json\/wp\/v2\/users\/1"}],"replies":[{"embeddable":true,"href":"https:\/\/solarblech.shop\/es\/wp-json\/wp\/v2\/comments?post=140"}],"version-history":[{"count":6,"href":"https:\/\/solarblech.shop\/es\/wp-json\/wp\/v2\/pages\/140\/revisions"}],"predecessor-version":[{"id":1465,"href":"https:\/\/solarblech.shop\/es\/wp-json\/wp\/v2\/pages\/140\/revisions\/1465"}],"wp:attachment":[{"href":"https:\/\/solarblech.shop\/es\/wp-json\/wp\/v2\/media?parent=140"}],"curies":[{"name":"wp","href":"https:\/\/api.w.org\/{rel}","templated":true}]}}