{"id":68,"date":"2023-11-14T13:42:22","date_gmt":"2023-11-14T13:42:22","guid":{"rendered":"http:\/\/schagerl.online\/product\/flanschgehause-ip65-inkl-dichtung-und-tullen-in-grose-20-25-und-32mm\/"},"modified":"2025-04-15T20:01:30","modified_gmt":"2025-04-15T18:01:30","slug":"flanschgehaeuse-ip65-inkl-dichtung","status":"publish","type":"product","link":"https:\/\/solarblech.shop\/en\/product\/flanschgehaeuse-ip65-inkl-dichtung\/","title":{"rendered":"Flange housing IP65 including seal and grommets in sizes 20, 25 and 32mm"},"content":{"rendered":"<h5>IP65 protection flange housing.<\/h5>\n<p>Included in the set:<\/p>\n<ul>\n<li>90\u00b0 flange housing the protection doctor IP65<\/li>\n<li>3x nozzle inserts for 20, 25 and 32 mm hoses<\/li>\n<li>Stainless steel screws and nuts for attaching the flange to sheets<\/li>\n<li>EPDM seal on the bottom.<\/li>\n<\/ul>\n<p>Properties: UV-resistant, silicone-free, halogen-free, vibration-proof.<\/p>\n<ul>\n<li>Diameter of nozzles: 20, 25 and 32 mm<\/li>\n<li>Length: 79.8mm<\/li>\n<li>Width: 80mm<\/li>\n<li>Height: 57.5mm<\/li>\n<li><a href=\"https:\/\/www.aundu.at\/\" rel=\"nofollow noopener\" target=\"_blank\">Installation height<\/a>: 57.5mm<\/li>\n<li>Number of screw holes: 4<\/li>\n<li>Screw hole diameter: 5.5 mm<\/li>\n<li>Material screws: <a href=\"https:\/\/solarblech.shop\/en\/product\/solarblech-edelstahl-200x370mm-08mm\/\">stainless steel<\/a>, V2A<\/li>\n<\/ul>","protected":false},"excerpt":{"rendered":"<p>Flanschgeh\u00e4use der Schutzarzt IP65. Im Set enthalten: 90\u00b0 Flanschgehause der Schutzarzt IP65 3x T\u00fclleneinsatz f\u00fcr 20, 25 und 32 mm Schl\u00e4uche Edelstahlschrauben und Muttern zum Befestigen des Flansch auf Blechen EPDM Dichtung an der Unterseite. Eigenschaften: UV-Best\u00e4ndig, silikonfrei, halogenfrei, Vibrationssicher. Durchmesser T\u00fcllen: 20, 25 und 32 mm L\u00e4nge: 79,8 mm Breite: 80 mm H\u00f6he: 57,5 [&hellip;]<\/p>\n","protected":false},"featured_media":829,"template":"","meta":[],"pwb-brand":[],"product_brand":[],"product_cat":[49],"product_tag":[],"class_list":{"0":"post-68","1":"product","2":"type-product","3":"status-publish","4":"has-post-thumbnail","6":"product_cat-kabeleinfuehrungen-und-flansche","8":"first","9":"instock","10":"taxable","11":"shipping-taxable","12":"purchasable","13":"product-type-simple"},"brands":[],"_links":{"self":[{"href":"https:\/\/solarblech.shop\/en\/wp-json\/wp\/v2\/product\/68","targetHints":{"allow":["GET"]}}],"collection":[{"href":"https:\/\/solarblech.shop\/en\/wp-json\/wp\/v2\/product"}],"about":[{"href":"https:\/\/solarblech.shop\/en\/wp-json\/wp\/v2\/types\/product"}],"wp:featuredmedia":[{"embeddable":true,"href":"https:\/\/solarblech.shop\/en\/wp-json\/wp\/v2\/media\/829"}],"wp:attachment":[{"href":"https:\/\/solarblech.shop\/en\/wp-json\/wp\/v2\/media?parent=68"}],"wp:term":[{"taxonomy":"pwb-brand","embeddable":true,"href":"https:\/\/solarblech.shop\/en\/wp-json\/wp\/v2\/pwb-brand?post=68"},{"taxonomy":"product_brand","embeddable":true,"href":"https:\/\/solarblech.shop\/en\/wp-json\/wp\/v2\/product_brand?post=68"},{"taxonomy":"product_cat","embeddable":true,"href":"https:\/\/solarblech.shop\/en\/wp-json\/wp\/v2\/product_cat?post=68"},{"taxonomy":"product_tag","embeddable":true,"href":"https:\/\/solarblech.shop\/en\/wp-json\/wp\/v2\/product_tag?post=68"}],"curies":[{"name":"wp","href":"https:\/\/api.w.org\/{rel}","templated":true}]}}