{"id":66,"date":"2023-11-14T13:42:22","date_gmt":"2023-11-14T13:42:22","guid":{"rendered":"http:\/\/schagerl.online\/product\/solarblech-sondermas-200x590mm-08mm-inkl-dichtring-v2a\/"},"modified":"2026-03-03T12:25:56","modified_gmt":"2026-03-03T10:25:56","slug":"solarblech-sondermass-590-x-200-mm","status":"publish","type":"product","link":"https:\/\/solarblech.shop\/en\/product\/solarblech-sondermass-590-x-200-mm\/","title":{"rendered":"Solar sheet special size 590 x 200 mm including sealing ring"},"content":{"rendered":"<h5>Solar sheet special size 590 x 200 mm for large panels<\/h5>\n<p>A must for them <a href=\"http:\/\/www.esz.at\/\" rel=\"nofollow noopener\" target=\"_blank\">Assembly<\/a> a photovoltaic system on an Eternit and shingle roof to:<\/p>\n<div>\n<div>\n<div>\n<ul>\n<li>Prevent the roof panels from breaking<\/li>\n<li>To drain the water properly<\/li>\n<li>To distribute the weight<\/li>\n<li>Connect the hanger bolt correctly<\/li>\n<li>Particularly robust because it is 0.8 mm thick<\/li>\n<li>Stainless <a href=\"https:\/\/solarblech.shop\/en\/product\/alu-solarblech-200x370mm\/\">stainless steel<\/a> (V2A)<\/li>\n<li>Powder coating possible in all colors<\/li>\n<li>Production exclusively in Austria<\/li>\n<li>available immediately<\/li>\n<\/ul>\n<\/div>\n<\/div>\n<\/div>\n<p>There is a 3 mm EPDM cellular rubber seal on the back of the sheet. Diameter 30-50mm The seal is included and must be stuck on yourself. Stacking the sheets would otherwise crush the seals.<\/p>\n<p>The hanger bolts are not included and must be purchased separately.<\/p>","protected":false},"excerpt":{"rendered":"<p>Solarblech Sonderma\u00df 590 x 200 mm f\u00fcr gro\u00dfe Platten Ein Muss f\u00fcr die Montage einer Photovoltaik Anlage auf einem Eternit und Schindel Dach um: Ein Brechen der Dachplatten verhindern Das Wasser richtig abzuleiten Das Gewicht zu verteilen Die Stockschraube richtig anzubinden Besonders robust, weil 0,8 mm dick Rostfreier Edelstahl (V2A) Pulverbeschichtung in allen Farben m\u00f6glich [&hellip;]<\/p>\n","protected":false},"featured_media":987,"template":"","meta":[],"pwb-brand":[16],"product_brand":[],"product_cat":[52],"product_tag":[],"class_list":{"0":"post-66","1":"product","2":"type-product","3":"status-publish","4":"has-post-thumbnail","6":"pwb-brand-solarblech","7":"product_cat-solarbleche","9":"first","10":"instock","11":"taxable","12":"shipping-taxable","13":"purchasable","14":"product-type-variable","15":"has-default-attributes"},"brands":[{"id":16,"name":"Solar sheet","slug":"solarblech"}],"_links":{"self":[{"href":"https:\/\/solarblech.shop\/en\/wp-json\/wp\/v2\/product\/66","targetHints":{"allow":["GET"]}}],"collection":[{"href":"https:\/\/solarblech.shop\/en\/wp-json\/wp\/v2\/product"}],"about":[{"href":"https:\/\/solarblech.shop\/en\/wp-json\/wp\/v2\/types\/product"}],"wp:featuredmedia":[{"embeddable":true,"href":"https:\/\/solarblech.shop\/en\/wp-json\/wp\/v2\/media\/987"}],"wp:attachment":[{"href":"https:\/\/solarblech.shop\/en\/wp-json\/wp\/v2\/media?parent=66"}],"wp:term":[{"taxonomy":"pwb-brand","embeddable":true,"href":"https:\/\/solarblech.shop\/en\/wp-json\/wp\/v2\/pwb-brand?post=66"},{"taxonomy":"product_brand","embeddable":true,"href":"https:\/\/solarblech.shop\/en\/wp-json\/wp\/v2\/product_brand?post=66"},{"taxonomy":"product_cat","embeddable":true,"href":"https:\/\/solarblech.shop\/en\/wp-json\/wp\/v2\/product_cat?post=66"},{"taxonomy":"product_tag","embeddable":true,"href":"https:\/\/solarblech.shop\/en\/wp-json\/wp\/v2\/product_tag?post=66"}],"curies":[{"name":"wp","href":"https:\/\/api.w.org\/{rel}","templated":true}]}}